{"id":5161,"date":"2025-05-19T06:45:53","date_gmt":"2025-05-19T06:45:53","guid":{"rendered":"https:\/\/www.dxnwellness.eu\/es\/product\/dxn-zhi-mocha\/"},"modified":"2025-05-23T00:32:12","modified_gmt":"2025-05-23T00:32:12","slug":"dxn-zhi-mocha","status":"publish","type":"product","link":"https:\/\/www.dxnwellness.eu\/es\/product\/dxn-zhi-mocha\/","title":{"rendered":"DXN Zhi Mocha"},"content":{"rendered":"<p>DXN Zhi Mocha es el capricho perfecto para los amantes del caf\u00e9 y el cacao. Esta rica y arom\u00e1tica mezcla combina caf\u00e9 en polvo premium, polvo de Ganoderma lucidum, cacao en polvo, az\u00facar de ca\u00f1a, extracto de cebada malteada, leche desnatada en polvo y crema vegetal para crear una bebida suave y cremosa que satisface tanto tus antojos de caf\u00e9 como tu gusto por lo dulce. Para el equilibrio perfecto entre caf\u00e9 y cacao con los beneficios adicionales del Ganoderma, \u00a1DXN Zhi Mocha es la deliciosa bebida que disfrutar\u00e1s todos los d\u00edas!<br \/>\nMezcla Perfecta: Una lujosa fusi\u00f3n de sabores de caf\u00e9 y cacao, enriquecida con las propiedades nutritivas del Ganoderma lucidum. Cremoso y placentero: La adici\u00f3n de leche en polvo y crema vegetal crea una textura rica y cremosa que hace que cada sorbo sea un deleite. Dulzura equilibrada: Endulzado con az\u00facar de ca\u00f1a natural, proporciona un sabor equilibrado y suave sin ser abrumador.Preparaci\u00f3n: Vierta el contenido de 1 sobre (21 g) en una taza y m\u00e9zclelo con 200 ml de agua caliente. Ajuste la intensidad a su gusto variando la proporci\u00f3n de caf\u00e9 y agua.<\/p>\n","protected":false},"excerpt":{"rendered":"<p>DXN Zhi Mocha es el capricho perfecto para los amantes del caf\u00e9 y el cacao. Esta rica y arom\u00e1tica mezcla combina caf\u00e9 en polvo premium, polvo de Ganoderma lucidum, cacao en polvo, az\u00facar de ca\u00f1a, extracto de cebada malteada, leche desnatada en polvo y crema vegetal para crear una bebida suave y cremosa que satisface [&hellip;]<\/p>\n","protected":false},"featured_media":5497,"comment_status":"open","ping_status":"closed","template":"","meta":{"_acf_changed":false},"product_brand":[],"product_cat":[316],"product_tag":[],"class_list":{"0":"post-5161","1":"product","2":"type-product","3":"status-publish","4":"has-post-thumbnail","6":"product_cat-cafe","7":"pa_package-20-sobres-x-21-g","8":"pa_package-mega-pack-1-kg","10":"first","11":"instock","12":"purchasable","13":"product-type-variable"},"acf":[],"_links":{"self":[{"href":"https:\/\/www.dxnwellness.eu\/es\/wp-json\/wp\/v2\/product\/5161","targetHints":{"allow":["GET"]}}],"collection":[{"href":"https:\/\/www.dxnwellness.eu\/es\/wp-json\/wp\/v2\/product"}],"about":[{"href":"https:\/\/www.dxnwellness.eu\/es\/wp-json\/wp\/v2\/types\/product"}],"replies":[{"embeddable":true,"href":"https:\/\/www.dxnwellness.eu\/es\/wp-json\/wp\/v2\/comments?post=5161"}],"wp:featuredmedia":[{"embeddable":true,"href":"https:\/\/www.dxnwellness.eu\/es\/wp-json\/wp\/v2\/media\/5497"}],"wp:attachment":[{"href":"https:\/\/www.dxnwellness.eu\/es\/wp-json\/wp\/v2\/media?parent=5161"}],"wp:term":[{"taxonomy":"product_brand","embeddable":true,"href":"https:\/\/www.dxnwellness.eu\/es\/wp-json\/wp\/v2\/product_brand?post=5161"},{"taxonomy":"product_cat","embeddable":true,"href":"https:\/\/www.dxnwellness.eu\/es\/wp-json\/wp\/v2\/product_cat?post=5161"},{"taxonomy":"product_tag","embeddable":true,"href":"https:\/\/www.dxnwellness.eu\/es\/wp-json\/wp\/v2\/product_tag?post=5161"}],"curies":[{"name":"wp","href":"https:\/\/api.w.org\/{rel}","templated":true}]}}