{"id":5158,"date":"2025-05-19T06:45:53","date_gmt":"2025-05-19T06:45:53","guid":{"rendered":"https:\/\/www.dxnwellness.eu\/es\/product\/dxn-lingzhi-3in1-eu-coffee\/"},"modified":"2025-05-23T00:32:12","modified_gmt":"2025-05-23T00:32:12","slug":"dxn-lingzhi-3in1-eu-coffee","status":"publish","type":"product","link":"https:\/\/www.dxnwellness.eu\/es\/product\/dxn-lingzhi-3in1-eu-coffee\/","title":{"rendered":"DXN Lingzhi 3in1 EU Coffee"},"content":{"rendered":"<p>El Caf\u00e9 DXN Lingzhi 3 en 1 EU ofrece la combinaci\u00f3n perfecta de caf\u00e9 en polvo, crema vegetal, az\u00facar de ca\u00f1a y polvo de Ganoderma lucidum. Esta pr\u00e1ctica mezcla 3 en 1 ofrece un sabor rico y arom\u00e1tico con una textura suave y cremosa que podr\u00e1s disfrutar en cualquier momento del d\u00eda. Ya sea para empezar el d\u00eda o para un descanso del mediod\u00eda, este caf\u00e9 es r\u00e1pido, f\u00e1cil y saciante. Disfruta de la comodidad y el sabor reconfortante del Caf\u00e9 DXN Lingzhi 3 en 1 EU: \u00a1tu caf\u00e9 predilecto para un descanso r\u00e1pido, delicioso y saludable!<br \/>\nMezcla equilibrada: Disfruta de la armoniosa combinaci\u00f3n de caf\u00e9, cremosidad y dulzura, con el beneficio adicional del Ganoderma lucidum. Pr\u00e1ctico: Perfecto para d\u00edas ajetreados: solo mezcla y disfruta de una deliciosa taza de caf\u00e9 en segundos. Sabor natural: Un caf\u00e9 suave y sabroso sin complicaciones. Consi\u00e9ntete con un caf\u00e9 cremoso y delicioso con DXN Cream Coffee: \u00a1la opci\u00f3n perfecta para una pausa de caf\u00e9 suave y saludable!<\/p>\n","protected":false},"excerpt":{"rendered":"<p>El Caf\u00e9 DXN Lingzhi 3 en 1 EU ofrece la combinaci\u00f3n perfecta de caf\u00e9 en polvo, crema vegetal, az\u00facar de ca\u00f1a y polvo de Ganoderma lucidum. Esta pr\u00e1ctica mezcla 3 en 1 ofrece un sabor rico y arom\u00e1tico con una textura suave y cremosa que podr\u00e1s disfrutar en cualquier momento del d\u00eda. Ya sea para [&hellip;]<\/p>\n","protected":false},"featured_media":5391,"comment_status":"open","ping_status":"closed","template":"","meta":{"_acf_changed":false},"product_brand":[],"product_cat":[316],"product_tag":[],"class_list":{"0":"post-5158","1":"product","2":"type-product","3":"status-publish","4":"has-post-thumbnail","6":"product_cat-cafe","7":"pa_package-20-sobres-x-21-g","8":"pa_package-mega-pack-1-kg","10":"first","11":"instock","12":"purchasable","13":"product-type-variable"},"acf":[],"_links":{"self":[{"href":"https:\/\/www.dxnwellness.eu\/es\/wp-json\/wp\/v2\/product\/5158","targetHints":{"allow":["GET"]}}],"collection":[{"href":"https:\/\/www.dxnwellness.eu\/es\/wp-json\/wp\/v2\/product"}],"about":[{"href":"https:\/\/www.dxnwellness.eu\/es\/wp-json\/wp\/v2\/types\/product"}],"replies":[{"embeddable":true,"href":"https:\/\/www.dxnwellness.eu\/es\/wp-json\/wp\/v2\/comments?post=5158"}],"wp:featuredmedia":[{"embeddable":true,"href":"https:\/\/www.dxnwellness.eu\/es\/wp-json\/wp\/v2\/media\/5391"}],"wp:attachment":[{"href":"https:\/\/www.dxnwellness.eu\/es\/wp-json\/wp\/v2\/media?parent=5158"}],"wp:term":[{"taxonomy":"product_brand","embeddable":true,"href":"https:\/\/www.dxnwellness.eu\/es\/wp-json\/wp\/v2\/product_brand?post=5158"},{"taxonomy":"product_cat","embeddable":true,"href":"https:\/\/www.dxnwellness.eu\/es\/wp-json\/wp\/v2\/product_cat?post=5158"},{"taxonomy":"product_tag","embeddable":true,"href":"https:\/\/www.dxnwellness.eu\/es\/wp-json\/wp\/v2\/product_tag?post=5158"}],"curies":[{"name":"wp","href":"https:\/\/api.w.org\/{rel}","templated":true}]}}