{"id":5156,"date":"2025-05-19T06:45:53","date_gmt":"2025-05-19T06:45:53","guid":{"rendered":"https:\/\/www.dxnwellness.eu\/es\/product\/dxn-cream-coffee\/"},"modified":"2025-05-23T00:32:09","modified_gmt":"2025-05-23T00:32:09","slug":"dxn-cream-coffee","status":"publish","type":"product","link":"https:\/\/www.dxnwellness.eu\/es\/product\/dxn-cream-coffee\/","title":{"rendered":"DXN Cream Coffee"},"content":{"rendered":"<p>DXN Cream Coffee es una mezcla de caf\u00e9 premium que combina la suavidad de la crema vegetal con los beneficios nutritivos del polvo de Ganoderma lucidum. Disfruta de un caf\u00e9 cremoso y con cuerpo sin az\u00facar a\u00f1adido, ideal para quienes buscan un caf\u00e9 sabroso y saludable. Consi\u00e9ntete con un caf\u00e9 deliciosamente cremoso con DXN Cream Coffee: \u00a1la opci\u00f3n perfecta para una pausa de caf\u00e9 suave y saludable!<br \/>\nRico y cremoso: Un caf\u00e9 suave, con cuerpo y una textura cremosa, gracias a la crema vegetal. Infusionado con Ganoderma: Cada taza est\u00e1 enriquecida con polvo de Ganoderma lucidum, lo que ofrece una experiencia \u00fanica. Bajo en az\u00facar: Disfruta del sabor natural del caf\u00e9 con menos az\u00facar que los caf\u00e9s tradicionales 3 en 1, ideal para quienes buscan un estilo de vida activo. Preparaci\u00f3n: Vierte el contenido de 1 sobre (14 g) en una taza y m\u00e9zclalo con 200 ml de agua caliente. Ajusta la intensidad variando la proporci\u00f3n de caf\u00e9 y agua seg\u00fan tus preferencias.<\/p>\n","protected":false},"excerpt":{"rendered":"<p>DXN Cream Coffee es una mezcla de caf\u00e9 premium que combina la suavidad de la crema vegetal con los beneficios nutritivos del polvo de Ganoderma lucidum. Disfruta de un caf\u00e9 cremoso y con cuerpo sin az\u00facar a\u00f1adido, ideal para quienes buscan un caf\u00e9 sabroso y saludable. Consi\u00e9ntete con un caf\u00e9 deliciosamente cremoso con DXN Cream [&hellip;]<\/p>\n","protected":false},"featured_media":5390,"comment_status":"open","ping_status":"closed","template":"","meta":{"_acf_changed":false},"product_brand":[],"product_cat":[316],"product_tag":[],"class_list":{"0":"post-5156","1":"product","2":"type-product","3":"status-publish","4":"has-post-thumbnail","6":"product_cat-cafe","7":"pa_package-20-sobres-x-14-g","9":"first","10":"instock","11":"purchasable","12":"product-type-simple"},"acf":[],"_links":{"self":[{"href":"https:\/\/www.dxnwellness.eu\/es\/wp-json\/wp\/v2\/product\/5156","targetHints":{"allow":["GET"]}}],"collection":[{"href":"https:\/\/www.dxnwellness.eu\/es\/wp-json\/wp\/v2\/product"}],"about":[{"href":"https:\/\/www.dxnwellness.eu\/es\/wp-json\/wp\/v2\/types\/product"}],"replies":[{"embeddable":true,"href":"https:\/\/www.dxnwellness.eu\/es\/wp-json\/wp\/v2\/comments?post=5156"}],"wp:featuredmedia":[{"embeddable":true,"href":"https:\/\/www.dxnwellness.eu\/es\/wp-json\/wp\/v2\/media\/5390"}],"wp:attachment":[{"href":"https:\/\/www.dxnwellness.eu\/es\/wp-json\/wp\/v2\/media?parent=5156"}],"wp:term":[{"taxonomy":"product_brand","embeddable":true,"href":"https:\/\/www.dxnwellness.eu\/es\/wp-json\/wp\/v2\/product_brand?post=5156"},{"taxonomy":"product_cat","embeddable":true,"href":"https:\/\/www.dxnwellness.eu\/es\/wp-json\/wp\/v2\/product_cat?post=5156"},{"taxonomy":"product_tag","embeddable":true,"href":"https:\/\/www.dxnwellness.eu\/es\/wp-json\/wp\/v2\/product_tag?post=5156"}],"curies":[{"name":"wp","href":"https:\/\/api.w.org\/{rel}","templated":true}]}}