{"id":5148,"date":"2025-05-19T06:45:53","date_gmt":"2025-05-19T06:45:53","guid":{"rendered":"https:\/\/www.dxnwellness.eu\/es\/product\/dxn-fermented-apple-drink\/"},"modified":"2025-05-23T00:32:09","modified_gmt":"2025-05-23T00:32:09","slug":"dxn-fermented-apple-drink","status":"publish","type":"product","link":"https:\/\/www.dxnwellness.eu\/es\/product\/dxn-fermented-apple-drink\/","title":{"rendered":"DXN Fermented Apple Drink"},"content":{"rendered":"<p>La Bebida de Manzana Fermentada DXN es una bebida deliciosa y refrescante hecha con manzanas fermentadas. Esta bebida natural combina las bondades de la manzana con un sabor suave y \u00e1cido, perfecto para disfrutar a cualquier hora del d\u00eda.<br \/>\nExperiencia refrescante: Disfruta del dulce aroma a manzana, al que a\u00f1adimos lim\u00f3n \u00e1cido para una experiencia de sabor armoniosa y refrescante. Naturalmente deliciosa: Una bebida fermentada y sabrosa que ofrece los beneficios de la manzana en cada sorbo.<\/p>\n","protected":false},"excerpt":{"rendered":"<p>La Bebida de Manzana Fermentada DXN es una bebida deliciosa y refrescante hecha con manzanas fermentadas. Esta bebida natural combina las bondades de la manzana con un sabor suave y \u00e1cido, perfecto para disfrutar a cualquier hora del d\u00eda. Experiencia refrescante: Disfruta del dulce aroma a manzana, al que a\u00f1adimos lim\u00f3n \u00e1cido para una experiencia [&hellip;]<\/p>\n","protected":false},"featured_media":5385,"comment_status":"open","ping_status":"closed","template":"","meta":{"_acf_changed":false},"product_brand":[],"product_cat":[309],"product_tag":[],"class_list":{"0":"post-5148","1":"product","2":"type-product","3":"status-publish","4":"has-post-thumbnail","6":"product_cat-bebidas","7":"pa_package-15-sobres-x-50-ml","9":"first","10":"instock","11":"purchasable","12":"product-type-simple"},"acf":[],"_links":{"self":[{"href":"https:\/\/www.dxnwellness.eu\/es\/wp-json\/wp\/v2\/product\/5148","targetHints":{"allow":["GET"]}}],"collection":[{"href":"https:\/\/www.dxnwellness.eu\/es\/wp-json\/wp\/v2\/product"}],"about":[{"href":"https:\/\/www.dxnwellness.eu\/es\/wp-json\/wp\/v2\/types\/product"}],"replies":[{"embeddable":true,"href":"https:\/\/www.dxnwellness.eu\/es\/wp-json\/wp\/v2\/comments?post=5148"}],"wp:featuredmedia":[{"embeddable":true,"href":"https:\/\/www.dxnwellness.eu\/es\/wp-json\/wp\/v2\/media\/5385"}],"wp:attachment":[{"href":"https:\/\/www.dxnwellness.eu\/es\/wp-json\/wp\/v2\/media?parent=5148"}],"wp:term":[{"taxonomy":"product_brand","embeddable":true,"href":"https:\/\/www.dxnwellness.eu\/es\/wp-json\/wp\/v2\/product_brand?post=5148"},{"taxonomy":"product_cat","embeddable":true,"href":"https:\/\/www.dxnwellness.eu\/es\/wp-json\/wp\/v2\/product_cat?post=5148"},{"taxonomy":"product_tag","embeddable":true,"href":"https:\/\/www.dxnwellness.eu\/es\/wp-json\/wp\/v2\/product_tag?post=5148"}],"curies":[{"name":"wp","href":"https:\/\/api.w.org\/{rel}","templated":true}]}}