{"id":5144,"date":"2025-05-19T06:45:53","date_gmt":"2025-05-19T06:45:53","guid":{"rendered":"https:\/\/www.dxnwellness.eu\/es\/product\/dxn-vinaigrette\/"},"modified":"2025-05-23T00:32:08","modified_gmt":"2025-05-23T00:32:08","slug":"dxn-vinaigrette","status":"publish","type":"product","link":"https:\/\/www.dxnwellness.eu\/es\/product\/dxn-vinaigrette\/","title":{"rendered":"DXN Vinaigrette"},"content":{"rendered":"<p>Vinagreta DXN: Una mezcla \u00fanica de tradici\u00f3n y sabor. La Vinagreta DXN es un vinagre de arroz fermentado premium, infusionado con el poderoso hongo Ganoderma lucidum. Elaborado mediante m\u00e9todos de fermentaci\u00f3n tradicionales, este vinagre conserva su intenso sabor y su excepcional calidad. Dale un toque de sabor y nutrici\u00f3n a tu d\u00eda con la Vinagreta DXN: \u00a1una forma verdaderamente \u00fanica de disfrutar del vinagre de arroz!<br \/>\nRico en nutrientes: El vinagre de arroz, elaborado con arroz fermentado de alta calidad, ayuda a estimular la digesti\u00f3n gracias al \u00e1cido ac\u00e9tico. Adem\u00e1s, posee propiedades antis\u00e9pticas y ayuda a combatir la fatiga. Sabor vers\u00e1til: Un equilibrio perfecto entre el \u00e1cido vinagre de arroz y el toque terroso del Ganoderma, ideal para aderezos, marinadas y m\u00e1s. Calidad natural: Fermentado cuidadosamente para conservar su sabor intenso y aut\u00e9ntico, y sus propiedades naturales.<\/p>\n","protected":false},"excerpt":{"rendered":"<p>Vinagreta DXN: Una mezcla \u00fanica de tradici\u00f3n y sabor. La Vinagreta DXN es un vinagre de arroz fermentado premium, infusionado con el poderoso hongo Ganoderma lucidum. Elaborado mediante m\u00e9todos de fermentaci\u00f3n tradicionales, este vinagre conserva su intenso sabor y su excepcional calidad. Dale un toque de sabor y nutrici\u00f3n a tu d\u00eda con la Vinagreta [&hellip;]<\/p>\n","protected":false},"featured_media":5383,"comment_status":"open","ping_status":"closed","template":"","meta":{"_acf_changed":false},"product_brand":[],"product_cat":[309],"product_tag":[],"class_list":{"0":"post-5144","1":"product","2":"type-product","3":"status-publish","4":"has-post-thumbnail","6":"product_cat-bebidas","7":"pa_package-700-ml","9":"first","10":"instock","11":"purchasable","12":"product-type-simple"},"acf":[],"_links":{"self":[{"href":"https:\/\/www.dxnwellness.eu\/es\/wp-json\/wp\/v2\/product\/5144","targetHints":{"allow":["GET"]}}],"collection":[{"href":"https:\/\/www.dxnwellness.eu\/es\/wp-json\/wp\/v2\/product"}],"about":[{"href":"https:\/\/www.dxnwellness.eu\/es\/wp-json\/wp\/v2\/types\/product"}],"replies":[{"embeddable":true,"href":"https:\/\/www.dxnwellness.eu\/es\/wp-json\/wp\/v2\/comments?post=5144"}],"wp:featuredmedia":[{"embeddable":true,"href":"https:\/\/www.dxnwellness.eu\/es\/wp-json\/wp\/v2\/media\/5383"}],"wp:attachment":[{"href":"https:\/\/www.dxnwellness.eu\/es\/wp-json\/wp\/v2\/media?parent=5144"}],"wp:term":[{"taxonomy":"product_brand","embeddable":true,"href":"https:\/\/www.dxnwellness.eu\/es\/wp-json\/wp\/v2\/product_brand?post=5144"},{"taxonomy":"product_cat","embeddable":true,"href":"https:\/\/www.dxnwellness.eu\/es\/wp-json\/wp\/v2\/product_cat?post=5144"},{"taxonomy":"product_tag","embeddable":true,"href":"https:\/\/www.dxnwellness.eu\/es\/wp-json\/wp\/v2\/product_tag?post=5144"}],"curies":[{"name":"wp","href":"https:\/\/api.w.org\/{rel}","templated":true}]}}