{"id":5141,"date":"2025-05-19T06:45:53","date_gmt":"2025-05-19T06:45:53","guid":{"rendered":"https:\/\/www.dxnwellness.eu\/es\/product\/dxn-cordypine\/"},"modified":"2025-05-23T00:32:12","modified_gmt":"2025-05-23T00:32:12","slug":"dxn-cordypine","status":"publish","type":"product","link":"https:\/\/www.dxnwellness.eu\/es\/product\/dxn-cordypine\/","title":{"rendered":"DXN Cordypine"},"content":{"rendered":"<p>DXN Cordypine: Una refrescante mezcla de la naturaleza. DXN Cordypine combina la bondad natural del jugo de pi\u00f1a fermentado, Cordyceps sinensis, az\u00facar de ca\u00f1a y un toque de lima para crear una bebida excepcionalmente refrescante. Servida fr\u00eda o caliente, esta deliciosa bebida ofrece una experiencia tropical con cada sorbo. \u00a1Disfruta de la singular combinaci\u00f3n de sabores de DXN Cordypine, una bebida refrescante que complementar\u00e1 tu rutina diaria!<br \/>\nIngredientes naturales: Una mezcla cuidadosamente elaborada de jugo de pi\u00f1a, cordyceps y lima para un sabor refrescante y una experiencia placentera. Bebida vers\u00e1til: Disfr\u00fatela fr\u00eda para un refrescante refrigerio o caliente para un capricho reconfortante. Perfecta para el disfrute diario: Una forma deliciosa de hidratarse y refrescarse durante todo el d\u00eda.<\/p>\n","protected":false},"excerpt":{"rendered":"<p>DXN Cordypine: Una refrescante mezcla de la naturaleza. DXN Cordypine combina la bondad natural del jugo de pi\u00f1a fermentado, Cordyceps sinensis, az\u00facar de ca\u00f1a y un toque de lima para crear una bebida excepcionalmente refrescante. Servida fr\u00eda o caliente, esta deliciosa bebida ofrece una experiencia tropical con cada sorbo. \u00a1Disfruta de la singular combinaci\u00f3n de [&hellip;]<\/p>\n","protected":false},"featured_media":5381,"comment_status":"open","ping_status":"closed","template":"","meta":{"_acf_changed":false},"product_brand":[],"product_cat":[309],"product_tag":[],"class_list":{"0":"post-5141","1":"product","2":"type-product","3":"status-publish","4":"has-post-thumbnail","6":"product_cat-bebidas","7":"pa_package-285-ml","8":"pa_package-700-ml","10":"first","11":"instock","12":"purchasable","13":"product-type-variable"},"acf":[],"_links":{"self":[{"href":"https:\/\/www.dxnwellness.eu\/es\/wp-json\/wp\/v2\/product\/5141","targetHints":{"allow":["GET"]}}],"collection":[{"href":"https:\/\/www.dxnwellness.eu\/es\/wp-json\/wp\/v2\/product"}],"about":[{"href":"https:\/\/www.dxnwellness.eu\/es\/wp-json\/wp\/v2\/types\/product"}],"replies":[{"embeddable":true,"href":"https:\/\/www.dxnwellness.eu\/es\/wp-json\/wp\/v2\/comments?post=5141"}],"wp:featuredmedia":[{"embeddable":true,"href":"https:\/\/www.dxnwellness.eu\/es\/wp-json\/wp\/v2\/media\/5381"}],"wp:attachment":[{"href":"https:\/\/www.dxnwellness.eu\/es\/wp-json\/wp\/v2\/media?parent=5141"}],"wp:term":[{"taxonomy":"product_brand","embeddable":true,"href":"https:\/\/www.dxnwellness.eu\/es\/wp-json\/wp\/v2\/product_brand?post=5141"},{"taxonomy":"product_cat","embeddable":true,"href":"https:\/\/www.dxnwellness.eu\/es\/wp-json\/wp\/v2\/product_cat?post=5141"},{"taxonomy":"product_tag","embeddable":true,"href":"https:\/\/www.dxnwellness.eu\/es\/wp-json\/wp\/v2\/product_tag?post=5141"}],"curies":[{"name":"wp","href":"https:\/\/api.w.org\/{rel}","templated":true}]}}