{"id":5541,"date":"2025-04-01T11:49:31","date_gmt":"2025-04-01T11:49:31","guid":{"rendered":"https:\/\/www.dxnwellness.eu\/es\/?page_id=5541"},"modified":"2025-04-01T11:49:31","modified_gmt":"2025-04-01T11:49:31","slug":"terminos-y-condiciones","status":"publish","type":"page","link":"https:\/\/www.dxnwellness.eu\/es\/terminos-y-condiciones\/","title":{"rendered":"T\u00e9rminos y condiciones"},"content":{"rendered":"<h3>AVISO DE PROTECCI\u00d3N DE DATOS PERSONALES<\/h3>\n<p>De acuerdo con la Ley de Protecci\u00f3n de Datos Personales de 2010 (Ley 709) (&#8220;PDPA&#8221;), que entr\u00f3 en vigor el 15 de noviembre de 2013, DXN (&#8220;DXN&#8221;, &#8220;nosotros&#8221;) est\u00e1 obligado a notificar y solicitar el consentimiento en relaci\u00f3n con la recopilaci\u00f3n, registro, almacenamiento, uso y retenci\u00f3n de informaci\u00f3n personal.<\/p>\n<p>1. Recopilaci\u00f3n y procesamiento de datos personales<br \/>\nDXN recopila y procesa datos personales sujetos al consentimiento y autorizaci\u00f3n de los individuos que buscan ser o son actualmente empleados por nosotros. Los datos personales, incluidos los datos personales sensibles, pueden incluir, entre otros:<\/p>\n<p>Nombre, n\u00famero de identificaci\u00f3n, direcci\u00f3n, n\u00famero de tel\u00e9fono, n\u00famero de fax, g\u00e9nero, fecha y lugar de nacimiento, religi\u00f3n, edad, origen \u00e9tnico, estado civil, nacionalidad, n\u00famero de seguridad social, n\u00famero de impuestos, cuentas bancarias, cualificaciones educativas, informaci\u00f3n sobre salario y beneficios, fotograf\u00edas y referencias.<\/p>\n<p>Datos del c\u00f3nyuge o familiares (incluyendo, entre otros, nombre, n\u00famero de identificaci\u00f3n, edad, direcci\u00f3n, ocupaci\u00f3n, n\u00famero de impuestos, cualificaciones educativas).<\/p>\n<p>Estatura, peso, estado de salud personal e historial m\u00e9dico familiar.<\/p>\n<p>2. Finalidades del uso de los datos personales<br \/>\nLos datos personales podr\u00e1n utilizarse, entre otros, para:<\/p>\n<p>(a) Determinar la contrataci\u00f3n inicial y verificar referencias.<br \/>\n(b) Procesar pagos, incluyendo salario y beneficios.<br \/>\n(c) Procesar reclamaciones laborales.<br \/>\n(d) Establecer necesidades de formaci\u00f3n.<br \/>\n(e) Realizar evaluaciones de desempe\u00f1o.<br \/>\n(f) Gesti\u00f3n administrativa y mantenimiento de registros de recursos humanos.<br \/>\n(g) Fines de comunicaci\u00f3n.<br \/>\n(h) Cumplimiento de la gobernanza corporativa de DXN.<\/p>\n<p>3. Transferencia y divulgaci\u00f3n de datos personales<br \/>\nLos datos personales pueden ser transferidos o divulgados a DXN, su grupo de empresas y socios colaboradores. Tambi\u00e9n pueden ser compartidos cuando lo exija la ley o cuando la divulgaci\u00f3n sea necesaria para cumplir con normativas legales.<\/p>\n<p>4. Retenci\u00f3n y eliminaci\u00f3n de datos personales<br \/>\nDXN podr\u00e1 destruir o eliminar los datos personales si ya no son necesarios para los fines mencionados.<\/p>\n<p>5. Compromiso con la seguridad y confidencialidad<br \/>\nDXN se compromete a garantizar la confidencialidad, seguridad, protecci\u00f3n y precisi\u00f3n de la informaci\u00f3n personal proporcionada. Es responsabilidad del titular de los datos asegurarse de que la informaci\u00f3n proporcionada sea precisa, completa, no enga\u00f1osa y est\u00e9 actualizada. DXN se asegurar\u00e1 de que los datos personales no sean utilizados para otros fines distintos a los mencionados.<\/p>\n<p>6. Datos personales de terceros<br \/>\nAl proporcionar datos personales de otra persona a DXN, usted confirma que ha recibido autorizaci\u00f3n de esa persona para dar su consentimiento y permitir que DXN procese su informaci\u00f3n personal con los fines mencionados.<\/p>\n<p>7. Acceso a los datos personales<br \/>\nPuede solicitar acceso a sus datos personales mediante notificaci\u00f3n escrita al Departamento de Recursos Humanos. Tenga en cuenta que el acceso no es absoluto, ya que en algunos casos la ley nos obliga a denegar el acceso a cierta informaci\u00f3n personal. En caso de negativa, se le informar\u00e1 la raz\u00f3n, sujeto a las restricciones legales o normativas aplicables.<\/p>\n<p>8. Contacto<br \/>\nPara m\u00e1s informaci\u00f3n, por favor contacte a:<\/p>\n<p>Responsable de Protecci\u00f3n de Datos Personales<br \/>\nNo. 113, Bandar Stargate,<br \/>\nLebuhraya Sultanah Bahiyah,<br \/>\n05400 Alor Setar, Kedah Darul Aman<br \/>\nTel\u00e9fono: +604771 6688 \/ Fax: +6047723775<br \/>\nCorreo electr\u00f3nico: pdpa@dxn2u.com<\/p>\n<p>9. Prevalencia del idioma ingl\u00e9s<br \/>\nEn caso de discrepancia entre la versi\u00f3n en ingl\u00e9s y la versi\u00f3n en espa\u00f1ol, prevalecer\u00e1 la versi\u00f3n en ingl\u00e9s.<\/p>\n","protected":false},"excerpt":{"rendered":"<p>AVISO DE PROTECCI\u00d3N DE DATOS PERSONALES De acuerdo con la Ley de Protecci\u00f3n de Datos Personales de 2010 (Ley 709) (&#8220;PDPA&#8221;), que entr\u00f3 en vigor el 15 de noviembre de 2013, DXN (&#8220;DXN&#8221;, &#8220;nosotros&#8221;) est\u00e1 obligado a notificar y solicitar el consentimiento en relaci\u00f3n con la recopilaci\u00f3n, registro, almacenamiento, uso y retenci\u00f3n de informaci\u00f3n personal. [&hellip;]<\/p>\n","protected":false},"author":8,"featured_media":0,"parent":0,"menu_order":0,"comment_status":"closed","ping_status":"closed","template":"terms_privacy.php","meta":{"_acf_changed":false,"footnotes":""},"class_list":["post-5541","page","type-page","status-publish","hentry"],"acf":[],"_links":{"self":[{"href":"https:\/\/www.dxnwellness.eu\/es\/wp-json\/wp\/v2\/pages\/5541","targetHints":{"allow":["GET"]}}],"collection":[{"href":"https:\/\/www.dxnwellness.eu\/es\/wp-json\/wp\/v2\/pages"}],"about":[{"href":"https:\/\/www.dxnwellness.eu\/es\/wp-json\/wp\/v2\/types\/page"}],"author":[{"embeddable":true,"href":"https:\/\/www.dxnwellness.eu\/es\/wp-json\/wp\/v2\/users\/8"}],"replies":[{"embeddable":true,"href":"https:\/\/www.dxnwellness.eu\/es\/wp-json\/wp\/v2\/comments?post=5541"}],"version-history":[{"count":2,"href":"https:\/\/www.dxnwellness.eu\/es\/wp-json\/wp\/v2\/pages\/5541\/revisions"}],"predecessor-version":[{"id":5543,"href":"https:\/\/www.dxnwellness.eu\/es\/wp-json\/wp\/v2\/pages\/5541\/revisions\/5543"}],"wp:attachment":[{"href":"https:\/\/www.dxnwellness.eu\/es\/wp-json\/wp\/v2\/media?parent=5541"}],"curies":[{"name":"wp","href":"https:\/\/api.w.org\/{rel}","templated":true}]}}