{"id":502,"date":"2025-05-15T00:12:58","date_gmt":"2025-05-14T22:12:58","guid":{"rendered":"https:\/\/www.dxnwellness.eu\/es\/fr\/produit\/dxn-kallow-summer-bling-hair-body-mist-with-aloe-hyaluronic-acid\/"},"modified":"2025-05-25T02:57:15","modified_gmt":"2025-05-25T00:57:15","slug":"dxn-kallow-summer-bling-hair-body-mist-with-aloe-hyaluronic-acid","status":"publish","type":"product","link":"https:\/\/www.dxnwellness.eu\/es\/fr\/produit\/dxn-kallow-summer-bling-hair-body-mist-with-aloe-hyaluronic-acid\/","title":{"rendered":"DXN Kallow \u2013 Summer Bling Hair &amp; Body Mist with Aloe &amp; Hyaluronic Acid"},"content":{"rendered":"<p>Une brume unique sans alcool, enrichie en jus d&#8217;aloe vera bio et en acide hyaluronique. Hydrate et rafra\u00eechit la peau, lui procurant un \u00e9clat et un parfum radieux, r\u00e9v\u00e9lant votre \u00e9clat int\u00e9rieur. Vivez pleinement l&#8217;essence de l&#8217;\u00e9t\u00e9 grec !<\/p>\n","protected":false},"excerpt":{"rendered":"<p>Une brume unique sans alcool, enrichie en jus d&#8217;aloe vera bio et en acide hyaluronique. Hydrate et rafra\u00eechit la peau, lui procurant un \u00e9clat et un parfum radieux, r\u00e9v\u00e9lant votre \u00e9clat int\u00e9rieur. Vivez pleinement l&#8217;essence de l&#8217;\u00e9t\u00e9 grec !<\/p>\n","protected":false},"featured_media":685,"comment_status":"open","ping_status":"open","template":"","meta":{"_acf_changed":false},"product_brand":[],"product_cat":[76],"product_tag":[],"class_list":{"0":"post-502","1":"product","2":"type-product","3":"status-publish","4":"has-post-thumbnail","6":"product_cat-kallow-cosmetics","7":"pa_package-150-ml","9":"first","10":"instock","11":"purchasable","12":"product-type-simple"},"acf":[],"_links":{"self":[{"href":"https:\/\/www.dxnwellness.eu\/es\/fr\/wp-json\/wp\/v2\/product\/502","targetHints":{"allow":["GET"]}}],"collection":[{"href":"https:\/\/www.dxnwellness.eu\/es\/fr\/wp-json\/wp\/v2\/product"}],"about":[{"href":"https:\/\/www.dxnwellness.eu\/es\/fr\/wp-json\/wp\/v2\/types\/product"}],"replies":[{"embeddable":true,"href":"https:\/\/www.dxnwellness.eu\/es\/fr\/wp-json\/wp\/v2\/comments?post=502"}],"wp:featuredmedia":[{"embeddable":true,"href":"https:\/\/www.dxnwellness.eu\/es\/fr\/wp-json\/wp\/v2\/media\/685"}],"wp:attachment":[{"href":"https:\/\/www.dxnwellness.eu\/es\/fr\/wp-json\/wp\/v2\/media?parent=502"}],"wp:term":[{"taxonomy":"product_brand","embeddable":true,"href":"https:\/\/www.dxnwellness.eu\/es\/fr\/wp-json\/wp\/v2\/product_brand?post=502"},{"taxonomy":"product_cat","embeddable":true,"href":"https:\/\/www.dxnwellness.eu\/es\/fr\/wp-json\/wp\/v2\/product_cat?post=502"},{"taxonomy":"product_tag","embeddable":true,"href":"https:\/\/www.dxnwellness.eu\/es\/fr\/wp-json\/wp\/v2\/product_tag?post=502"}],"curies":[{"name":"wp","href":"https:\/\/api.w.org\/{rel}","templated":true}]}}