{"id":498,"date":"2025-05-15T00:12:54","date_gmt":"2025-05-14T22:12:54","guid":{"rendered":"https:\/\/www.dxnwellness.eu\/es\/fr\/produit\/dxn-kallow-divine-men-aloe-chamomile-calming-after-shave\/"},"modified":"2025-05-25T02:57:15","modified_gmt":"2025-05-25T00:57:15","slug":"dxn-kallow-divine-men-aloe-chamomile-calming-after-shave","status":"publish","type":"product","link":"https:\/\/www.dxnwellness.eu\/es\/fr\/produit\/dxn-kallow-divine-men-aloe-chamomile-calming-after-shave\/","title":{"rendered":"DXN Kallow \u2013 Divine Men Aloe &amp; Chamomile Calming After Shave"},"content":{"rendered":"<p>Baume qui apporte fra\u00eecheur et hydratation imm\u00e9diates \u00e0 la peau. Sa texture fluide et l\u00e9g\u00e8re p\u00e9n\u00e8tre rapidement, apaise les irritations et prend soin de la peau apr\u00e8s le rasage, la laissant douce et subtilement parfum\u00e9e. Texture non grasse.<\/p>\n","protected":false},"excerpt":{"rendered":"<p>Baume qui apporte fra\u00eecheur et hydratation imm\u00e9diates \u00e0 la peau. Sa texture fluide et l\u00e9g\u00e8re p\u00e9n\u00e8tre rapidement, apaise les irritations et prend soin de la peau apr\u00e8s le rasage, la laissant douce et subtilement parfum\u00e9e. Texture non grasse.<\/p>\n","protected":false},"featured_media":680,"comment_status":"open","ping_status":"open","template":"","meta":{"_acf_changed":false},"product_brand":[],"product_cat":[76],"product_tag":[],"class_list":{"0":"post-498","1":"product","2":"type-product","3":"status-publish","4":"has-post-thumbnail","6":"product_cat-kallow-cosmetics","7":"pa_package-100-ml","9":"first","10":"instock","11":"purchasable","12":"product-type-simple"},"acf":[],"_links":{"self":[{"href":"https:\/\/www.dxnwellness.eu\/es\/fr\/wp-json\/wp\/v2\/product\/498","targetHints":{"allow":["GET"]}}],"collection":[{"href":"https:\/\/www.dxnwellness.eu\/es\/fr\/wp-json\/wp\/v2\/product"}],"about":[{"href":"https:\/\/www.dxnwellness.eu\/es\/fr\/wp-json\/wp\/v2\/types\/product"}],"replies":[{"embeddable":true,"href":"https:\/\/www.dxnwellness.eu\/es\/fr\/wp-json\/wp\/v2\/comments?post=498"}],"wp:featuredmedia":[{"embeddable":true,"href":"https:\/\/www.dxnwellness.eu\/es\/fr\/wp-json\/wp\/v2\/media\/680"}],"wp:attachment":[{"href":"https:\/\/www.dxnwellness.eu\/es\/fr\/wp-json\/wp\/v2\/media?parent=498"}],"wp:term":[{"taxonomy":"product_brand","embeddable":true,"href":"https:\/\/www.dxnwellness.eu\/es\/fr\/wp-json\/wp\/v2\/product_brand?post=498"},{"taxonomy":"product_cat","embeddable":true,"href":"https:\/\/www.dxnwellness.eu\/es\/fr\/wp-json\/wp\/v2\/product_cat?post=498"},{"taxonomy":"product_tag","embeddable":true,"href":"https:\/\/www.dxnwellness.eu\/es\/fr\/wp-json\/wp\/v2\/product_tag?post=498"}],"curies":[{"name":"wp","href":"https:\/\/api.w.org\/{rel}","templated":true}]}}