{"id":494,"date":"2025-05-15T00:12:54","date_gmt":"2025-05-14T22:12:54","guid":{"rendered":"https:\/\/www.dxnwellness.eu\/es\/fr\/produit\/dxn-kallow-natural-tanning-oil\/"},"modified":"2025-05-25T02:57:15","modified_gmt":"2025-05-25T00:57:15","slug":"dxn-kallow-natural-tanning-oil","status":"publish","type":"product","link":"https:\/\/www.dxnwellness.eu\/es\/fr\/produit\/dxn-kallow-natural-tanning-oil\/","title":{"rendered":"DXN Kallow \u2013 Natural Tanning oil"},"content":{"rendered":"<p>Huile bronzante luxueuse pour une hydratation et une nutrition en profondeur. Enrichie en vitamine E et compos\u00e9e d&#8217;huiles pr\u00e9cieuses comme la noix de coco, le tournesol et la carotte, elle nourrit et prot\u00e8ge simultan\u00e9ment de la d\u00e9shydratation, tout en prolongeant la dur\u00e9e du bronzage. Offrez \u00e0 votre peau un bronzage intense, un \u00e9clat \u00e9clatant et un soin intensif en un seul geste.<\/p>\n","protected":false},"excerpt":{"rendered":"<p>Huile bronzante luxueuse pour une hydratation et une nutrition en profondeur. Enrichie en vitamine E et compos\u00e9e d&#8217;huiles pr\u00e9cieuses comme la noix de coco, le tournesol et la carotte, elle nourrit et prot\u00e8ge simultan\u00e9ment de la d\u00e9shydratation, tout en prolongeant la dur\u00e9e du bronzage. Offrez \u00e0 votre peau un bronzage intense, un \u00e9clat \u00e9clatant et [&hellip;]<\/p>\n","protected":false},"featured_media":678,"comment_status":"open","ping_status":"open","template":"","meta":{"_acf_changed":false},"product_brand":[],"product_cat":[76],"product_tag":[],"class_list":{"0":"post-494","1":"product","2":"type-product","3":"status-publish","4":"has-post-thumbnail","6":"product_cat-kallow-cosmetics","7":"pa_package-150-ml","9":"first","10":"instock","11":"purchasable","12":"product-type-simple"},"acf":[],"_links":{"self":[{"href":"https:\/\/www.dxnwellness.eu\/es\/fr\/wp-json\/wp\/v2\/product\/494","targetHints":{"allow":["GET"]}}],"collection":[{"href":"https:\/\/www.dxnwellness.eu\/es\/fr\/wp-json\/wp\/v2\/product"}],"about":[{"href":"https:\/\/www.dxnwellness.eu\/es\/fr\/wp-json\/wp\/v2\/types\/product"}],"replies":[{"embeddable":true,"href":"https:\/\/www.dxnwellness.eu\/es\/fr\/wp-json\/wp\/v2\/comments?post=494"}],"wp:featuredmedia":[{"embeddable":true,"href":"https:\/\/www.dxnwellness.eu\/es\/fr\/wp-json\/wp\/v2\/media\/678"}],"wp:attachment":[{"href":"https:\/\/www.dxnwellness.eu\/es\/fr\/wp-json\/wp\/v2\/media?parent=494"}],"wp:term":[{"taxonomy":"product_brand","embeddable":true,"href":"https:\/\/www.dxnwellness.eu\/es\/fr\/wp-json\/wp\/v2\/product_brand?post=494"},{"taxonomy":"product_cat","embeddable":true,"href":"https:\/\/www.dxnwellness.eu\/es\/fr\/wp-json\/wp\/v2\/product_cat?post=494"},{"taxonomy":"product_tag","embeddable":true,"href":"https:\/\/www.dxnwellness.eu\/es\/fr\/wp-json\/wp\/v2\/product_tag?post=494"}],"curies":[{"name":"wp","href":"https:\/\/api.w.org\/{rel}","templated":true}]}}