{"id":492,"date":"2025-05-15T00:12:54","date_gmt":"2025-05-14T22:12:54","guid":{"rendered":"https:\/\/www.dxnwellness.eu\/es\/fr\/produit\/dxn-kallow-essential-sunscreen-emulsion-spf-30\/"},"modified":"2025-05-25T02:57:15","modified_gmt":"2025-05-25T00:57:15","slug":"dxn-kallow-essential-sunscreen-emulsion-spf-30","status":"publish","type":"product","link":"https:\/\/www.dxnwellness.eu\/es\/fr\/produit\/dxn-kallow-essential-sunscreen-emulsion-spf-30\/","title":{"rendered":"DXN Kallow \u2013 Essential Sunscreen Emulsion SPF 30"},"content":{"rendered":"<p>Lait solaire corps SPF 30 enrichi en acide hyaluronique, qui pr\u00e9vient la d\u00e9shydratation caus\u00e9e par le sel et\/ou le chlore et offre une protection renforc\u00e9e contre le soleil. Il prot\u00e8ge des effets nocifs des rayons UV et offre une protection antioxydante. Il contient de la glyc\u00e9rine et de la vitamine E, qui hydratent imm\u00e9diatement et en profondeur la peau et favorisent sa r\u00e9g\u00e9n\u00e9ration.<\/p>\n","protected":false},"excerpt":{"rendered":"<p>Lait solaire corps SPF 30 enrichi en acide hyaluronique, qui pr\u00e9vient la d\u00e9shydratation caus\u00e9e par le sel et\/ou le chlore et offre une protection renforc\u00e9e contre le soleil. Il prot\u00e8ge des effets nocifs des rayons UV et offre une protection antioxydante. Il contient de la glyc\u00e9rine et de la vitamine E, qui hydratent imm\u00e9diatement et [&hellip;]<\/p>\n","protected":false},"featured_media":677,"comment_status":"open","ping_status":"open","template":"","meta":{"_acf_changed":false},"product_brand":[],"product_cat":[76],"product_tag":[],"class_list":{"0":"post-492","1":"product","2":"type-product","3":"status-publish","4":"has-post-thumbnail","6":"product_cat-kallow-cosmetics","7":"pa_package-150-ml","9":"first","10":"instock","11":"purchasable","12":"product-type-simple"},"acf":[],"_links":{"self":[{"href":"https:\/\/www.dxnwellness.eu\/es\/fr\/wp-json\/wp\/v2\/product\/492","targetHints":{"allow":["GET"]}}],"collection":[{"href":"https:\/\/www.dxnwellness.eu\/es\/fr\/wp-json\/wp\/v2\/product"}],"about":[{"href":"https:\/\/www.dxnwellness.eu\/es\/fr\/wp-json\/wp\/v2\/types\/product"}],"replies":[{"embeddable":true,"href":"https:\/\/www.dxnwellness.eu\/es\/fr\/wp-json\/wp\/v2\/comments?post=492"}],"wp:featuredmedia":[{"embeddable":true,"href":"https:\/\/www.dxnwellness.eu\/es\/fr\/wp-json\/wp\/v2\/media\/677"}],"wp:attachment":[{"href":"https:\/\/www.dxnwellness.eu\/es\/fr\/wp-json\/wp\/v2\/media?parent=492"}],"wp:term":[{"taxonomy":"product_brand","embeddable":true,"href":"https:\/\/www.dxnwellness.eu\/es\/fr\/wp-json\/wp\/v2\/product_brand?post=492"},{"taxonomy":"product_cat","embeddable":true,"href":"https:\/\/www.dxnwellness.eu\/es\/fr\/wp-json\/wp\/v2\/product_cat?post=492"},{"taxonomy":"product_tag","embeddable":true,"href":"https:\/\/www.dxnwellness.eu\/es\/fr\/wp-json\/wp\/v2\/product_tag?post=492"}],"curies":[{"name":"wp","href":"https:\/\/api.w.org\/{rel}","templated":true}]}}