{"id":490,"date":"2025-05-15T00:12:54","date_gmt":"2025-05-14T22:12:54","guid":{"rendered":"https:\/\/www.dxnwellness.eu\/es\/fr\/produit\/dxn-kallow-nourishing-hand-cream\/"},"modified":"2025-05-25T02:57:15","modified_gmt":"2025-05-25T00:57:15","slug":"dxn-kallow-nourishing-hand-cream","status":"publish","type":"product","link":"https:\/\/www.dxnwellness.eu\/es\/fr\/produit\/dxn-kallow-nourishing-hand-cream\/","title":{"rendered":"DXN Kallow \u2013 Nourishing Hand Cream"},"content":{"rendered":"<p>Cr\u00e8me mains nourrissante DXN Kallow au beurre de karit\u00e9, id\u00e9ale pour les mains s\u00e8ches et gerc\u00e9es. Elle laisse un parfum agr\u00e9able sans \u00eatre grasse. Prot\u00e8ge et r\u00e9pare les mains s\u00e8ches et gerc\u00e9es, hydrate intens\u00e9ment et am\u00e9liore l&#8217;apparence de la peau.<\/p>\n","protected":false},"excerpt":{"rendered":"<p>Cr\u00e8me mains nourrissante DXN Kallow au beurre de karit\u00e9, id\u00e9ale pour les mains s\u00e8ches et gerc\u00e9es. Elle laisse un parfum agr\u00e9able sans \u00eatre grasse. Prot\u00e8ge et r\u00e9pare les mains s\u00e8ches et gerc\u00e9es, hydrate intens\u00e9ment et am\u00e9liore l&#8217;apparence de la peau.<\/p>\n","protected":false},"featured_media":676,"comment_status":"open","ping_status":"open","template":"","meta":{"_acf_changed":false},"product_brand":[],"product_cat":[76],"product_tag":[],"class_list":{"0":"post-490","1":"product","2":"type-product","3":"status-publish","4":"has-post-thumbnail","6":"product_cat-kallow-cosmetics","7":"pa_package-75-ml","9":"first","10":"instock","11":"purchasable","12":"product-type-simple"},"acf":[],"_links":{"self":[{"href":"https:\/\/www.dxnwellness.eu\/es\/fr\/wp-json\/wp\/v2\/product\/490","targetHints":{"allow":["GET"]}}],"collection":[{"href":"https:\/\/www.dxnwellness.eu\/es\/fr\/wp-json\/wp\/v2\/product"}],"about":[{"href":"https:\/\/www.dxnwellness.eu\/es\/fr\/wp-json\/wp\/v2\/types\/product"}],"replies":[{"embeddable":true,"href":"https:\/\/www.dxnwellness.eu\/es\/fr\/wp-json\/wp\/v2\/comments?post=490"}],"wp:featuredmedia":[{"embeddable":true,"href":"https:\/\/www.dxnwellness.eu\/es\/fr\/wp-json\/wp\/v2\/media\/676"}],"wp:attachment":[{"href":"https:\/\/www.dxnwellness.eu\/es\/fr\/wp-json\/wp\/v2\/media?parent=490"}],"wp:term":[{"taxonomy":"product_brand","embeddable":true,"href":"https:\/\/www.dxnwellness.eu\/es\/fr\/wp-json\/wp\/v2\/product_brand?post=490"},{"taxonomy":"product_cat","embeddable":true,"href":"https:\/\/www.dxnwellness.eu\/es\/fr\/wp-json\/wp\/v2\/product_cat?post=490"},{"taxonomy":"product_tag","embeddable":true,"href":"https:\/\/www.dxnwellness.eu\/es\/fr\/wp-json\/wp\/v2\/product_tag?post=490"}],"curies":[{"name":"wp","href":"https:\/\/api.w.org\/{rel}","templated":true}]}}