{"id":482,"date":"2025-05-15T00:12:54","date_gmt":"2025-05-14T22:12:54","guid":{"rendered":"https:\/\/www.dxnwellness.eu\/es\/fr\/produit\/dxn-kallow-divine-touch-multi-purpose-dry-oil\/"},"modified":"2025-05-25T02:57:15","modified_gmt":"2025-05-25T00:57:15","slug":"dxn-kallow-divine-touch-multi-purpose-dry-oil","status":"publish","type":"product","link":"https:\/\/www.dxnwellness.eu\/es\/fr\/produit\/dxn-kallow-divine-touch-multi-purpose-dry-oil\/","title":{"rendered":"DXN Kallow \u2013 Divine Touch Multi-Purpose Dry Oil"},"content":{"rendered":"<p>L&#8217;huile s\u00e8che luxueuse multi-usages Divine Touch de DXN hydrate et prot\u00e8ge le visage, le corps et les cheveux. Riche en huiles v\u00e9g\u00e9tales et en vitamine E, elle offre un parfum envo\u00fbtant. Un bouquet floral intense, audacieux et passionn\u00e9, luxueux et s\u00e9duisant, id\u00e9al pour la femme moderne qui ne veut pas passer inaper\u00e7ue.<\/p>\n","protected":false},"excerpt":{"rendered":"<p>L&#8217;huile s\u00e8che luxueuse multi-usages Divine Touch de DXN hydrate et prot\u00e8ge le visage, le corps et les cheveux. Riche en huiles v\u00e9g\u00e9tales et en vitamine E, elle offre un parfum envo\u00fbtant. Un bouquet floral intense, audacieux et passionn\u00e9, luxueux et s\u00e9duisant, id\u00e9al pour la femme moderne qui ne veut pas passer inaper\u00e7ue.<\/p>\n","protected":false},"featured_media":672,"comment_status":"open","ping_status":"open","template":"","meta":{"_acf_changed":false},"product_brand":[],"product_cat":[76],"product_tag":[],"class_list":{"0":"post-482","1":"product","2":"type-product","3":"status-publish","4":"has-post-thumbnail","6":"product_cat-kallow-cosmetics","7":"pa_package-100-ml","9":"first","10":"instock","11":"purchasable","12":"product-type-simple"},"acf":[],"_links":{"self":[{"href":"https:\/\/www.dxnwellness.eu\/es\/fr\/wp-json\/wp\/v2\/product\/482","targetHints":{"allow":["GET"]}}],"collection":[{"href":"https:\/\/www.dxnwellness.eu\/es\/fr\/wp-json\/wp\/v2\/product"}],"about":[{"href":"https:\/\/www.dxnwellness.eu\/es\/fr\/wp-json\/wp\/v2\/types\/product"}],"replies":[{"embeddable":true,"href":"https:\/\/www.dxnwellness.eu\/es\/fr\/wp-json\/wp\/v2\/comments?post=482"}],"wp:featuredmedia":[{"embeddable":true,"href":"https:\/\/www.dxnwellness.eu\/es\/fr\/wp-json\/wp\/v2\/media\/672"}],"wp:attachment":[{"href":"https:\/\/www.dxnwellness.eu\/es\/fr\/wp-json\/wp\/v2\/media?parent=482"}],"wp:term":[{"taxonomy":"product_brand","embeddable":true,"href":"https:\/\/www.dxnwellness.eu\/es\/fr\/wp-json\/wp\/v2\/product_brand?post=482"},{"taxonomy":"product_cat","embeddable":true,"href":"https:\/\/www.dxnwellness.eu\/es\/fr\/wp-json\/wp\/v2\/product_cat?post=482"},{"taxonomy":"product_tag","embeddable":true,"href":"https:\/\/www.dxnwellness.eu\/es\/fr\/wp-json\/wp\/v2\/product_tag?post=482"}],"curies":[{"name":"wp","href":"https:\/\/api.w.org\/{rel}","templated":true}]}}