{"id":480,"date":"2025-05-15T00:12:54","date_gmt":"2025-05-14T22:12:54","guid":{"rendered":"https:\/\/www.dxnwellness.eu\/es\/fr\/produit\/dxn-kallow-divine-touch-nourishing-night-oil\/"},"modified":"2025-05-25T02:57:15","modified_gmt":"2025-05-25T00:57:15","slug":"dxn-kallow-divine-touch-nourishing-night-oil","status":"publish","type":"product","link":"https:\/\/www.dxnwellness.eu\/es\/fr\/produit\/dxn-kallow-divine-touch-nourishing-night-oil\/","title":{"rendered":"DXN Kallow \u2013 Divine Touch Nourishing Night Oil"},"content":{"rendered":"<p>L&#8217;huile de nuit nourrissante miraculeuse \u00ab Divine Touch \u00bb de DXN est id\u00e9ale pour les soins de nuit. Elle est compos\u00e9e d&#8217;une combinaison exceptionnelle d&#8217;huiles naturelles pr\u00e9cieuses de raisin, d&#8217;abricot, d&#8217;avocat, d&#8217;argan, d&#8217;olive, de sacha inchi et de vitamines E, C et F, qui exercent une action protectrice, antirides et anti-\u00e2ge. Elle procure une peau \u00e9clatante et lumineuse.<\/p>\n","protected":false},"excerpt":{"rendered":"<p>L&#8217;huile de nuit nourrissante miraculeuse \u00ab Divine Touch \u00bb de DXN est id\u00e9ale pour les soins de nuit. Elle est compos\u00e9e d&#8217;une combinaison exceptionnelle d&#8217;huiles naturelles pr\u00e9cieuses de raisin, d&#8217;abricot, d&#8217;avocat, d&#8217;argan, d&#8217;olive, de sacha inchi et de vitamines E, C et F, qui exercent une action protectrice, antirides et anti-\u00e2ge. Elle procure une peau [&hellip;]<\/p>\n","protected":false},"featured_media":669,"comment_status":"open","ping_status":"open","template":"","meta":{"_acf_changed":false},"product_brand":[],"product_cat":[76],"product_tag":[],"class_list":{"0":"post-480","1":"product","2":"type-product","3":"status-publish","4":"has-post-thumbnail","6":"product_cat-kallow-cosmetics","7":"pa_package-30-ml","9":"first","10":"instock","11":"purchasable","12":"product-type-simple"},"acf":[],"_links":{"self":[{"href":"https:\/\/www.dxnwellness.eu\/es\/fr\/wp-json\/wp\/v2\/product\/480","targetHints":{"allow":["GET"]}}],"collection":[{"href":"https:\/\/www.dxnwellness.eu\/es\/fr\/wp-json\/wp\/v2\/product"}],"about":[{"href":"https:\/\/www.dxnwellness.eu\/es\/fr\/wp-json\/wp\/v2\/types\/product"}],"replies":[{"embeddable":true,"href":"https:\/\/www.dxnwellness.eu\/es\/fr\/wp-json\/wp\/v2\/comments?post=480"}],"wp:featuredmedia":[{"embeddable":true,"href":"https:\/\/www.dxnwellness.eu\/es\/fr\/wp-json\/wp\/v2\/media\/669"}],"wp:attachment":[{"href":"https:\/\/www.dxnwellness.eu\/es\/fr\/wp-json\/wp\/v2\/media?parent=480"}],"wp:term":[{"taxonomy":"product_brand","embeddable":true,"href":"https:\/\/www.dxnwellness.eu\/es\/fr\/wp-json\/wp\/v2\/product_brand?post=480"},{"taxonomy":"product_cat","embeddable":true,"href":"https:\/\/www.dxnwellness.eu\/es\/fr\/wp-json\/wp\/v2\/product_cat?post=480"},{"taxonomy":"product_tag","embeddable":true,"href":"https:\/\/www.dxnwellness.eu\/es\/fr\/wp-json\/wp\/v2\/product_tag?post=480"}],"curies":[{"name":"wp","href":"https:\/\/api.w.org\/{rel}","templated":true}]}}