{"id":478,"date":"2025-05-15T00:12:54","date_gmt":"2025-05-14T22:12:54","guid":{"rendered":"https:\/\/www.dxnwellness.eu\/es\/fr\/produit\/dxn-kallow-divine-touch-lifting-impact-face-cream\/"},"modified":"2025-05-25T02:57:15","modified_gmt":"2025-05-25T00:57:15","slug":"dxn-kallow-divine-touch-lifting-impact-face-cream","status":"publish","type":"product","link":"https:\/\/www.dxnwellness.eu\/es\/fr\/produit\/dxn-kallow-divine-touch-lifting-impact-face-cream\/","title":{"rendered":"DXN Kallow \u2013 Divine Touch Lifting Impact Face Cream"},"content":{"rendered":"<p>La cr\u00e8me liftante instantan\u00e9e \u00ab Divine Touch \u00bb de DXN fait des merveilles. Elle redessine les contours du visage et redonne une apparence jeune \u00e0 votre peau. Son effet liftant hydrate et nourrit la peau en profondeur gr\u00e2ce \u00e0 sa texture riche qui att\u00e9nue les rides et raffermit la peau. Enrichie en peptides, cellules souches de pomme verte, huiles d&#8217;avocat, d&#8217;abricot et d&#8217;argan, elle est enrichie en vitamines A, E, F et C au puissant effet antioxydant qui retarde les signes de l&#8217;\u00e2ge et stimule la production de collag\u00e8ne. Cette cr\u00e8me sculptante tonifie les contours du visage, redonne du volume et att\u00e9nue les rides. Elle nourrit intens\u00e9ment la peau.<\/p>\n","protected":false},"excerpt":{"rendered":"<p>La cr\u00e8me liftante instantan\u00e9e \u00ab Divine Touch \u00bb de DXN fait des merveilles. Elle redessine les contours du visage et redonne une apparence jeune \u00e0 votre peau. Son effet liftant hydrate et nourrit la peau en profondeur gr\u00e2ce \u00e0 sa texture riche qui att\u00e9nue les rides et raffermit la peau. Enrichie en peptides, cellules souches [&hellip;]<\/p>\n","protected":false},"featured_media":666,"comment_status":"open","ping_status":"open","template":"","meta":{"_acf_changed":false},"product_brand":[],"product_cat":[76],"product_tag":[],"class_list":{"0":"post-478","1":"product","2":"type-product","3":"status-publish","4":"has-post-thumbnail","6":"product_cat-kallow-cosmetics","7":"pa_package-50-ml","9":"first","10":"instock","11":"purchasable","12":"product-type-simple"},"acf":[],"_links":{"self":[{"href":"https:\/\/www.dxnwellness.eu\/es\/fr\/wp-json\/wp\/v2\/product\/478","targetHints":{"allow":["GET"]}}],"collection":[{"href":"https:\/\/www.dxnwellness.eu\/es\/fr\/wp-json\/wp\/v2\/product"}],"about":[{"href":"https:\/\/www.dxnwellness.eu\/es\/fr\/wp-json\/wp\/v2\/types\/product"}],"replies":[{"embeddable":true,"href":"https:\/\/www.dxnwellness.eu\/es\/fr\/wp-json\/wp\/v2\/comments?post=478"}],"wp:featuredmedia":[{"embeddable":true,"href":"https:\/\/www.dxnwellness.eu\/es\/fr\/wp-json\/wp\/v2\/media\/666"}],"wp:attachment":[{"href":"https:\/\/www.dxnwellness.eu\/es\/fr\/wp-json\/wp\/v2\/media?parent=478"}],"wp:term":[{"taxonomy":"product_brand","embeddable":true,"href":"https:\/\/www.dxnwellness.eu\/es\/fr\/wp-json\/wp\/v2\/product_brand?post=478"},{"taxonomy":"product_cat","embeddable":true,"href":"https:\/\/www.dxnwellness.eu\/es\/fr\/wp-json\/wp\/v2\/product_cat?post=478"},{"taxonomy":"product_tag","embeddable":true,"href":"https:\/\/www.dxnwellness.eu\/es\/fr\/wp-json\/wp\/v2\/product_tag?post=478"}],"curies":[{"name":"wp","href":"https:\/\/api.w.org\/{rel}","templated":true}]}}