{"id":476,"date":"2025-05-15T00:12:54","date_gmt":"2025-05-14T22:12:54","guid":{"rendered":"https:\/\/www.dxnwellness.eu\/es\/fr\/produit\/dxn-kallow-divine-touch-lifting-impact-face-serum\/"},"modified":"2025-05-25T02:57:15","modified_gmt":"2025-05-25T00:57:15","slug":"dxn-kallow-divine-touch-lifting-impact-face-serum","status":"publish","type":"product","link":"https:\/\/www.dxnwellness.eu\/es\/fr\/produit\/dxn-kallow-divine-touch-lifting-impact-face-serum\/","title":{"rendered":"DXN Kallow \u2013 Divine Touch Lifting Impact Face Serum"},"content":{"rendered":"<p>S\u00e9rum anti-\u00e2ge \u00ab Divine \u00bb de DXN aux cellules souches de pomme pour le visage, le cou et le d\u00e9collet\u00e9. Gr\u00e2ce \u00e0 une richesse d&#8217;ingr\u00e9dients actifs tels que des peptides antirides de technologie avanc\u00e9e, de l&#8217;acide hyaluronique, un complexe de vitamines E, C et F, du r\u00e9tinol A et des biosaccharides naturels, il renforce, prot\u00e8ge et lisse la peau, att\u00e9nuant ainsi les rides et r\u00e9duisant significativement leur profondeur. Le contour du visage est sublim\u00e9 et la peau retrouve sa vitalit\u00e9 et sa fermet\u00e9. Gr\u00e2ce \u00e0 l&#8217;action renforc\u00e9e de la vitamine C, les imperfections et les d\u00e9colorations sont att\u00e9nu\u00e9es et la peau est prot\u00e9g\u00e9e des radicaux libres et des agressions quotidiennes. Contribue \u00e0 la r\u00e9traction et au lifting de la paupi\u00e8re sup\u00e9rieure.<\/p>\n","protected":false},"excerpt":{"rendered":"<p>S\u00e9rum anti-\u00e2ge \u00ab Divine \u00bb de DXN aux cellules souches de pomme pour le visage, le cou et le d\u00e9collet\u00e9. Gr\u00e2ce \u00e0 une richesse d&#8217;ingr\u00e9dients actifs tels que des peptides antirides de technologie avanc\u00e9e, de l&#8217;acide hyaluronique, un complexe de vitamines E, C et F, du r\u00e9tinol A et des biosaccharides naturels, il renforce, prot\u00e8ge [&hellip;]<\/p>\n","protected":false},"featured_media":663,"comment_status":"open","ping_status":"open","template":"","meta":{"_acf_changed":false},"product_brand":[],"product_cat":[76],"product_tag":[],"class_list":{"0":"post-476","1":"product","2":"type-product","3":"status-publish","4":"has-post-thumbnail","6":"product_cat-kallow-cosmetics","7":"pa_package-30-ml","9":"first","10":"instock","11":"purchasable","12":"product-type-simple"},"acf":[],"_links":{"self":[{"href":"https:\/\/www.dxnwellness.eu\/es\/fr\/wp-json\/wp\/v2\/product\/476","targetHints":{"allow":["GET"]}}],"collection":[{"href":"https:\/\/www.dxnwellness.eu\/es\/fr\/wp-json\/wp\/v2\/product"}],"about":[{"href":"https:\/\/www.dxnwellness.eu\/es\/fr\/wp-json\/wp\/v2\/types\/product"}],"replies":[{"embeddable":true,"href":"https:\/\/www.dxnwellness.eu\/es\/fr\/wp-json\/wp\/v2\/comments?post=476"}],"wp:featuredmedia":[{"embeddable":true,"href":"https:\/\/www.dxnwellness.eu\/es\/fr\/wp-json\/wp\/v2\/media\/663"}],"wp:attachment":[{"href":"https:\/\/www.dxnwellness.eu\/es\/fr\/wp-json\/wp\/v2\/media?parent=476"}],"wp:term":[{"taxonomy":"product_brand","embeddable":true,"href":"https:\/\/www.dxnwellness.eu\/es\/fr\/wp-json\/wp\/v2\/product_brand?post=476"},{"taxonomy":"product_cat","embeddable":true,"href":"https:\/\/www.dxnwellness.eu\/es\/fr\/wp-json\/wp\/v2\/product_cat?post=476"},{"taxonomy":"product_tag","embeddable":true,"href":"https:\/\/www.dxnwellness.eu\/es\/fr\/wp-json\/wp\/v2\/product_tag?post=476"}],"curies":[{"name":"wp","href":"https:\/\/api.w.org\/{rel}","templated":true}]}}