{"id":474,"date":"2025-05-15T00:12:54","date_gmt":"2025-05-14T22:12:54","guid":{"rendered":"https:\/\/www.dxnwellness.eu\/es\/fr\/produit\/dxn-kallow-divine-touch-lifting-impact-eye-cream\/"},"modified":"2025-05-25T02:57:15","modified_gmt":"2025-05-25T00:57:15","slug":"dxn-kallow-divine-touch-lifting-impact-eye-cream","status":"publish","type":"product","link":"https:\/\/www.dxnwellness.eu\/es\/fr\/produit\/dxn-kallow-divine-touch-lifting-impact-eye-cream\/","title":{"rendered":"DXN Kallow \u2013 Divine Touch Lifting Impact Eye Cream"},"content":{"rendered":"<p>La Cr\u00e8me Contour des Yeux Divine Touch Lifting Instantan\u00e9 de DXN est un v\u00e9ritable miracle. Elle pr\u00e9vient et att\u00e9nue les cernes, les ridules et les signes de fatigue. Elle raffermit et redresse les tissus rel\u00e2ch\u00e9s de la paupi\u00e8re sup\u00e9rieure. L&#8217;acide hyaluronique qu&#8217;elle contient r\u00e9tablit l&#8217;\u00e9quilibre hydrolipidique et aide \u00e0 lisser les rides, tandis que les vitamines C, E et A, la caf\u00e9ine et les polyph\u00e9nols antioxydants du th\u00e9 vert sont les meilleurs actifs pour une r\u00e9g\u00e9n\u00e9ration imm\u00e9diate de votre peau. Ils tonifient, renforcent et laissent la peau fra\u00eeche et \u00e9clatante, tout en att\u00e9nuant les poches, en relaxant les muscles et en am\u00e9liorant la microcirculation.<\/p>\n","protected":false},"excerpt":{"rendered":"<p>La Cr\u00e8me Contour des Yeux Divine Touch Lifting Instantan\u00e9 de DXN est un v\u00e9ritable miracle. Elle pr\u00e9vient et att\u00e9nue les cernes, les ridules et les signes de fatigue. Elle raffermit et redresse les tissus rel\u00e2ch\u00e9s de la paupi\u00e8re sup\u00e9rieure. L&#8217;acide hyaluronique qu&#8217;elle contient r\u00e9tablit l&#8217;\u00e9quilibre hydrolipidique et aide \u00e0 lisser les rides, tandis que les [&hellip;]<\/p>\n","protected":false},"featured_media":660,"comment_status":"open","ping_status":"open","template":"","meta":{"_acf_changed":false},"product_brand":[],"product_cat":[76],"product_tag":[],"class_list":{"0":"post-474","1":"product","2":"type-product","3":"status-publish","4":"has-post-thumbnail","6":"product_cat-kallow-cosmetics","7":"pa_package-15-ml","9":"first","10":"instock","11":"purchasable","12":"product-type-simple"},"acf":[],"_links":{"self":[{"href":"https:\/\/www.dxnwellness.eu\/es\/fr\/wp-json\/wp\/v2\/product\/474","targetHints":{"allow":["GET"]}}],"collection":[{"href":"https:\/\/www.dxnwellness.eu\/es\/fr\/wp-json\/wp\/v2\/product"}],"about":[{"href":"https:\/\/www.dxnwellness.eu\/es\/fr\/wp-json\/wp\/v2\/types\/product"}],"replies":[{"embeddable":true,"href":"https:\/\/www.dxnwellness.eu\/es\/fr\/wp-json\/wp\/v2\/comments?post=474"}],"wp:featuredmedia":[{"embeddable":true,"href":"https:\/\/www.dxnwellness.eu\/es\/fr\/wp-json\/wp\/v2\/media\/660"}],"wp:attachment":[{"href":"https:\/\/www.dxnwellness.eu\/es\/fr\/wp-json\/wp\/v2\/media?parent=474"}],"wp:term":[{"taxonomy":"product_brand","embeddable":true,"href":"https:\/\/www.dxnwellness.eu\/es\/fr\/wp-json\/wp\/v2\/product_brand?post=474"},{"taxonomy":"product_cat","embeddable":true,"href":"https:\/\/www.dxnwellness.eu\/es\/fr\/wp-json\/wp\/v2\/product_cat?post=474"},{"taxonomy":"product_tag","embeddable":true,"href":"https:\/\/www.dxnwellness.eu\/es\/fr\/wp-json\/wp\/v2\/product_tag?post=474"}],"curies":[{"name":"wp","href":"https:\/\/api.w.org\/{rel}","templated":true}]}}