{"id":472,"date":"2025-05-15T00:12:54","date_gmt":"2025-05-14T22:12:54","guid":{"rendered":"https:\/\/www.dxnwellness.eu\/es\/fr\/produit\/dxn-kallow-high-protection-face-sunscreen-spf-50\/"},"modified":"2025-05-25T02:57:15","modified_gmt":"2025-05-25T00:57:15","slug":"dxn-kallow-high-protection-face-sunscreen-spf-50","status":"publish","type":"product","link":"https:\/\/www.dxnwellness.eu\/es\/fr\/produit\/dxn-kallow-high-protection-face-sunscreen-spf-50\/","title":{"rendered":"DXN Kallow \u2013 High Protection Face Sunscreen SPF 50"},"content":{"rendered":"<p>Cr\u00e8me solaire visage hydratante haute protection, enrichie en acide hyaluronique et en vitamine E. S&#8217;\u00e9tale facilement sur la peau, la laissant douce et hydrat\u00e9e. Elle pr\u00e9serve l&#8217;hydratation cutan\u00e9e en stimulant sa capacit\u00e9 de r\u00e9g\u00e9n\u00e9ration naturelle. Elle offre hydratation, protection et pr\u00e9vention du vieillissement cutan\u00e9.<\/p>\n","protected":false},"excerpt":{"rendered":"<p>Cr\u00e8me solaire visage hydratante haute protection, enrichie en acide hyaluronique et en vitamine E. S&#8217;\u00e9tale facilement sur la peau, la laissant douce et hydrat\u00e9e. Elle pr\u00e9serve l&#8217;hydratation cutan\u00e9e en stimulant sa capacit\u00e9 de r\u00e9g\u00e9n\u00e9ration naturelle. Elle offre hydratation, protection et pr\u00e9vention du vieillissement cutan\u00e9.<\/p>\n","protected":false},"featured_media":657,"comment_status":"open","ping_status":"open","template":"","meta":{"_acf_changed":false},"product_brand":[],"product_cat":[76],"product_tag":[],"class_list":{"0":"post-472","1":"product","2":"type-product","3":"status-publish","4":"has-post-thumbnail","6":"product_cat-kallow-cosmetics","7":"pa_package-50-ml","9":"first","10":"instock","11":"purchasable","12":"product-type-simple"},"acf":[],"_links":{"self":[{"href":"https:\/\/www.dxnwellness.eu\/es\/fr\/wp-json\/wp\/v2\/product\/472","targetHints":{"allow":["GET"]}}],"collection":[{"href":"https:\/\/www.dxnwellness.eu\/es\/fr\/wp-json\/wp\/v2\/product"}],"about":[{"href":"https:\/\/www.dxnwellness.eu\/es\/fr\/wp-json\/wp\/v2\/types\/product"}],"replies":[{"embeddable":true,"href":"https:\/\/www.dxnwellness.eu\/es\/fr\/wp-json\/wp\/v2\/comments?post=472"}],"wp:featuredmedia":[{"embeddable":true,"href":"https:\/\/www.dxnwellness.eu\/es\/fr\/wp-json\/wp\/v2\/media\/657"}],"wp:attachment":[{"href":"https:\/\/www.dxnwellness.eu\/es\/fr\/wp-json\/wp\/v2\/media?parent=472"}],"wp:term":[{"taxonomy":"product_brand","embeddable":true,"href":"https:\/\/www.dxnwellness.eu\/es\/fr\/wp-json\/wp\/v2\/product_brand?post=472"},{"taxonomy":"product_cat","embeddable":true,"href":"https:\/\/www.dxnwellness.eu\/es\/fr\/wp-json\/wp\/v2\/product_cat?post=472"},{"taxonomy":"product_tag","embeddable":true,"href":"https:\/\/www.dxnwellness.eu\/es\/fr\/wp-json\/wp\/v2\/product_tag?post=472"}],"curies":[{"name":"wp","href":"https:\/\/api.w.org\/{rel}","templated":true}]}}