{"id":470,"date":"2025-05-15T00:12:54","date_gmt":"2025-05-14T22:12:54","guid":{"rendered":"https:\/\/www.dxnwellness.eu\/es\/fr\/produit\/dxn-kallow-spirulina-avocado-hydrating-face-mask\/"},"modified":"2025-05-25T02:57:15","modified_gmt":"2025-05-25T00:57:15","slug":"dxn-kallow-spirulina-avocado-hydrating-face-mask","status":"publish","type":"product","link":"https:\/\/www.dxnwellness.eu\/es\/fr\/produit\/dxn-kallow-spirulina-avocado-hydrating-face-mask\/","title":{"rendered":"DXN Kallow \u2013 Spirulina &amp; Avocado Hydrating Face Mask"},"content":{"rendered":"<p>Masque de nuit hydratant intensif, enrichi en spiruline et en avocat. La peau est d\u00e9salt\u00e9r\u00e9e pendant la nuit et se r\u00e9veille rafra\u00eechie. Il aide \u00e0 lisser les ridules et p\u00e9n\u00e8tre les couches sup\u00e9rieures de l&#8217;\u00e9piderme pour retarder les signes de l&#8217;\u00e2ge, offrant ainsi une protection anti-\u00e2ge.<\/p>\n","protected":false},"excerpt":{"rendered":"<p>Masque de nuit hydratant intensif, enrichi en spiruline et en avocat. La peau est d\u00e9salt\u00e9r\u00e9e pendant la nuit et se r\u00e9veille rafra\u00eechie. Il aide \u00e0 lisser les ridules et p\u00e9n\u00e8tre les couches sup\u00e9rieures de l&#8217;\u00e9piderme pour retarder les signes de l&#8217;\u00e2ge, offrant ainsi une protection anti-\u00e2ge.<\/p>\n","protected":false},"featured_media":656,"comment_status":"open","ping_status":"open","template":"","meta":{"_acf_changed":false},"product_brand":[],"product_cat":[76],"product_tag":[],"class_list":{"0":"post-470","1":"product","2":"type-product","3":"status-publish","4":"has-post-thumbnail","6":"product_cat-kallow-cosmetics","7":"pa_package-75-ml","9":"first","10":"instock","11":"purchasable","12":"product-type-simple"},"acf":[],"_links":{"self":[{"href":"https:\/\/www.dxnwellness.eu\/es\/fr\/wp-json\/wp\/v2\/product\/470","targetHints":{"allow":["GET"]}}],"collection":[{"href":"https:\/\/www.dxnwellness.eu\/es\/fr\/wp-json\/wp\/v2\/product"}],"about":[{"href":"https:\/\/www.dxnwellness.eu\/es\/fr\/wp-json\/wp\/v2\/types\/product"}],"replies":[{"embeddable":true,"href":"https:\/\/www.dxnwellness.eu\/es\/fr\/wp-json\/wp\/v2\/comments?post=470"}],"wp:featuredmedia":[{"embeddable":true,"href":"https:\/\/www.dxnwellness.eu\/es\/fr\/wp-json\/wp\/v2\/media\/656"}],"wp:attachment":[{"href":"https:\/\/www.dxnwellness.eu\/es\/fr\/wp-json\/wp\/v2\/media?parent=470"}],"wp:term":[{"taxonomy":"product_brand","embeddable":true,"href":"https:\/\/www.dxnwellness.eu\/es\/fr\/wp-json\/wp\/v2\/product_brand?post=470"},{"taxonomy":"product_cat","embeddable":true,"href":"https:\/\/www.dxnwellness.eu\/es\/fr\/wp-json\/wp\/v2\/product_cat?post=470"},{"taxonomy":"product_tag","embeddable":true,"href":"https:\/\/www.dxnwellness.eu\/es\/fr\/wp-json\/wp\/v2\/product_tag?post=470"}],"curies":[{"name":"wp","href":"https:\/\/api.w.org\/{rel}","templated":true}]}}