{"id":468,"date":"2025-05-15T00:12:54","date_gmt":"2025-05-14T22:12:54","guid":{"rendered":"https:\/\/www.dxnwellness.eu\/es\/fr\/produit\/dxn-kallow-sage-witch-hazel-micellar-cleansing-tonic-water\/"},"modified":"2025-05-25T02:57:15","modified_gmt":"2025-05-25T00:57:15","slug":"dxn-kallow-sage-witch-hazel-micellar-cleansing-tonic-water","status":"publish","type":"product","link":"https:\/\/www.dxnwellness.eu\/es\/fr\/produit\/dxn-kallow-sage-witch-hazel-micellar-cleansing-tonic-water\/","title":{"rendered":"DXN Kallow \u2013 Sage &amp; Witch Hazel Micellar Cleansing Tonic Water"},"content":{"rendered":"<p>L&#8217;Eau Micellaire D\u00e9maquillante \u00e0 la Sauge et \u00e0 l&#8217;Hamam\u00e9lis nettoie en profondeur tout en offrant une hydratation intense, une protection anti-\u00e2ge et anti-pollution. Sp\u00e9cialement con\u00e7ue pour les peaux soumises quotidiennement aux agressions de la vie urbaine, elle poss\u00e8de des propri\u00e9t\u00e9s apaisantes, antibact\u00e9riennes, antioxydantes et cicatrisantes. Sans rin\u00e7age, elle nettoie en douceur, matifie et \u00e9limine les impuret\u00e9s, y compris le maquillage, du visage et des yeux. Id\u00e9ale pour le d\u00e9maquillage.<\/p>\n","protected":false},"excerpt":{"rendered":"<p>L&#8217;Eau Micellaire D\u00e9maquillante \u00e0 la Sauge et \u00e0 l&#8217;Hamam\u00e9lis nettoie en profondeur tout en offrant une hydratation intense, une protection anti-\u00e2ge et anti-pollution. Sp\u00e9cialement con\u00e7ue pour les peaux soumises quotidiennement aux agressions de la vie urbaine, elle poss\u00e8de des propri\u00e9t\u00e9s apaisantes, antibact\u00e9riennes, antioxydantes et cicatrisantes. Sans rin\u00e7age, elle nettoie en douceur, matifie et \u00e9limine les [&hellip;]<\/p>\n","protected":false},"featured_media":655,"comment_status":"open","ping_status":"open","template":"","meta":{"_acf_changed":false},"product_brand":[],"product_cat":[76],"product_tag":[],"class_list":{"0":"post-468","1":"product","2":"type-product","3":"status-publish","4":"has-post-thumbnail","6":"product_cat-kallow-cosmetics","7":"pa_package-200-ml","9":"first","10":"instock","11":"purchasable","12":"product-type-simple"},"acf":[],"_links":{"self":[{"href":"https:\/\/www.dxnwellness.eu\/es\/fr\/wp-json\/wp\/v2\/product\/468","targetHints":{"allow":["GET"]}}],"collection":[{"href":"https:\/\/www.dxnwellness.eu\/es\/fr\/wp-json\/wp\/v2\/product"}],"about":[{"href":"https:\/\/www.dxnwellness.eu\/es\/fr\/wp-json\/wp\/v2\/types\/product"}],"replies":[{"embeddable":true,"href":"https:\/\/www.dxnwellness.eu\/es\/fr\/wp-json\/wp\/v2\/comments?post=468"}],"wp:featuredmedia":[{"embeddable":true,"href":"https:\/\/www.dxnwellness.eu\/es\/fr\/wp-json\/wp\/v2\/media\/655"}],"wp:attachment":[{"href":"https:\/\/www.dxnwellness.eu\/es\/fr\/wp-json\/wp\/v2\/media?parent=468"}],"wp:term":[{"taxonomy":"product_brand","embeddable":true,"href":"https:\/\/www.dxnwellness.eu\/es\/fr\/wp-json\/wp\/v2\/product_brand?post=468"},{"taxonomy":"product_cat","embeddable":true,"href":"https:\/\/www.dxnwellness.eu\/es\/fr\/wp-json\/wp\/v2\/product_cat?post=468"},{"taxonomy":"product_tag","embeddable":true,"href":"https:\/\/www.dxnwellness.eu\/es\/fr\/wp-json\/wp\/v2\/product_tag?post=468"}],"curies":[{"name":"wp","href":"https:\/\/api.w.org\/{rel}","templated":true}]}}