{"id":466,"date":"2025-05-15T00:12:54","date_gmt":"2025-05-14T22:12:54","guid":{"rendered":"https:\/\/www.dxnwellness.eu\/es\/fr\/produit\/dxn-kallow-argan-grapeseed-oil-hydrating-face-cream\/"},"modified":"2025-05-25T02:57:15","modified_gmt":"2025-05-25T00:57:15","slug":"dxn-kallow-argan-grapeseed-oil-hydrating-face-cream","status":"publish","type":"product","link":"https:\/\/www.dxnwellness.eu\/es\/fr\/produit\/dxn-kallow-argan-grapeseed-oil-hydrating-face-cream\/","title":{"rendered":"DXN Kallow \u2013 Argan &amp; Grapeseed Oil Hydrating Face Cream"},"content":{"rendered":"<p>Une cr\u00e8me l\u00e9g\u00e8re et ultra-absorbante qui p\u00e9n\u00e8tre en profondeur et procure une hydratation longue dur\u00e9e. L&#8217;association puissante d&#8217;acide hyaluronique et d&#8217;huile d&#8217;argan, alli\u00e9e \u00e0 l&#8217;action antioxydante de la vitamine E et de l&#8217;huile de p\u00e9pins de raisin, stimule la production de collag\u00e8ne, apporte \u00e9lasticit\u00e9, prot\u00e8ge la peau des polluants et offre une hydratation imm\u00e9diate et intense.<\/p>\n","protected":false},"excerpt":{"rendered":"<p>Une cr\u00e8me l\u00e9g\u00e8re et ultra-absorbante qui p\u00e9n\u00e8tre en profondeur et procure une hydratation longue dur\u00e9e. L&#8217;association puissante d&#8217;acide hyaluronique et d&#8217;huile d&#8217;argan, alli\u00e9e \u00e0 l&#8217;action antioxydante de la vitamine E et de l&#8217;huile de p\u00e9pins de raisin, stimule la production de collag\u00e8ne, apporte \u00e9lasticit\u00e9, prot\u00e8ge la peau des polluants et offre une hydratation imm\u00e9diate et [&hellip;]<\/p>\n","protected":false},"featured_media":652,"comment_status":"open","ping_status":"open","template":"","meta":{"_acf_changed":false},"product_brand":[],"product_cat":[76],"product_tag":[],"class_list":{"0":"post-466","1":"product","2":"type-product","3":"status-publish","4":"has-post-thumbnail","6":"product_cat-kallow-cosmetics","7":"pa_package-50-ml","9":"first","10":"instock","11":"purchasable","12":"product-type-simple"},"acf":[],"_links":{"self":[{"href":"https:\/\/www.dxnwellness.eu\/es\/fr\/wp-json\/wp\/v2\/product\/466","targetHints":{"allow":["GET"]}}],"collection":[{"href":"https:\/\/www.dxnwellness.eu\/es\/fr\/wp-json\/wp\/v2\/product"}],"about":[{"href":"https:\/\/www.dxnwellness.eu\/es\/fr\/wp-json\/wp\/v2\/types\/product"}],"replies":[{"embeddable":true,"href":"https:\/\/www.dxnwellness.eu\/es\/fr\/wp-json\/wp\/v2\/comments?post=466"}],"wp:featuredmedia":[{"embeddable":true,"href":"https:\/\/www.dxnwellness.eu\/es\/fr\/wp-json\/wp\/v2\/media\/652"}],"wp:attachment":[{"href":"https:\/\/www.dxnwellness.eu\/es\/fr\/wp-json\/wp\/v2\/media?parent=466"}],"wp:term":[{"taxonomy":"product_brand","embeddable":true,"href":"https:\/\/www.dxnwellness.eu\/es\/fr\/wp-json\/wp\/v2\/product_brand?post=466"},{"taxonomy":"product_cat","embeddable":true,"href":"https:\/\/www.dxnwellness.eu\/es\/fr\/wp-json\/wp\/v2\/product_cat?post=466"},{"taxonomy":"product_tag","embeddable":true,"href":"https:\/\/www.dxnwellness.eu\/es\/fr\/wp-json\/wp\/v2\/product_tag?post=466"}],"curies":[{"name":"wp","href":"https:\/\/api.w.org\/{rel}","templated":true}]}}