{"id":462,"date":"2025-05-15T00:12:54","date_gmt":"2025-05-14T22:12:54","guid":{"rendered":"https:\/\/www.dxnwellness.eu\/es\/fr\/produit\/dxn-kallow-aloe-chamomile-instant-foaming-cleanser\/"},"modified":"2025-05-25T02:57:14","modified_gmt":"2025-05-25T00:57:14","slug":"dxn-kallow-aloe-chamomile-instant-foaming-cleanser","status":"publish","type":"product","link":"https:\/\/www.dxnwellness.eu\/es\/fr\/produit\/dxn-kallow-aloe-chamomile-instant-foaming-cleanser\/","title":{"rendered":"DXN Kallow \u2013 Aloe &amp; Chamomile Instant Foaming Cleanser"},"content":{"rendered":"<p>Nettoyant visage moussant doux \u00e0 l&#8217;aloe vera et \u00e0 la camomille, ingr\u00e9dients reconnus pour leurs bienfaits depuis l&#8217;Antiquit\u00e9. Il p\u00e9n\u00e8tre profond\u00e9ment dans les pores de la peau et offre un nettoyage en profondeur en \u00e9liminant les impuret\u00e9s et le s\u00e9bum sans les dilater. L&#8217;effet hautement antioxydant et apaisant de ses ingr\u00e9dients le rend adapt\u00e9 \u00e0 tous les types de peau, soulageant les irritations et offrant hydratation et r\u00e9g\u00e9n\u00e9ration.<\/p>\n","protected":false},"excerpt":{"rendered":"<p>Nettoyant visage moussant doux \u00e0 l&#8217;aloe vera et \u00e0 la camomille, ingr\u00e9dients reconnus pour leurs bienfaits depuis l&#8217;Antiquit\u00e9. Il p\u00e9n\u00e8tre profond\u00e9ment dans les pores de la peau et offre un nettoyage en profondeur en \u00e9liminant les impuret\u00e9s et le s\u00e9bum sans les dilater. L&#8217;effet hautement antioxydant et apaisant de ses ingr\u00e9dients le rend adapt\u00e9 \u00e0 [&hellip;]<\/p>\n","protected":false},"featured_media":648,"comment_status":"open","ping_status":"open","template":"","meta":{"_acf_changed":false},"product_brand":[],"product_cat":[76],"product_tag":[],"class_list":{"0":"post-462","1":"product","2":"type-product","3":"status-publish","4":"has-post-thumbnail","6":"product_cat-kallow-cosmetics","7":"pa_package-150-ml","9":"first","10":"instock","11":"purchasable","12":"product-type-simple"},"acf":[],"_links":{"self":[{"href":"https:\/\/www.dxnwellness.eu\/es\/fr\/wp-json\/wp\/v2\/product\/462","targetHints":{"allow":["GET"]}}],"collection":[{"href":"https:\/\/www.dxnwellness.eu\/es\/fr\/wp-json\/wp\/v2\/product"}],"about":[{"href":"https:\/\/www.dxnwellness.eu\/es\/fr\/wp-json\/wp\/v2\/types\/product"}],"replies":[{"embeddable":true,"href":"https:\/\/www.dxnwellness.eu\/es\/fr\/wp-json\/wp\/v2\/comments?post=462"}],"wp:featuredmedia":[{"embeddable":true,"href":"https:\/\/www.dxnwellness.eu\/es\/fr\/wp-json\/wp\/v2\/media\/648"}],"wp:attachment":[{"href":"https:\/\/www.dxnwellness.eu\/es\/fr\/wp-json\/wp\/v2\/media?parent=462"}],"wp:term":[{"taxonomy":"product_brand","embeddable":true,"href":"https:\/\/www.dxnwellness.eu\/es\/fr\/wp-json\/wp\/v2\/product_brand?post=462"},{"taxonomy":"product_cat","embeddable":true,"href":"https:\/\/www.dxnwellness.eu\/es\/fr\/wp-json\/wp\/v2\/product_cat?post=462"},{"taxonomy":"product_tag","embeddable":true,"href":"https:\/\/www.dxnwellness.eu\/es\/fr\/wp-json\/wp\/v2\/product_tag?post=462"}],"curies":[{"name":"wp","href":"https:\/\/api.w.org\/{rel}","templated":true}]}}