{"id":460,"date":"2025-05-15T00:12:54","date_gmt":"2025-05-14T22:12:54","guid":{"rendered":"https:\/\/www.dxnwellness.eu\/es\/fr\/produit\/dxn-chubby-baby-oil\/"},"modified":"2025-05-25T02:57:14","modified_gmt":"2025-05-25T00:57:14","slug":"dxn-chubby-baby-oil","status":"publish","type":"product","link":"https:\/\/www.dxnwellness.eu\/es\/fr\/produit\/dxn-chubby-baby-oil\/","title":{"rendered":"DXN Chubby Baby Oil"},"content":{"rendered":"<p>Chouchoutez votre tout-petit avec l&#8217;huile pour b\u00e9b\u00e9 Chubby DXN, enrichie en huile de tournesol et en un m\u00e9lange d&#8217;ingr\u00e9dients botaniques doux, dont des extraits de fleur de chrysanth\u00e8me, de racine de r\u00e9glisse, de racine de sophora angustifolia et de racine d&#8217;ang\u00e9lique g\u00e9ante. Cette huile apaisante est sp\u00e9cialement formul\u00e9e pour maintenir l&#8217;hydratation de la peau, m\u00eame dans les zones difficiles d&#8217;acc\u00e8s. Assez douce pour la peau d\u00e9licate des b\u00e9b\u00e9s, elle est aussi polyvalente que polyvalente pour les jeunes et les adultes, pour nettoyer, d\u00e9maquiller ou adoucir les zones rugueuses comme les coudes ou les talons.<\/p>\n<p>Offrez \u00e0 la peau de votre b\u00e9b\u00e9 les soins nourrissants qu&#8217;elle m\u00e9rite avec l&#8217;huile pour b\u00e9b\u00e9 Chubby DXN, parfaite pour les peaux sensibles !<\/p>\n","protected":false},"excerpt":{"rendered":"<p>Chouchoutez votre tout-petit avec l&#8217;huile pour b\u00e9b\u00e9 Chubby DXN, enrichie en huile de tournesol et en un m\u00e9lange d&#8217;ingr\u00e9dients botaniques doux, dont des extraits de fleur de chrysanth\u00e8me, de racine de r\u00e9glisse, de racine de sophora angustifolia et de racine d&#8217;ang\u00e9lique g\u00e9ante. Cette huile apaisante est sp\u00e9cialement formul\u00e9e pour maintenir l&#8217;hydratation de la peau, m\u00eame [&hellip;]<\/p>\n","protected":false},"featured_media":647,"comment_status":"open","ping_status":"open","template":"","meta":{"_acf_changed":false},"product_brand":[],"product_cat":[68],"product_tag":[],"class_list":{"0":"post-460","1":"product","2":"type-product","3":"status-publish","4":"has-post-thumbnail","6":"product_cat-soins-personnels","7":"pa_package-200-ml","9":"first","10":"instock","11":"purchasable","12":"product-type-simple"},"acf":[],"_links":{"self":[{"href":"https:\/\/www.dxnwellness.eu\/es\/fr\/wp-json\/wp\/v2\/product\/460","targetHints":{"allow":["GET"]}}],"collection":[{"href":"https:\/\/www.dxnwellness.eu\/es\/fr\/wp-json\/wp\/v2\/product"}],"about":[{"href":"https:\/\/www.dxnwellness.eu\/es\/fr\/wp-json\/wp\/v2\/types\/product"}],"replies":[{"embeddable":true,"href":"https:\/\/www.dxnwellness.eu\/es\/fr\/wp-json\/wp\/v2\/comments?post=460"}],"wp:featuredmedia":[{"embeddable":true,"href":"https:\/\/www.dxnwellness.eu\/es\/fr\/wp-json\/wp\/v2\/media\/647"}],"wp:attachment":[{"href":"https:\/\/www.dxnwellness.eu\/es\/fr\/wp-json\/wp\/v2\/media?parent=460"}],"wp:term":[{"taxonomy":"product_brand","embeddable":true,"href":"https:\/\/www.dxnwellness.eu\/es\/fr\/wp-json\/wp\/v2\/product_brand?post=460"},{"taxonomy":"product_cat","embeddable":true,"href":"https:\/\/www.dxnwellness.eu\/es\/fr\/wp-json\/wp\/v2\/product_cat?post=460"},{"taxonomy":"product_tag","embeddable":true,"href":"https:\/\/www.dxnwellness.eu\/es\/fr\/wp-json\/wp\/v2\/product_tag?post=460"}],"curies":[{"name":"wp","href":"https:\/\/api.w.org\/{rel}","templated":true}]}}