{"id":458,"date":"2025-05-15T00:12:50","date_gmt":"2025-05-14T22:12:50","guid":{"rendered":"https:\/\/www.dxnwellness.eu\/es\/fr\/produit\/dxn-gano-massage-oil\/"},"modified":"2025-05-25T02:57:14","modified_gmt":"2025-05-25T00:57:14","slug":"dxn-gano-massage-oil","status":"publish","type":"product","link":"https:\/\/www.dxnwellness.eu\/es\/fr\/produit\/dxn-gano-massage-oil\/","title":{"rendered":"DXN Gano Massage Oil"},"content":{"rendered":"<p>Laissez-vous tenter par les bienfaits apaisants de l&#8217;huile de massage DXN Gano, un m\u00e9lange luxueux d&#8217;huile de palme premium et d&#8217;extrait de champignon Ganoderma lucidum. Cette huile nourrissante aide \u00e0 d\u00e9tendre les muscles, hydrate la peau et procure une sensation de fra\u00eecheur et de rajeunissement. Id\u00e9ale pour les soins de la peau, c&#8217;est une fa\u00e7on naturelle de chouchouter votre corps et de vous d\u00e9tendre.<\/p>\n<p>Rajeunissez votre corps avec le pouvoir apaisant et nourrissant de l&#8217;huile de massage DXN Gano !<\/p>\n","protected":false},"excerpt":{"rendered":"<p>Laissez-vous tenter par les bienfaits apaisants de l&#8217;huile de massage DXN Gano, un m\u00e9lange luxueux d&#8217;huile de palme premium et d&#8217;extrait de champignon Ganoderma lucidum. Cette huile nourrissante aide \u00e0 d\u00e9tendre les muscles, hydrate la peau et procure une sensation de fra\u00eecheur et de rajeunissement. Id\u00e9ale pour les soins de la peau, c&#8217;est une fa\u00e7on [&hellip;]<\/p>\n","protected":false},"featured_media":646,"comment_status":"open","ping_status":"open","template":"","meta":{"_acf_changed":false},"product_brand":[],"product_cat":[68],"product_tag":[],"class_list":{"0":"post-458","1":"product","2":"type-product","3":"status-publish","4":"has-post-thumbnail","6":"product_cat-soins-personnels","7":"pa_package-75-ml","9":"first","10":"instock","11":"purchasable","12":"product-type-simple"},"acf":[],"_links":{"self":[{"href":"https:\/\/www.dxnwellness.eu\/es\/fr\/wp-json\/wp\/v2\/product\/458","targetHints":{"allow":["GET"]}}],"collection":[{"href":"https:\/\/www.dxnwellness.eu\/es\/fr\/wp-json\/wp\/v2\/product"}],"about":[{"href":"https:\/\/www.dxnwellness.eu\/es\/fr\/wp-json\/wp\/v2\/types\/product"}],"replies":[{"embeddable":true,"href":"https:\/\/www.dxnwellness.eu\/es\/fr\/wp-json\/wp\/v2\/comments?post=458"}],"wp:featuredmedia":[{"embeddable":true,"href":"https:\/\/www.dxnwellness.eu\/es\/fr\/wp-json\/wp\/v2\/media\/646"}],"wp:attachment":[{"href":"https:\/\/www.dxnwellness.eu\/es\/fr\/wp-json\/wp\/v2\/media?parent=458"}],"wp:term":[{"taxonomy":"product_brand","embeddable":true,"href":"https:\/\/www.dxnwellness.eu\/es\/fr\/wp-json\/wp\/v2\/product_brand?post=458"},{"taxonomy":"product_cat","embeddable":true,"href":"https:\/\/www.dxnwellness.eu\/es\/fr\/wp-json\/wp\/v2\/product_cat?post=458"},{"taxonomy":"product_tag","embeddable":true,"href":"https:\/\/www.dxnwellness.eu\/es\/fr\/wp-json\/wp\/v2\/product_tag?post=458"}],"curies":[{"name":"wp","href":"https:\/\/api.w.org\/{rel}","templated":true}]}}