{"id":456,"date":"2025-05-15T00:12:50","date_gmt":"2025-05-14T22:12:50","guid":{"rendered":"https:\/\/www.dxnwellness.eu\/es\/fr\/produit\/dxn-ganozhi-soap\/"},"modified":"2025-05-25T02:57:14","modified_gmt":"2025-05-25T00:57:14","slug":"dxn-ganozhi-soap","status":"publish","type":"product","link":"https:\/\/www.dxnwellness.eu\/es\/fr\/produit\/dxn-ganozhi-soap\/","title":{"rendered":"DXN Ganozhi Soap"},"content":{"rendered":"<p>Revitalisez votre peau avec le savon Ganozhi DXN, enrichi en extrait de champignon Ganoderma lucidum. Ce savon doux nettoie la peau tout en pr\u00e9servant son hydratation naturelle. Les propri\u00e9t\u00e9s nourrissantes du Ganoderma laissent votre peau fra\u00eeche, lisse et rajeunie \u00e0 chaque utilisation.<\/p>\n<p>D\u00e9couvrez le soin rafra\u00eechissant et rajeunissant du savon DXN Ganozhi, votre choix parfait pour une peau naturellement nourrie !<\/p>\n","protected":false},"excerpt":{"rendered":"<p>Revitalisez votre peau avec le savon Ganozhi DXN, enrichi en extrait de champignon Ganoderma lucidum. Ce savon doux nettoie la peau tout en pr\u00e9servant son hydratation naturelle. Les propri\u00e9t\u00e9s nourrissantes du Ganoderma laissent votre peau fra\u00eeche, lisse et rajeunie \u00e0 chaque utilisation. D\u00e9couvrez le soin rafra\u00eechissant et rajeunissant du savon DXN Ganozhi, votre choix parfait [&hellip;]<\/p>\n","protected":false},"featured_media":645,"comment_status":"open","ping_status":"open","template":"","meta":{"_acf_changed":false},"product_brand":[],"product_cat":[68],"product_tag":[],"class_list":{"0":"post-456","1":"product","2":"type-product","3":"status-publish","4":"has-post-thumbnail","6":"product_cat-soins-personnels","7":"pa_package-80-g","9":"first","10":"instock","11":"purchasable","12":"product-type-simple"},"acf":[],"_links":{"self":[{"href":"https:\/\/www.dxnwellness.eu\/es\/fr\/wp-json\/wp\/v2\/product\/456","targetHints":{"allow":["GET"]}}],"collection":[{"href":"https:\/\/www.dxnwellness.eu\/es\/fr\/wp-json\/wp\/v2\/product"}],"about":[{"href":"https:\/\/www.dxnwellness.eu\/es\/fr\/wp-json\/wp\/v2\/types\/product"}],"replies":[{"embeddable":true,"href":"https:\/\/www.dxnwellness.eu\/es\/fr\/wp-json\/wp\/v2\/comments?post=456"}],"wp:featuredmedia":[{"embeddable":true,"href":"https:\/\/www.dxnwellness.eu\/es\/fr\/wp-json\/wp\/v2\/media\/645"}],"wp:attachment":[{"href":"https:\/\/www.dxnwellness.eu\/es\/fr\/wp-json\/wp\/v2\/media?parent=456"}],"wp:term":[{"taxonomy":"product_brand","embeddable":true,"href":"https:\/\/www.dxnwellness.eu\/es\/fr\/wp-json\/wp\/v2\/product_brand?post=456"},{"taxonomy":"product_cat","embeddable":true,"href":"https:\/\/www.dxnwellness.eu\/es\/fr\/wp-json\/wp\/v2\/product_cat?post=456"},{"taxonomy":"product_tag","embeddable":true,"href":"https:\/\/www.dxnwellness.eu\/es\/fr\/wp-json\/wp\/v2\/product_tag?post=456"}],"curies":[{"name":"wp","href":"https:\/\/api.w.org\/{rel}","templated":true}]}}