{"id":454,"date":"2025-05-15T00:12:50","date_gmt":"2025-05-14T22:12:50","guid":{"rendered":"https:\/\/www.dxnwellness.eu\/es\/fr\/produit\/dxn-zhicare-toothpaste\/"},"modified":"2025-05-25T02:57:14","modified_gmt":"2025-05-25T00:57:14","slug":"dxn-zhicare-toothpaste","status":"publish","type":"product","link":"https:\/\/www.dxnwellness.eu\/es\/fr\/produit\/dxn-zhicare-toothpaste\/","title":{"rendered":"DXN Zhicare Toothpaste"},"content":{"rendered":"<p>Vivez une exp\u00e9rience de brossage unique avec le dentifrice DXN Zhicare, formul\u00e9 \u00e0 partir d&#8217;un m\u00e9lange de menthol, de st\u00e9via, de clou de girofle, d&#8217;extrait de ganoderme, de cannelle, d&#8217;huile d&#8217;arbre \u00e0 th\u00e9 et d&#8217;aloe vera. Ce dentifrice unique nettoie les dents et rafra\u00eechit l&#8217;haleine tout en offrant un brossage rafra\u00eechissant et non moussant, au go\u00fbt sal\u00e9 unique. Con\u00e7u pour \u00eatre doux pour les gencives, il offre une hygi\u00e8ne bucco-dentaire quotidienne avec une touche naturelle.<\/p>\n<p>Offrez \u00e0 vos dents les soins qu\u2019elles m\u00e9ritent gr\u00e2ce \u00e0 la puissance des ingr\u00e9dients naturels du dentifrice DXN Zhicare !<\/p>\n","protected":false},"excerpt":{"rendered":"<p>Vivez une exp\u00e9rience de brossage unique avec le dentifrice DXN Zhicare, formul\u00e9 \u00e0 partir d&#8217;un m\u00e9lange de menthol, de st\u00e9via, de clou de girofle, d&#8217;extrait de ganoderme, de cannelle, d&#8217;huile d&#8217;arbre \u00e0 th\u00e9 et d&#8217;aloe vera. Ce dentifrice unique nettoie les dents et rafra\u00eechit l&#8217;haleine tout en offrant un brossage rafra\u00eechissant et non moussant, au [&hellip;]<\/p>\n","protected":false},"featured_media":644,"comment_status":"open","ping_status":"open","template":"","meta":{"_acf_changed":false},"product_brand":[],"product_cat":[68],"product_tag":[],"class_list":{"0":"post-454","1":"product","2":"type-product","3":"status-publish","4":"has-post-thumbnail","6":"product_cat-soins-personnels","7":"pa_package-100-g","9":"first","10":"instock","11":"purchasable","12":"product-type-simple"},"acf":[],"_links":{"self":[{"href":"https:\/\/www.dxnwellness.eu\/es\/fr\/wp-json\/wp\/v2\/product\/454","targetHints":{"allow":["GET"]}}],"collection":[{"href":"https:\/\/www.dxnwellness.eu\/es\/fr\/wp-json\/wp\/v2\/product"}],"about":[{"href":"https:\/\/www.dxnwellness.eu\/es\/fr\/wp-json\/wp\/v2\/types\/product"}],"replies":[{"embeddable":true,"href":"https:\/\/www.dxnwellness.eu\/es\/fr\/wp-json\/wp\/v2\/comments?post=454"}],"wp:featuredmedia":[{"embeddable":true,"href":"https:\/\/www.dxnwellness.eu\/es\/fr\/wp-json\/wp\/v2\/media\/644"}],"wp:attachment":[{"href":"https:\/\/www.dxnwellness.eu\/es\/fr\/wp-json\/wp\/v2\/media?parent=454"}],"wp:term":[{"taxonomy":"product_brand","embeddable":true,"href":"https:\/\/www.dxnwellness.eu\/es\/fr\/wp-json\/wp\/v2\/product_brand?post=454"},{"taxonomy":"product_cat","embeddable":true,"href":"https:\/\/www.dxnwellness.eu\/es\/fr\/wp-json\/wp\/v2\/product_cat?post=454"},{"taxonomy":"product_tag","embeddable":true,"href":"https:\/\/www.dxnwellness.eu\/es\/fr\/wp-json\/wp\/v2\/product_tag?post=454"}],"curies":[{"name":"wp","href":"https:\/\/api.w.org\/{rel}","templated":true}]}}