{"id":449,"date":"2025-05-15T00:12:50","date_gmt":"2025-05-14T22:12:50","guid":{"rendered":"https:\/\/www.dxnwellness.eu\/es\/fr\/produit\/dxn-ganozhi-toothpaste\/"},"modified":"2025-05-25T02:57:16","modified_gmt":"2025-05-25T00:57:16","slug":"dxn-ganozhi-toothpaste","status":"publish","type":"product","link":"https:\/\/www.dxnwellness.eu\/es\/fr\/produit\/dxn-ganozhi-toothpaste\/","title":{"rendered":"DXN Ganozhi Toothpaste"},"content":{"rendered":"<p>Rafra\u00eechissez votre sourire avec le dentifrice DXN Ganozhi, enrichi en extrait de champignon Ganoderma lucidum pour une hygi\u00e8ne bucco-dentaire optimale. Ce dentifrice doux nettoie vos dents et pr\u00e9serve la sant\u00e9 de vos gencives, laissant une sensation de fra\u00eecheur dans votre bouche. Sa formule unique, sans colorants ni saccharine, offre une approche naturelle pour une hygi\u00e8ne bucco-dentaire optimale.<\/p>\n<p>Gardez votre haleine fra\u00eeche et votre sourire \u00e9clatant avec le soin doux du dentifrice DXN Ganozhi !<\/p>\n","protected":false},"excerpt":{"rendered":"<p>Rafra\u00eechissez votre sourire avec le dentifrice DXN Ganozhi, enrichi en extrait de champignon Ganoderma lucidum pour une hygi\u00e8ne bucco-dentaire optimale. Ce dentifrice doux nettoie vos dents et pr\u00e9serve la sant\u00e9 de vos gencives, laissant une sensation de fra\u00eecheur dans votre bouche. Sa formule unique, sans colorants ni saccharine, offre une approche naturelle pour une hygi\u00e8ne [&hellip;]<\/p>\n","protected":false},"featured_media":641,"comment_status":"open","ping_status":"open","template":"","meta":{"_acf_changed":false},"product_brand":[],"product_cat":[68],"product_tag":[],"class_list":{"0":"post-449","1":"product","2":"type-product","3":"status-publish","4":"has-post-thumbnail","6":"product_cat-soins-personnels","7":"pa_package-150-g","8":"pa_package-4x40-g","10":"first","11":"instock","12":"purchasable","13":"product-type-variable"},"acf":[],"_links":{"self":[{"href":"https:\/\/www.dxnwellness.eu\/es\/fr\/wp-json\/wp\/v2\/product\/449","targetHints":{"allow":["GET"]}}],"collection":[{"href":"https:\/\/www.dxnwellness.eu\/es\/fr\/wp-json\/wp\/v2\/product"}],"about":[{"href":"https:\/\/www.dxnwellness.eu\/es\/fr\/wp-json\/wp\/v2\/types\/product"}],"replies":[{"embeddable":true,"href":"https:\/\/www.dxnwellness.eu\/es\/fr\/wp-json\/wp\/v2\/comments?post=449"}],"wp:featuredmedia":[{"embeddable":true,"href":"https:\/\/www.dxnwellness.eu\/es\/fr\/wp-json\/wp\/v2\/media\/641"}],"wp:attachment":[{"href":"https:\/\/www.dxnwellness.eu\/es\/fr\/wp-json\/wp\/v2\/media?parent=449"}],"wp:term":[{"taxonomy":"product_brand","embeddable":true,"href":"https:\/\/www.dxnwellness.eu\/es\/fr\/wp-json\/wp\/v2\/product_brand?post=449"},{"taxonomy":"product_cat","embeddable":true,"href":"https:\/\/www.dxnwellness.eu\/es\/fr\/wp-json\/wp\/v2\/product_cat?post=449"},{"taxonomy":"product_tag","embeddable":true,"href":"https:\/\/www.dxnwellness.eu\/es\/fr\/wp-json\/wp\/v2\/product_tag?post=449"}],"curies":[{"name":"wp","href":"https:\/\/api.w.org\/{rel}","templated":true}]}}