{"id":447,"date":"2025-05-15T00:12:50","date_gmt":"2025-05-14T22:12:50","guid":{"rendered":"https:\/\/www.dxnwellness.eu\/es\/fr\/produit\/dxn-ganozhi-body-foam\/"},"modified":"2025-05-25T02:57:14","modified_gmt":"2025-05-25T00:57:14","slug":"dxn-ganozhi-body-foam","status":"publish","type":"product","link":"https:\/\/www.dxnwellness.eu\/es\/fr\/produit\/dxn-ganozhi-body-foam\/","title":{"rendered":"DXN Ganozhi Body Foam"},"content":{"rendered":"<p>Chouchoutez votre peau avec la mousse corporelle DXN Ganozhi, formul\u00e9e \u00e0 base de poudre de champignon Ganoderma lucidum et de vitamine E. Cette mousse douce nettoie efficacement tout en pr\u00e9servant l&#8217;\u00e9quilibre hydrique naturel de la peau. Avec sa couleur brune unique et son parfum naturel, elle offre une sensation de fra\u00eecheur, id\u00e9ale apr\u00e8s une exposition au soleil, surtout en \u00e9t\u00e9.<\/p>\n<p>Offrez \u00e0 votre peau le nettoyage doux et rafra\u00eechissant de la mousse corporelle DXN Ganozhi et profitez d&#8217;une peau douce et nourrie chaque jour !<\/p>\n","protected":false},"excerpt":{"rendered":"<p>Chouchoutez votre peau avec la mousse corporelle DXN Ganozhi, formul\u00e9e \u00e0 base de poudre de champignon Ganoderma lucidum et de vitamine E. Cette mousse douce nettoie efficacement tout en pr\u00e9servant l&#8217;\u00e9quilibre hydrique naturel de la peau. Avec sa couleur brune unique et son parfum naturel, elle offre une sensation de fra\u00eecheur, id\u00e9ale apr\u00e8s une exposition [&hellip;]<\/p>\n","protected":false},"featured_media":640,"comment_status":"open","ping_status":"open","template":"","meta":{"_acf_changed":false},"product_brand":[],"product_cat":[68],"product_tag":[],"class_list":{"0":"post-447","1":"product","2":"type-product","3":"status-publish","4":"has-post-thumbnail","6":"product_cat-soins-personnels","7":"pa_package-250-ml","9":"first","10":"instock","11":"purchasable","12":"product-type-simple"},"acf":[],"_links":{"self":[{"href":"https:\/\/www.dxnwellness.eu\/es\/fr\/wp-json\/wp\/v2\/product\/447","targetHints":{"allow":["GET"]}}],"collection":[{"href":"https:\/\/www.dxnwellness.eu\/es\/fr\/wp-json\/wp\/v2\/product"}],"about":[{"href":"https:\/\/www.dxnwellness.eu\/es\/fr\/wp-json\/wp\/v2\/types\/product"}],"replies":[{"embeddable":true,"href":"https:\/\/www.dxnwellness.eu\/es\/fr\/wp-json\/wp\/v2\/comments?post=447"}],"wp:featuredmedia":[{"embeddable":true,"href":"https:\/\/www.dxnwellness.eu\/es\/fr\/wp-json\/wp\/v2\/media\/640"}],"wp:attachment":[{"href":"https:\/\/www.dxnwellness.eu\/es\/fr\/wp-json\/wp\/v2\/media?parent=447"}],"wp:term":[{"taxonomy":"product_brand","embeddable":true,"href":"https:\/\/www.dxnwellness.eu\/es\/fr\/wp-json\/wp\/v2\/product_brand?post=447"},{"taxonomy":"product_cat","embeddable":true,"href":"https:\/\/www.dxnwellness.eu\/es\/fr\/wp-json\/wp\/v2\/product_cat?post=447"},{"taxonomy":"product_tag","embeddable":true,"href":"https:\/\/www.dxnwellness.eu\/es\/fr\/wp-json\/wp\/v2\/product_tag?post=447"}],"curies":[{"name":"wp","href":"https:\/\/api.w.org\/{rel}","templated":true}]}}