{"id":445,"date":"2025-05-15T00:12:50","date_gmt":"2025-05-14T22:12:50","guid":{"rendered":"https:\/\/www.dxnwellness.eu\/es\/fr\/produit\/dxn-ganozhi-shampoo\/"},"modified":"2025-05-25T02:57:14","modified_gmt":"2025-05-25T00:57:14","slug":"dxn-ganozhi-shampoo","status":"publish","type":"product","link":"https:\/\/www.dxnwellness.eu\/es\/fr\/produit\/dxn-ganozhi-shampoo\/","title":{"rendered":"DXN Ganozhi Shampoo"},"content":{"rendered":"<p>Revitalisez vos cheveux avec le shampoing DXN Ganozhi, enrichi en extrait de champignon Ganoderma lucidum et en vitamine B5. Ce shampoing doux et efficace nettoie les cheveux tout en les nourrissant d\u00e8s la racine, les laissant frais, brillants et doux. Adapt\u00e9 \u00e0 tous les types de cheveux, il contribue \u00e0 maintenir des cheveux sains et bien nourris \u00e0 chaque lavage.<\/p>\n<p>Offrez \u00e0 vos cheveux le soin nourrissant du shampooing DXN Ganozhi et profitez d&#8217;un look rafra\u00eechissant, lisse et \u00e9clatant !<\/p>\n","protected":false},"excerpt":{"rendered":"<p>Revitalisez vos cheveux avec le shampoing DXN Ganozhi, enrichi en extrait de champignon Ganoderma lucidum et en vitamine B5. Ce shampoing doux et efficace nettoie les cheveux tout en les nourrissant d\u00e8s la racine, les laissant frais, brillants et doux. Adapt\u00e9 \u00e0 tous les types de cheveux, il contribue \u00e0 maintenir des cheveux sains et [&hellip;]<\/p>\n","protected":false},"featured_media":639,"comment_status":"open","ping_status":"open","template":"","meta":{"_acf_changed":false},"product_brand":[],"product_cat":[68],"product_tag":[],"class_list":{"0":"post-445","1":"product","2":"type-product","3":"status-publish","4":"has-post-thumbnail","6":"product_cat-soins-personnels","7":"pa_package-250-ml","9":"first","10":"instock","11":"purchasable","12":"product-type-simple"},"acf":[],"_links":{"self":[{"href":"https:\/\/www.dxnwellness.eu\/es\/fr\/wp-json\/wp\/v2\/product\/445","targetHints":{"allow":["GET"]}}],"collection":[{"href":"https:\/\/www.dxnwellness.eu\/es\/fr\/wp-json\/wp\/v2\/product"}],"about":[{"href":"https:\/\/www.dxnwellness.eu\/es\/fr\/wp-json\/wp\/v2\/types\/product"}],"replies":[{"embeddable":true,"href":"https:\/\/www.dxnwellness.eu\/es\/fr\/wp-json\/wp\/v2\/comments?post=445"}],"wp:featuredmedia":[{"embeddable":true,"href":"https:\/\/www.dxnwellness.eu\/es\/fr\/wp-json\/wp\/v2\/media\/639"}],"wp:attachment":[{"href":"https:\/\/www.dxnwellness.eu\/es\/fr\/wp-json\/wp\/v2\/media?parent=445"}],"wp:term":[{"taxonomy":"product_brand","embeddable":true,"href":"https:\/\/www.dxnwellness.eu\/es\/fr\/wp-json\/wp\/v2\/product_brand?post=445"},{"taxonomy":"product_cat","embeddable":true,"href":"https:\/\/www.dxnwellness.eu\/es\/fr\/wp-json\/wp\/v2\/product_cat?post=445"},{"taxonomy":"product_tag","embeddable":true,"href":"https:\/\/www.dxnwellness.eu\/es\/fr\/wp-json\/wp\/v2\/product_tag?post=445"}],"curies":[{"name":"wp","href":"https:\/\/api.w.org\/{rel}","templated":true}]}}