{"id":443,"date":"2025-05-15T00:12:50","date_gmt":"2025-05-14T22:12:50","guid":{"rendered":"https:\/\/www.dxnwellness.eu\/es\/fr\/produit\/dxn-omega-3\/"},"modified":"2025-05-25T02:57:14","modified_gmt":"2025-05-25T00:57:14","slug":"dxn-omega-3","status":"publish","type":"product","link":"https:\/\/www.dxnwellness.eu\/es\/fr\/produit\/dxn-omega-3\/","title":{"rendered":"DXN Omega 3"},"content":{"rendered":"<p>Optimisez votre bien-\u00eatre avec DXN Omega 3, riche en acide eicosapenta\u00e9no\u00efque (EPA) et en acide docosahexa\u00e9no\u00efque (DHA), deux acides gras insatur\u00e9s essentiels reconnus pour leur r\u00f4le dans la sant\u00e9 globale. Ces acides gras om\u00e9ga-3 contribuent au bon fonctionnement de l&#8217;organisme, notamment \u00e0 la sant\u00e9 cardiaque et c\u00e9r\u00e9brale, et au maintien d&#8217;un taux de triglyc\u00e9rides sain.<\/p>\n<p>Exploitez la puissance des om\u00e9ga-3 et soutenez votre sant\u00e9 avec DXN Omega 3, votre boost naturel de vitalit\u00e9 !<\/p>\n","protected":false},"excerpt":{"rendered":"<p>Optimisez votre bien-\u00eatre avec DXN Omega 3, riche en acide eicosapenta\u00e9no\u00efque (EPA) et en acide docosahexa\u00e9no\u00efque (DHA), deux acides gras insatur\u00e9s essentiels reconnus pour leur r\u00f4le dans la sant\u00e9 globale. Ces acides gras om\u00e9ga-3 contribuent au bon fonctionnement de l&#8217;organisme, notamment \u00e0 la sant\u00e9 cardiaque et c\u00e9r\u00e9brale, et au maintien d&#8217;un taux de triglyc\u00e9rides sain. [&hellip;]<\/p>\n","protected":false},"featured_media":638,"comment_status":"open","ping_status":"open","template":"","meta":{"_acf_changed":false},"product_brand":[],"product_cat":[55],"product_tag":[],"class_list":{"0":"post-443","1":"product","2":"type-product","3":"status-publish","4":"has-post-thumbnail","6":"product_cat-complements-alimentaires","7":"pa_package-90-gelules","9":"first","10":"instock","11":"purchasable","12":"product-type-simple"},"acf":[],"_links":{"self":[{"href":"https:\/\/www.dxnwellness.eu\/es\/fr\/wp-json\/wp\/v2\/product\/443","targetHints":{"allow":["GET"]}}],"collection":[{"href":"https:\/\/www.dxnwellness.eu\/es\/fr\/wp-json\/wp\/v2\/product"}],"about":[{"href":"https:\/\/www.dxnwellness.eu\/es\/fr\/wp-json\/wp\/v2\/types\/product"}],"replies":[{"embeddable":true,"href":"https:\/\/www.dxnwellness.eu\/es\/fr\/wp-json\/wp\/v2\/comments?post=443"}],"wp:featuredmedia":[{"embeddable":true,"href":"https:\/\/www.dxnwellness.eu\/es\/fr\/wp-json\/wp\/v2\/media\/638"}],"wp:attachment":[{"href":"https:\/\/www.dxnwellness.eu\/es\/fr\/wp-json\/wp\/v2\/media?parent=443"}],"wp:term":[{"taxonomy":"product_brand","embeddable":true,"href":"https:\/\/www.dxnwellness.eu\/es\/fr\/wp-json\/wp\/v2\/product_brand?post=443"},{"taxonomy":"product_cat","embeddable":true,"href":"https:\/\/www.dxnwellness.eu\/es\/fr\/wp-json\/wp\/v2\/product_cat?post=443"},{"taxonomy":"product_tag","embeddable":true,"href":"https:\/\/www.dxnwellness.eu\/es\/fr\/wp-json\/wp\/v2\/product_tag?post=443"}],"curies":[{"name":"wp","href":"https:\/\/api.w.org\/{rel}","templated":true}]}}