{"id":441,"date":"2025-05-15T00:12:50","date_gmt":"2025-05-14T22:12:50","guid":{"rendered":"https:\/\/www.dxnwellness.eu\/es\/fr\/produit\/dxn-myco-veggie-eu\/"},"modified":"2025-05-25T02:57:14","modified_gmt":"2025-05-25T00:57:14","slug":"dxn-myco-veggie-eu","status":"publish","type":"product","link":"https:\/\/www.dxnwellness.eu\/es\/fr\/produit\/dxn-myco-veggie-eu\/","title":{"rendered":"DXN Myco Veggie EU"},"content":{"rendered":"<p>D\u00e9couvrez les bienfaits nutritifs de DXN Myco Veggie EU, un m\u00e9lange unique de l\u00e9gumes, champignons, th\u00e9 vert, feuilles de m\u00fbrier, feuilles de ginkgo, fruits, herbes et \u00e9pices. Riche en fibres alimentaires de haute qualit\u00e9, ce compl\u00e9ment peut remplacer les repas l\u00e9gers, notamment lors d&#8217;un r\u00e9gime. C&#8217;est un excellent moyen de favoriser le bien-\u00eatre g\u00e9n\u00e9ral tout en apportant vitamines et fibres essentielles. Pour de meilleurs r\u00e9sultats, veillez \u00e0 augmenter votre consommation d&#8217;eau lorsque vous utilisez Myco Veggie EU.<\/p>\n<p>Savourez la puissance des ingr\u00e9dients naturels avec DXN Myco Veggie EU, votre partenaire id\u00e9al pour une alimentation saine et \u00e9quilibr\u00e9e !<\/p>\n","protected":false},"excerpt":{"rendered":"<p>D\u00e9couvrez les bienfaits nutritifs de DXN Myco Veggie EU, un m\u00e9lange unique de l\u00e9gumes, champignons, th\u00e9 vert, feuilles de m\u00fbrier, feuilles de ginkgo, fruits, herbes et \u00e9pices. Riche en fibres alimentaires de haute qualit\u00e9, ce compl\u00e9ment peut remplacer les repas l\u00e9gers, notamment lors d&#8217;un r\u00e9gime. C&#8217;est un excellent moyen de favoriser le bien-\u00eatre g\u00e9n\u00e9ral tout [&hellip;]<\/p>\n","protected":false},"featured_media":637,"comment_status":"open","ping_status":"open","template":"","meta":{"_acf_changed":false},"product_brand":[],"product_cat":[55],"product_tag":[],"class_list":{"0":"post-441","1":"product","2":"type-product","3":"status-publish","4":"has-post-thumbnail","6":"product_cat-complements-alimentaires","7":"pa_package-400-g","9":"first","10":"instock","11":"purchasable","12":"product-type-simple"},"acf":[],"_links":{"self":[{"href":"https:\/\/www.dxnwellness.eu\/es\/fr\/wp-json\/wp\/v2\/product\/441","targetHints":{"allow":["GET"]}}],"collection":[{"href":"https:\/\/www.dxnwellness.eu\/es\/fr\/wp-json\/wp\/v2\/product"}],"about":[{"href":"https:\/\/www.dxnwellness.eu\/es\/fr\/wp-json\/wp\/v2\/types\/product"}],"replies":[{"embeddable":true,"href":"https:\/\/www.dxnwellness.eu\/es\/fr\/wp-json\/wp\/v2\/comments?post=441"}],"wp:featuredmedia":[{"embeddable":true,"href":"https:\/\/www.dxnwellness.eu\/es\/fr\/wp-json\/wp\/v2\/media\/637"}],"wp:attachment":[{"href":"https:\/\/www.dxnwellness.eu\/es\/fr\/wp-json\/wp\/v2\/media?parent=441"}],"wp:term":[{"taxonomy":"product_brand","embeddable":true,"href":"https:\/\/www.dxnwellness.eu\/es\/fr\/wp-json\/wp\/v2\/product_brand?post=441"},{"taxonomy":"product_cat","embeddable":true,"href":"https:\/\/www.dxnwellness.eu\/es\/fr\/wp-json\/wp\/v2\/product_cat?post=441"},{"taxonomy":"product_tag","embeddable":true,"href":"https:\/\/www.dxnwellness.eu\/es\/fr\/wp-json\/wp\/v2\/product_tag?post=441"}],"curies":[{"name":"wp","href":"https:\/\/api.w.org\/{rel}","templated":true}]}}