{"id":438,"date":"2025-05-15T00:12:50","date_gmt":"2025-05-14T22:12:50","guid":{"rendered":"https:\/\/www.dxnwellness.eu\/es\/fr\/produit\/dxn-agaricus-blazei-murill\/"},"modified":"2025-05-25T02:57:16","modified_gmt":"2025-05-25T00:57:16","slug":"dxn-agaricus-blazei-murill","status":"publish","type":"product","link":"https:\/\/www.dxnwellness.eu\/es\/fr\/produit\/dxn-agaricus-blazei-murill\/","title":{"rendered":"DXN Agaricus Blazei Murill"},"content":{"rendered":"<p>D\u00e9couvrez les bienfaits de l&#8217;Agaricus Blazei Murill DXN, issu du champignon amandier, reconnu pour ses riches propri\u00e9t\u00e9s naturelles. Ce champignon est reconnu pour ses bienfaits antioxydants et bien-\u00eatre. Traditionnellement consomm\u00e9 pour favoriser le bien-\u00eatre g\u00e9n\u00e9ral, il contribue \u00e0 maintenir la r\u00e9silience naturelle de l&#8217;organisme.<\/p>\n<p>Boostez votre immunit\u00e9 et votre vitalit\u00e9 avec DXN Agaricus Blazei Murill, votre alli\u00e9 pour un bien-\u00eatre accru !<\/p>\n","protected":false},"excerpt":{"rendered":"<p>D\u00e9couvrez les bienfaits de l&#8217;Agaricus Blazei Murill DXN, issu du champignon amandier, reconnu pour ses riches propri\u00e9t\u00e9s naturelles. Ce champignon est reconnu pour ses bienfaits antioxydants et bien-\u00eatre. Traditionnellement consomm\u00e9 pour favoriser le bien-\u00eatre g\u00e9n\u00e9ral, il contribue \u00e0 maintenir la r\u00e9silience naturelle de l&#8217;organisme. Boostez votre immunit\u00e9 et votre vitalit\u00e9 avec DXN Agaricus Blazei Murill, [&hellip;]<\/p>\n","protected":false},"featured_media":635,"comment_status":"open","ping_status":"open","template":"","meta":{"_acf_changed":false},"product_brand":[],"product_cat":[55],"product_tag":[],"class_list":{"0":"post-438","1":"product","2":"type-product","3":"status-publish","4":"has-post-thumbnail","6":"product_cat-complements-alimentaires","7":"pa_package-30-capsules","8":"pa_package-90-gelules","10":"first","11":"instock","12":"purchasable","13":"product-type-variable"},"acf":[],"_links":{"self":[{"href":"https:\/\/www.dxnwellness.eu\/es\/fr\/wp-json\/wp\/v2\/product\/438","targetHints":{"allow":["GET"]}}],"collection":[{"href":"https:\/\/www.dxnwellness.eu\/es\/fr\/wp-json\/wp\/v2\/product"}],"about":[{"href":"https:\/\/www.dxnwellness.eu\/es\/fr\/wp-json\/wp\/v2\/types\/product"}],"replies":[{"embeddable":true,"href":"https:\/\/www.dxnwellness.eu\/es\/fr\/wp-json\/wp\/v2\/comments?post=438"}],"wp:featuredmedia":[{"embeddable":true,"href":"https:\/\/www.dxnwellness.eu\/es\/fr\/wp-json\/wp\/v2\/media\/635"}],"wp:attachment":[{"href":"https:\/\/www.dxnwellness.eu\/es\/fr\/wp-json\/wp\/v2\/media?parent=438"}],"wp:term":[{"taxonomy":"product_brand","embeddable":true,"href":"https:\/\/www.dxnwellness.eu\/es\/fr\/wp-json\/wp\/v2\/product_brand?post=438"},{"taxonomy":"product_cat","embeddable":true,"href":"https:\/\/www.dxnwellness.eu\/es\/fr\/wp-json\/wp\/v2\/product_cat?post=438"},{"taxonomy":"product_tag","embeddable":true,"href":"https:\/\/www.dxnwellness.eu\/es\/fr\/wp-json\/wp\/v2\/product_tag?post=438"}],"curies":[{"name":"wp","href":"https:\/\/api.w.org\/{rel}","templated":true}]}}