{"id":435,"date":"2025-05-15T00:12:50","date_gmt":"2025-05-14T22:12:50","guid":{"rendered":"https:\/\/www.dxnwellness.eu\/es\/fr\/produit\/dxn-mengkudu\/"},"modified":"2025-05-25T02:57:16","modified_gmt":"2025-05-25T00:57:16","slug":"dxn-mengkudu","status":"publish","type":"product","link":"https:\/\/www.dxnwellness.eu\/es\/fr\/produit\/dxn-mengkudu\/","title":{"rendered":"DXN Mengkudu"},"content":{"rendered":"<p>D\u00e9couvrez les bienfaits du fruit Mengkudu (noni) avec les capsules DXN Mengkudu. Connues pour leur riche profil nutritionnel, ce compl\u00e9ment a un effet positif sur les performances mentales et physiques, am\u00e9liore l&#8217;endurance, aide \u00e0 lutter contre la fatigue et stimule le syst\u00e8me immunitaire.<\/p>\n<p>Ces capsules sont une alternative pratique pour ceux qui ne tol\u00e8rent pas l\u2019ar\u00f4me fort du jus de Noni.<\/p>\n","protected":false},"excerpt":{"rendered":"<p>D\u00e9couvrez les bienfaits du fruit Mengkudu (noni) avec les capsules DXN Mengkudu. Connues pour leur riche profil nutritionnel, ce compl\u00e9ment a un effet positif sur les performances mentales et physiques, am\u00e9liore l&#8217;endurance, aide \u00e0 lutter contre la fatigue et stimule le syst\u00e8me immunitaire. Ces capsules sont une alternative pratique pour ceux qui ne tol\u00e8rent pas [&hellip;]<\/p>\n","protected":false},"featured_media":633,"comment_status":"open","ping_status":"open","template":"","meta":{"_acf_changed":false},"product_brand":[],"product_cat":[55],"product_tag":[],"class_list":{"0":"post-435","1":"product","2":"type-product","3":"status-publish","4":"has-post-thumbnail","6":"product_cat-complements-alimentaires","7":"pa_package-30-capsules","8":"pa_package-90-gelules","10":"first","11":"instock","12":"purchasable","13":"product-type-variable"},"acf":[],"_links":{"self":[{"href":"https:\/\/www.dxnwellness.eu\/es\/fr\/wp-json\/wp\/v2\/product\/435","targetHints":{"allow":["GET"]}}],"collection":[{"href":"https:\/\/www.dxnwellness.eu\/es\/fr\/wp-json\/wp\/v2\/product"}],"about":[{"href":"https:\/\/www.dxnwellness.eu\/es\/fr\/wp-json\/wp\/v2\/types\/product"}],"replies":[{"embeddable":true,"href":"https:\/\/www.dxnwellness.eu\/es\/fr\/wp-json\/wp\/v2\/comments?post=435"}],"wp:featuredmedia":[{"embeddable":true,"href":"https:\/\/www.dxnwellness.eu\/es\/fr\/wp-json\/wp\/v2\/media\/633"}],"wp:attachment":[{"href":"https:\/\/www.dxnwellness.eu\/es\/fr\/wp-json\/wp\/v2\/media?parent=435"}],"wp:term":[{"taxonomy":"product_brand","embeddable":true,"href":"https:\/\/www.dxnwellness.eu\/es\/fr\/wp-json\/wp\/v2\/product_brand?post=435"},{"taxonomy":"product_cat","embeddable":true,"href":"https:\/\/www.dxnwellness.eu\/es\/fr\/wp-json\/wp\/v2\/product_cat?post=435"},{"taxonomy":"product_tag","embeddable":true,"href":"https:\/\/www.dxnwellness.eu\/es\/fr\/wp-json\/wp\/v2\/product_tag?post=435"}],"curies":[{"name":"wp","href":"https:\/\/api.w.org\/{rel}","templated":true}]}}