{"id":433,"date":"2025-05-15T00:12:50","date_gmt":"2025-05-14T22:12:50","guid":{"rendered":"https:\/\/www.dxnwellness.eu\/es\/fr\/produit\/dxn-roselle-tablets\/"},"modified":"2025-05-25T02:57:14","modified_gmt":"2025-05-25T00:57:14","slug":"dxn-roselle-tablets","status":"publish","type":"product","link":"https:\/\/www.dxnwellness.eu\/es\/fr\/produit\/dxn-roselle-tablets\/","title":{"rendered":"DXN Roselle Tablets"},"content":{"rendered":"<p>Revitalisez votre corps avec les comprim\u00e9s de Roselle DXN, \u00e0 base d&#8217;extrait d&#8217;hibiscus (Hibiscus sabdariffa). Ils favorisent la sant\u00e9 gastro-intestinale et la digestion. Ils maintiennent les fonctions intestinales. Ils favorisent une meilleure fonction intestinale et une fonction intestinale r\u00e9guli\u00e8re. Ils contribuent \u00e0 un confort digestif optimal et contribuent au bien-\u00eatre physique.<\/p>\n<p>Soutenez votre bien-\u00eatre g\u00e9n\u00e9ral avec les comprim\u00e9s DXN Roselle !<\/p>\n","protected":false},"excerpt":{"rendered":"<p>Revitalisez votre corps avec les comprim\u00e9s de Roselle DXN, \u00e0 base d&#8217;extrait d&#8217;hibiscus (Hibiscus sabdariffa). Ils favorisent la sant\u00e9 gastro-intestinale et la digestion. Ils maintiennent les fonctions intestinales. Ils favorisent une meilleure fonction intestinale et une fonction intestinale r\u00e9guli\u00e8re. Ils contribuent \u00e0 un confort digestif optimal et contribuent au bien-\u00eatre physique. Soutenez votre bien-\u00eatre g\u00e9n\u00e9ral [&hellip;]<\/p>\n","protected":false},"featured_media":632,"comment_status":"open","ping_status":"open","template":"","meta":{"_acf_changed":false},"product_brand":[],"product_cat":[55],"product_tag":[],"class_list":{"0":"post-433","1":"product","2":"type-product","3":"status-publish","4":"has-post-thumbnail","6":"product_cat-complements-alimentaires","7":"pa_package-120-comprimes","9":"first","10":"instock","11":"purchasable","12":"product-type-simple"},"acf":[],"_links":{"self":[{"href":"https:\/\/www.dxnwellness.eu\/es\/fr\/wp-json\/wp\/v2\/product\/433","targetHints":{"allow":["GET"]}}],"collection":[{"href":"https:\/\/www.dxnwellness.eu\/es\/fr\/wp-json\/wp\/v2\/product"}],"about":[{"href":"https:\/\/www.dxnwellness.eu\/es\/fr\/wp-json\/wp\/v2\/types\/product"}],"replies":[{"embeddable":true,"href":"https:\/\/www.dxnwellness.eu\/es\/fr\/wp-json\/wp\/v2\/comments?post=433"}],"wp:featuredmedia":[{"embeddable":true,"href":"https:\/\/www.dxnwellness.eu\/es\/fr\/wp-json\/wp\/v2\/media\/632"}],"wp:attachment":[{"href":"https:\/\/www.dxnwellness.eu\/es\/fr\/wp-json\/wp\/v2\/media?parent=433"}],"wp:term":[{"taxonomy":"product_brand","embeddable":true,"href":"https:\/\/www.dxnwellness.eu\/es\/fr\/wp-json\/wp\/v2\/product_brand?post=433"},{"taxonomy":"product_cat","embeddable":true,"href":"https:\/\/www.dxnwellness.eu\/es\/fr\/wp-json\/wp\/v2\/product_cat?post=433"},{"taxonomy":"product_tag","embeddable":true,"href":"https:\/\/www.dxnwellness.eu\/es\/fr\/wp-json\/wp\/v2\/product_tag?post=433"}],"curies":[{"name":"wp","href":"https:\/\/api.w.org\/{rel}","templated":true}]}}