{"id":430,"date":"2025-05-15T00:12:50","date_gmt":"2025-05-14T22:12:50","guid":{"rendered":"https:\/\/www.dxnwellness.eu\/es\/fr\/produit\/dxn-black-cumin-plus\/"},"modified":"2025-05-25T02:57:16","modified_gmt":"2025-05-25T00:57:16","slug":"dxn-black-cumin-plus","status":"publish","type":"product","link":"https:\/\/www.dxnwellness.eu\/es\/fr\/produit\/dxn-black-cumin-plus\/","title":{"rendered":"DXN Black Cumin Plus"},"content":{"rendered":"<p>D\u00e9couvrez les bienfaits naturels de DXN Black Cumin Plus, un m\u00e9lange unique de cumin noir (Nigella sativa), de poivre noir et de clou de girofle. Ce puissant m\u00e9lange est traditionnellement appr\u00e9ci\u00e9 pour favoriser le bien-\u00eatre g\u00e9n\u00e9ral, le confort lors des changements de saison et la sant\u00e9 digestive.<\/p>\n<p>Offrez \u00e0 votre corps ce m\u00e9lange d\u2019\u00e9pices aromatiques et ressentez la diff\u00e9rence !<\/p>\n","protected":false},"excerpt":{"rendered":"<p>D\u00e9couvrez les bienfaits naturels de DXN Black Cumin Plus, un m\u00e9lange unique de cumin noir (Nigella sativa), de poivre noir et de clou de girofle. Ce puissant m\u00e9lange est traditionnellement appr\u00e9ci\u00e9 pour favoriser le bien-\u00eatre g\u00e9n\u00e9ral, le confort lors des changements de saison et la sant\u00e9 digestive. Offrez \u00e0 votre corps ce m\u00e9lange d\u2019\u00e9pices aromatiques [&hellip;]<\/p>\n","protected":false},"featured_media":630,"comment_status":"open","ping_status":"open","template":"","meta":{"_acf_changed":false},"product_brand":[],"product_cat":[55],"product_tag":[],"class_list":{"0":"post-430","1":"product","2":"type-product","3":"status-publish","4":"has-post-thumbnail","6":"product_cat-complements-alimentaires","7":"pa_package-30-capsules","8":"pa_package-90-gelules","10":"first","11":"instock","12":"purchasable","13":"product-type-variable"},"acf":[],"_links":{"self":[{"href":"https:\/\/www.dxnwellness.eu\/es\/fr\/wp-json\/wp\/v2\/product\/430","targetHints":{"allow":["GET"]}}],"collection":[{"href":"https:\/\/www.dxnwellness.eu\/es\/fr\/wp-json\/wp\/v2\/product"}],"about":[{"href":"https:\/\/www.dxnwellness.eu\/es\/fr\/wp-json\/wp\/v2\/types\/product"}],"replies":[{"embeddable":true,"href":"https:\/\/www.dxnwellness.eu\/es\/fr\/wp-json\/wp\/v2\/comments?post=430"}],"wp:featuredmedia":[{"embeddable":true,"href":"https:\/\/www.dxnwellness.eu\/es\/fr\/wp-json\/wp\/v2\/media\/630"}],"wp:attachment":[{"href":"https:\/\/www.dxnwellness.eu\/es\/fr\/wp-json\/wp\/v2\/media?parent=430"}],"wp:term":[{"taxonomy":"product_brand","embeddable":true,"href":"https:\/\/www.dxnwellness.eu\/es\/fr\/wp-json\/wp\/v2\/product_brand?post=430"},{"taxonomy":"product_cat","embeddable":true,"href":"https:\/\/www.dxnwellness.eu\/es\/fr\/wp-json\/wp\/v2\/product_cat?post=430"},{"taxonomy":"product_tag","embeddable":true,"href":"https:\/\/www.dxnwellness.eu\/es\/fr\/wp-json\/wp\/v2\/product_tag?post=430"}],"curies":[{"name":"wp","href":"https:\/\/api.w.org\/{rel}","templated":true}]}}