{"id":427,"date":"2025-05-15T00:12:50","date_gmt":"2025-05-14T22:12:50","guid":{"rendered":"https:\/\/www.dxnwellness.eu\/es\/fr\/produit\/dxn-andro-g\/"},"modified":"2025-05-25T02:57:15","modified_gmt":"2025-05-25T00:57:15","slug":"dxn-andro-g","status":"publish","type":"product","link":"https:\/\/www.dxnwellness.eu\/es\/fr\/produit\/dxn-andro-g\/","title":{"rendered":"DXN Andro-G"},"content":{"rendered":"<p>D\u00e9couvrez la puissance de DXN Andro-G, \u00e9labor\u00e9 \u00e0 partir de la plante Andrographis paniculata, aussi surnomm\u00e9e \u00ab le roi des amers \u00bb pour son go\u00fbt unique. Ce puissant compl\u00e9ment \u00e0 base de plantes est traditionnellement utilis\u00e9 pour favoriser le confort des voies respiratoires sup\u00e9rieures, maintenir une temp\u00e9rature corporelle normale, apaiser la gorge, favoriser une r\u00e9ponse inflammatoire \u00e9quilibr\u00e9e et faciliter la digestion.<\/p>\n<p>Laissez le \u00ab Roi des Amers \u00bb \u00e0 base de plantes soutenir votre bien-\u00eatre naturel et vous aider \u00e0 vous sentir au mieux de votre forme !<\/p>\n","protected":false},"excerpt":{"rendered":"<p>D\u00e9couvrez la puissance de DXN Andro-G, \u00e9labor\u00e9 \u00e0 partir de la plante Andrographis paniculata, aussi surnomm\u00e9e \u00ab le roi des amers \u00bb pour son go\u00fbt unique. Ce puissant compl\u00e9ment \u00e0 base de plantes est traditionnellement utilis\u00e9 pour favoriser le confort des voies respiratoires sup\u00e9rieures, maintenir une temp\u00e9rature corporelle normale, apaiser la gorge, favoriser une r\u00e9ponse [&hellip;]<\/p>\n","protected":false},"featured_media":628,"comment_status":"open","ping_status":"open","template":"","meta":{"_acf_changed":false},"product_brand":[],"product_cat":[55],"product_tag":[],"class_list":{"0":"post-427","1":"product","2":"type-product","3":"status-publish","4":"has-post-thumbnail","6":"product_cat-complements-alimentaires","7":"pa_package-30-capsules","8":"pa_package-90-gelules","10":"first","11":"instock","12":"purchasable","13":"product-type-variable"},"acf":[],"_links":{"self":[{"href":"https:\/\/www.dxnwellness.eu\/es\/fr\/wp-json\/wp\/v2\/product\/427","targetHints":{"allow":["GET"]}}],"collection":[{"href":"https:\/\/www.dxnwellness.eu\/es\/fr\/wp-json\/wp\/v2\/product"}],"about":[{"href":"https:\/\/www.dxnwellness.eu\/es\/fr\/wp-json\/wp\/v2\/types\/product"}],"replies":[{"embeddable":true,"href":"https:\/\/www.dxnwellness.eu\/es\/fr\/wp-json\/wp\/v2\/comments?post=427"}],"wp:featuredmedia":[{"embeddable":true,"href":"https:\/\/www.dxnwellness.eu\/es\/fr\/wp-json\/wp\/v2\/media\/628"}],"wp:attachment":[{"href":"https:\/\/www.dxnwellness.eu\/es\/fr\/wp-json\/wp\/v2\/media?parent=427"}],"wp:term":[{"taxonomy":"product_brand","embeddable":true,"href":"https:\/\/www.dxnwellness.eu\/es\/fr\/wp-json\/wp\/v2\/product_brand?post=427"},{"taxonomy":"product_cat","embeddable":true,"href":"https:\/\/www.dxnwellness.eu\/es\/fr\/wp-json\/wp\/v2\/product_cat?post=427"},{"taxonomy":"product_tag","embeddable":true,"href":"https:\/\/www.dxnwellness.eu\/es\/fr\/wp-json\/wp\/v2\/product_tag?post=427"}],"curies":[{"name":"wp","href":"https:\/\/api.w.org\/{rel}","templated":true}]}}