{"id":425,"date":"2025-05-15T00:12:50","date_gmt":"2025-05-14T22:12:50","guid":{"rendered":"https:\/\/www.dxnwellness.eu\/es\/fr\/produit\/dxn-lions-mane\/"},"modified":"2025-05-25T02:57:14","modified_gmt":"2025-05-25T00:57:14","slug":"dxn-lions-mane","status":"publish","type":"product","link":"https:\/\/www.dxnwellness.eu\/es\/fr\/produit\/dxn-lions-mane\/","title":{"rendered":"DXN Lion\u2019s Mane"},"content":{"rendered":"<p>Lib\u00e9rez votre potentiel avec la Crini\u00e8re de Lion DXN, \u00e9labor\u00e9e \u00e0 partir du puissant champignon h\u00e9risson (Hericium erinaceus). Riche en fibres et en prot\u00e9ines, ce compl\u00e9ment naturel offre de nombreux bienfaits pour votre bien-\u00eatre. La Crini\u00e8re de Lion est un excellent compl\u00e9ment \u00e0 votre routine quotidienne.<\/p>\n<p>La crini\u00e8re de lion est un excellent ajout \u00e0 votre routine quotidienne, aidant \u00e0 soutenir la fonction cognitive, la sant\u00e9 digestive et la vitalit\u00e9 globale.<\/p>\n","protected":false},"excerpt":{"rendered":"<p>Lib\u00e9rez votre potentiel avec la Crini\u00e8re de Lion DXN, \u00e9labor\u00e9e \u00e0 partir du puissant champignon h\u00e9risson (Hericium erinaceus). Riche en fibres et en prot\u00e9ines, ce compl\u00e9ment naturel offre de nombreux bienfaits pour votre bien-\u00eatre. La Crini\u00e8re de Lion est un excellent compl\u00e9ment \u00e0 votre routine quotidienne. La crini\u00e8re de lion est un excellent ajout \u00e0 [&hellip;]<\/p>\n","protected":false},"featured_media":627,"comment_status":"open","ping_status":"open","template":"","meta":{"_acf_changed":false},"product_brand":[],"product_cat":[55],"product_tag":[],"class_list":{"0":"post-425","1":"product","2":"type-product","3":"status-publish","4":"has-post-thumbnail","6":"product_cat-complements-alimentaires","7":"pa_package-120-comprimes","9":"first","10":"instock","11":"purchasable","12":"product-type-simple"},"acf":[],"_links":{"self":[{"href":"https:\/\/www.dxnwellness.eu\/es\/fr\/wp-json\/wp\/v2\/product\/425","targetHints":{"allow":["GET"]}}],"collection":[{"href":"https:\/\/www.dxnwellness.eu\/es\/fr\/wp-json\/wp\/v2\/product"}],"about":[{"href":"https:\/\/www.dxnwellness.eu\/es\/fr\/wp-json\/wp\/v2\/types\/product"}],"replies":[{"embeddable":true,"href":"https:\/\/www.dxnwellness.eu\/es\/fr\/wp-json\/wp\/v2\/comments?post=425"}],"wp:featuredmedia":[{"embeddable":true,"href":"https:\/\/www.dxnwellness.eu\/es\/fr\/wp-json\/wp\/v2\/media\/627"}],"wp:attachment":[{"href":"https:\/\/www.dxnwellness.eu\/es\/fr\/wp-json\/wp\/v2\/media?parent=425"}],"wp:term":[{"taxonomy":"product_brand","embeddable":true,"href":"https:\/\/www.dxnwellness.eu\/es\/fr\/wp-json\/wp\/v2\/product_brand?post=425"},{"taxonomy":"product_cat","embeddable":true,"href":"https:\/\/www.dxnwellness.eu\/es\/fr\/wp-json\/wp\/v2\/product_cat?post=425"},{"taxonomy":"product_tag","embeddable":true,"href":"https:\/\/www.dxnwellness.eu\/es\/fr\/wp-json\/wp\/v2\/product_tag?post=425"}],"curies":[{"name":"wp","href":"https:\/\/api.w.org\/{rel}","templated":true}]}}