{"id":423,"date":"2025-05-15T00:12:47","date_gmt":"2025-05-14T22:12:47","guid":{"rendered":"https:\/\/www.dxnwellness.eu\/es\/fr\/produit\/dxn-poria-s\/"},"modified":"2025-05-25T02:57:14","modified_gmt":"2025-05-25T00:57:14","slug":"dxn-poria-s","status":"publish","type":"product","link":"https:\/\/www.dxnwellness.eu\/es\/fr\/produit\/dxn-poria-s\/","title":{"rendered":"DXN Poria S"},"content":{"rendered":"<p>D\u00e9couvrez les bienfaits naturels de DXN Poria S, \u00e9labor\u00e9 \u00e0 partir du myc\u00e9lium du champignon Hoelen (Wolfiporia extensa \/ syn. Poria cocos). Connu pour sa richesse en min\u00e9raux essentiels et en polysaccharides, le Poria cocos est un compl\u00e9ment pr\u00e9cieux pour votre bien-\u00eatre g\u00e9n\u00e9ral et vos nutriments.<\/p>\n<p>Am\u00e9liorez votre vitalit\u00e9 et profitez d&#8217;un mode de vie \u00e9quilibr\u00e9 avec DXN Poria S !<\/p>\n","protected":false},"excerpt":{"rendered":"<p>D\u00e9couvrez les bienfaits naturels de DXN Poria S, \u00e9labor\u00e9 \u00e0 partir du myc\u00e9lium du champignon Hoelen (Wolfiporia extensa \/ syn. Poria cocos). Connu pour sa richesse en min\u00e9raux essentiels et en polysaccharides, le Poria cocos est un compl\u00e9ment pr\u00e9cieux pour votre bien-\u00eatre g\u00e9n\u00e9ral et vos nutriments. Am\u00e9liorez votre vitalit\u00e9 et profitez d&#8217;un mode de vie [&hellip;]<\/p>\n","protected":false},"featured_media":626,"comment_status":"open","ping_status":"open","template":"","meta":{"_acf_changed":false},"product_brand":[],"product_cat":[55],"product_tag":[],"class_list":{"0":"post-423","1":"product","2":"type-product","3":"status-publish","4":"has-post-thumbnail","6":"product_cat-complements-alimentaires","7":"pa_package-30g","9":"first","10":"instock","11":"purchasable","12":"product-type-simple"},"acf":[],"_links":{"self":[{"href":"https:\/\/www.dxnwellness.eu\/es\/fr\/wp-json\/wp\/v2\/product\/423","targetHints":{"allow":["GET"]}}],"collection":[{"href":"https:\/\/www.dxnwellness.eu\/es\/fr\/wp-json\/wp\/v2\/product"}],"about":[{"href":"https:\/\/www.dxnwellness.eu\/es\/fr\/wp-json\/wp\/v2\/types\/product"}],"replies":[{"embeddable":true,"href":"https:\/\/www.dxnwellness.eu\/es\/fr\/wp-json\/wp\/v2\/comments?post=423"}],"wp:featuredmedia":[{"embeddable":true,"href":"https:\/\/www.dxnwellness.eu\/es\/fr\/wp-json\/wp\/v2\/media\/626"}],"wp:attachment":[{"href":"https:\/\/www.dxnwellness.eu\/es\/fr\/wp-json\/wp\/v2\/media?parent=423"}],"wp:term":[{"taxonomy":"product_brand","embeddable":true,"href":"https:\/\/www.dxnwellness.eu\/es\/fr\/wp-json\/wp\/v2\/product_brand?post=423"},{"taxonomy":"product_cat","embeddable":true,"href":"https:\/\/www.dxnwellness.eu\/es\/fr\/wp-json\/wp\/v2\/product_cat?post=423"},{"taxonomy":"product_tag","embeddable":true,"href":"https:\/\/www.dxnwellness.eu\/es\/fr\/wp-json\/wp\/v2\/product_tag?post=423"}],"curies":[{"name":"wp","href":"https:\/\/api.w.org\/{rel}","templated":true}]}}