{"id":419,"date":"2025-05-15T00:12:47","date_gmt":"2025-05-14T22:12:47","guid":{"rendered":"https:\/\/www.dxnwellness.eu\/es\/fr\/produit\/dxn-spirulina\/"},"modified":"2025-05-25T02:57:15","modified_gmt":"2025-05-25T00:57:15","slug":"dxn-spirulina","status":"publish","type":"product","link":"https:\/\/www.dxnwellness.eu\/es\/fr\/produit\/dxn-spirulina\/","title":{"rendered":"DXN Spirulina"},"content":{"rendered":"<p>Exploitez les bienfaits naturels de la Spirulina platensis, une algue bleu-vert riche en nutriments essentiels pour soutenir le bon fonctionnement de votre organisme. La Spiruline DXN est exempte de produits chimiques, de colorants, de conservateurs et d&#8217;ingr\u00e9dients artificiels ou synth\u00e9tiques, garantissant une source de nutriments pure et naturelle. Riche en prot\u00e9ines, elle contribue au maintien d&#8217;une glyc\u00e9mie normale, soulage la fatigue, renforce le syst\u00e8me immunitaire et la vitalit\u00e9. La spiruline vous donne plus d&#8217;\u00e9nergie et peut accompagner les r\u00e9gimes amaigrissants. Elle pr\u00e9vient la d\u00e9gradation de l&#8217;amidon. L&#8217;amidon insoluble traverse le tube digestif, favorisant ainsi le transit intestinal. Recommand\u00e9e pendant un r\u00e9gime amaigrissant pour aider \u00e0 maintenir la masse musculaire. La spiruline est un superaliment qui renforce les d\u00e9fenses immunitaires, booste l&#8217;\u00e9nergie, favorise l&#8217;activit\u00e9 physique et procure un sentiment de bien-\u00eatre accru.<\/p>\n<p>Ressentez la diff\u00e9rence avec chaque portion riche en nutriments de ce superaliment remarquable !<\/p>\n","protected":false},"excerpt":{"rendered":"<p>Exploitez les bienfaits naturels de la Spirulina platensis, une algue bleu-vert riche en nutriments essentiels pour soutenir le bon fonctionnement de votre organisme. La Spiruline DXN est exempte de produits chimiques, de colorants, de conservateurs et d&#8217;ingr\u00e9dients artificiels ou synth\u00e9tiques, garantissant une source de nutriments pure et naturelle. Riche en prot\u00e9ines, elle contribue au maintien [&hellip;]<\/p>\n","protected":false},"featured_media":623,"comment_status":"open","ping_status":"open","template":"","meta":{"_acf_changed":false},"product_brand":[],"product_cat":[55],"product_tag":[],"class_list":{"0":"post-419","1":"product","2":"type-product","3":"status-publish","4":"has-post-thumbnail","6":"product_cat-complements-alimentaires","7":"pa_package-120-comprimes","8":"pa_package-500-comprimes","9":"pa_package-50g","11":"first","12":"instock","13":"purchasable","14":"product-type-variable"},"acf":[],"_links":{"self":[{"href":"https:\/\/www.dxnwellness.eu\/es\/fr\/wp-json\/wp\/v2\/product\/419","targetHints":{"allow":["GET"]}}],"collection":[{"href":"https:\/\/www.dxnwellness.eu\/es\/fr\/wp-json\/wp\/v2\/product"}],"about":[{"href":"https:\/\/www.dxnwellness.eu\/es\/fr\/wp-json\/wp\/v2\/types\/product"}],"replies":[{"embeddable":true,"href":"https:\/\/www.dxnwellness.eu\/es\/fr\/wp-json\/wp\/v2\/comments?post=419"}],"wp:featuredmedia":[{"embeddable":true,"href":"https:\/\/www.dxnwellness.eu\/es\/fr\/wp-json\/wp\/v2\/media\/623"}],"wp:attachment":[{"href":"https:\/\/www.dxnwellness.eu\/es\/fr\/wp-json\/wp\/v2\/media?parent=419"}],"wp:term":[{"taxonomy":"product_brand","embeddable":true,"href":"https:\/\/www.dxnwellness.eu\/es\/fr\/wp-json\/wp\/v2\/product_brand?post=419"},{"taxonomy":"product_cat","embeddable":true,"href":"https:\/\/www.dxnwellness.eu\/es\/fr\/wp-json\/wp\/v2\/product_cat?post=419"},{"taxonomy":"product_tag","embeddable":true,"href":"https:\/\/www.dxnwellness.eu\/es\/fr\/wp-json\/wp\/v2\/product_tag?post=419"}],"curies":[{"name":"wp","href":"https:\/\/api.w.org\/{rel}","templated":true}]}}