{"id":416,"date":"2025-05-15T00:12:47","date_gmt":"2025-05-14T22:12:47","guid":{"rendered":"https:\/\/www.dxnwellness.eu\/es\/fr\/produit\/dxn-cordyceps\/"},"modified":"2025-05-25T02:57:15","modified_gmt":"2025-05-25T00:57:15","slug":"dxn-cordyceps","status":"publish","type":"product","link":"https:\/\/www.dxnwellness.eu\/es\/fr\/produit\/dxn-cordyceps\/","title":{"rendered":"DXN Cordyceps"},"content":{"rendered":"<p>D\u00e9couvrez la vitalit\u00e9 naturelle du Cordyceps DXN, issu du c\u00e9l\u00e8bre champignon Cordyceps sinensis. Connu pour son utilisation de longue date en m\u00e9decine traditionnelle chinoise, le Cordyceps est r\u00e9put\u00e9 pour son effet \u00e9nergisant et pour favoriser un mode de vie actif et dynamique.<\/p>\n<p>Adoptez la puissance du Cordyceps \u2013 le champignon pour une vie vivante et \u00e9nergique !<\/p>\n","protected":false},"excerpt":{"rendered":"<p>D\u00e9couvrez la vitalit\u00e9 naturelle du Cordyceps DXN, issu du c\u00e9l\u00e8bre champignon Cordyceps sinensis. Connu pour son utilisation de longue date en m\u00e9decine traditionnelle chinoise, le Cordyceps est r\u00e9put\u00e9 pour son effet \u00e9nergisant et pour favoriser un mode de vie actif et dynamique. Adoptez la puissance du Cordyceps \u2013 le champignon pour une vie vivante et [&hellip;]<\/p>\n","protected":false},"featured_media":621,"comment_status":"open","ping_status":"open","template":"","meta":{"_acf_changed":false},"product_brand":[],"product_cat":[55],"product_tag":[],"class_list":{"0":"post-416","1":"product","2":"type-product","3":"status-publish","4":"has-post-thumbnail","6":"product_cat-complements-alimentaires","7":"pa_package-30g","8":"pa_package-60-comprimes","10":"first","11":"instock","12":"purchasable","13":"product-type-variable"},"acf":[],"_links":{"self":[{"href":"https:\/\/www.dxnwellness.eu\/es\/fr\/wp-json\/wp\/v2\/product\/416","targetHints":{"allow":["GET"]}}],"collection":[{"href":"https:\/\/www.dxnwellness.eu\/es\/fr\/wp-json\/wp\/v2\/product"}],"about":[{"href":"https:\/\/www.dxnwellness.eu\/es\/fr\/wp-json\/wp\/v2\/types\/product"}],"replies":[{"embeddable":true,"href":"https:\/\/www.dxnwellness.eu\/es\/fr\/wp-json\/wp\/v2\/comments?post=416"}],"wp:featuredmedia":[{"embeddable":true,"href":"https:\/\/www.dxnwellness.eu\/es\/fr\/wp-json\/wp\/v2\/media\/621"}],"wp:attachment":[{"href":"https:\/\/www.dxnwellness.eu\/es\/fr\/wp-json\/wp\/v2\/media?parent=416"}],"wp:term":[{"taxonomy":"product_brand","embeddable":true,"href":"https:\/\/www.dxnwellness.eu\/es\/fr\/wp-json\/wp\/v2\/product_brand?post=416"},{"taxonomy":"product_cat","embeddable":true,"href":"https:\/\/www.dxnwellness.eu\/es\/fr\/wp-json\/wp\/v2\/product_cat?post=416"},{"taxonomy":"product_tag","embeddable":true,"href":"https:\/\/www.dxnwellness.eu\/es\/fr\/wp-json\/wp\/v2\/product_tag?post=416"}],"curies":[{"name":"wp","href":"https:\/\/api.w.org\/{rel}","templated":true}]}}