{"id":413,"date":"2025-05-15T00:12:47","date_gmt":"2025-05-14T22:12:47","guid":{"rendered":"https:\/\/www.dxnwellness.eu\/es\/fr\/produit\/dxn-reishi-mushroom-powder\/"},"modified":"2025-05-25T02:57:15","modified_gmt":"2025-05-25T00:57:15","slug":"dxn-reishi-mushroom-powder","status":"publish","type":"product","link":"https:\/\/www.dxnwellness.eu\/es\/fr\/produit\/dxn-reishi-mushroom-powder\/","title":{"rendered":"DXN Reishi Mushroom Powder"},"content":{"rendered":"<p>Lib\u00e9rez tout le potentiel du Ganoderma lucidum gr\u00e2ce \u00e0 la poudre de champignon Reishi DXN, un puissant m\u00e9lange de poudres RG et GL. Ce compl\u00e9ment naturel allie les bienfaits des deux pour vous apporter les nutriments essentiels qui contribuent \u00e0 votre bien-\u00eatre et \u00e0 votre vitalit\u00e9, ce qui en fait un excellent compl\u00e9ment \u00e0 votre routine quotidienne.<\/p>\n<p>Sentez-vous rajeuni et \u00e9nergis\u00e9 gr\u00e2ce \u00e0 la combinaison unique de poudre de champignon Reishi dans votre parcours de bien-\u00eatre quotidien !<\/p>\n","protected":false},"excerpt":{"rendered":"<p>Lib\u00e9rez tout le potentiel du Ganoderma lucidum gr\u00e2ce \u00e0 la poudre de champignon Reishi DXN, un puissant m\u00e9lange de poudres RG et GL. Ce compl\u00e9ment naturel allie les bienfaits des deux pour vous apporter les nutriments essentiels qui contribuent \u00e0 votre bien-\u00eatre et \u00e0 votre vitalit\u00e9, ce qui en fait un excellent compl\u00e9ment \u00e0 votre [&hellip;]<\/p>\n","protected":false},"featured_media":619,"comment_status":"open","ping_status":"open","template":"","meta":{"_acf_changed":false},"product_brand":[],"product_cat":[55],"product_tag":[],"class_list":{"0":"post-413","1":"product","2":"type-product","3":"status-publish","4":"has-post-thumbnail","6":"product_cat-complements-alimentaires","7":"pa_package-22-g","8":"pa_package-70g","10":"first","11":"instock","12":"purchasable","13":"product-type-variable"},"acf":[],"_links":{"self":[{"href":"https:\/\/www.dxnwellness.eu\/es\/fr\/wp-json\/wp\/v2\/product\/413","targetHints":{"allow":["GET"]}}],"collection":[{"href":"https:\/\/www.dxnwellness.eu\/es\/fr\/wp-json\/wp\/v2\/product"}],"about":[{"href":"https:\/\/www.dxnwellness.eu\/es\/fr\/wp-json\/wp\/v2\/types\/product"}],"replies":[{"embeddable":true,"href":"https:\/\/www.dxnwellness.eu\/es\/fr\/wp-json\/wp\/v2\/comments?post=413"}],"wp:featuredmedia":[{"embeddable":true,"href":"https:\/\/www.dxnwellness.eu\/es\/fr\/wp-json\/wp\/v2\/media\/619"}],"wp:attachment":[{"href":"https:\/\/www.dxnwellness.eu\/es\/fr\/wp-json\/wp\/v2\/media?parent=413"}],"wp:term":[{"taxonomy":"product_brand","embeddable":true,"href":"https:\/\/www.dxnwellness.eu\/es\/fr\/wp-json\/wp\/v2\/product_brand?post=413"},{"taxonomy":"product_cat","embeddable":true,"href":"https:\/\/www.dxnwellness.eu\/es\/fr\/wp-json\/wp\/v2\/product_cat?post=413"},{"taxonomy":"product_tag","embeddable":true,"href":"https:\/\/www.dxnwellness.eu\/es\/fr\/wp-json\/wp\/v2\/product_tag?post=413"}],"curies":[{"name":"wp","href":"https:\/\/api.w.org\/{rel}","templated":true}]}}