{"id":408,"date":"2025-05-15T00:12:47","date_gmt":"2025-05-14T22:12:47","guid":{"rendered":"https:\/\/www.dxnwellness.eu\/es\/fr\/produit\/dxn-ganocelium-gl\/"},"modified":"2025-05-25T02:57:15","modified_gmt":"2025-05-25T00:57:15","slug":"dxn-ganocelium-gl","status":"publish","type":"product","link":"https:\/\/www.dxnwellness.eu\/es\/fr\/produit\/dxn-ganocelium-gl\/","title":{"rendered":"DXN Ganocelium (GL)"},"content":{"rendered":"<p>D\u00e9couvrez les bienfaits naturels du Ganocelium DXN, \u00e9labor\u00e9 \u00e0 partir du myc\u00e9lium de champignons Ganoderma lucidum de 14 jours. Riche en polysaccharides et en acides gras essentiels, ce compl\u00e9ment alimentaire est un excellent compl\u00e9ment \u00e0 votre routine quotidienne, favorisant votre bien-\u00eatre g\u00e9n\u00e9ral et l&#8217;\u00e9quilibre naturel de votre corps.<\/p>\n<p>D\u00e9couvrez comment les nutriments de la nature peuvent vous aider \u00e0 progresser vers une meilleure sant\u00e9 avec DXN Ganocelium !<\/p>\n","protected":false},"excerpt":{"rendered":"<p>D\u00e9couvrez les bienfaits naturels du Ganocelium DXN, \u00e9labor\u00e9 \u00e0 partir du myc\u00e9lium de champignons Ganoderma lucidum de 14 jours. Riche en polysaccharides et en acides gras essentiels, ce compl\u00e9ment alimentaire est un excellent compl\u00e9ment \u00e0 votre routine quotidienne, favorisant votre bien-\u00eatre g\u00e9n\u00e9ral et l&#8217;\u00e9quilibre naturel de votre corps. D\u00e9couvrez comment les nutriments de la nature [&hellip;]<\/p>\n","protected":false},"featured_media":615,"comment_status":"open","ping_status":"open","template":"","meta":{"_acf_changed":false},"product_brand":[],"product_cat":[55],"product_tag":[],"class_list":{"0":"post-408","1":"product","2":"type-product","3":"status-publish","4":"has-post-thumbnail","6":"product_cat-complements-alimentaires","7":"pa_package-30-capsules","8":"pa_package-30g","9":"pa_package-360-gelules","10":"pa_package-90-gelules","12":"first","13":"instock","14":"purchasable","15":"product-type-variable"},"acf":[],"_links":{"self":[{"href":"https:\/\/www.dxnwellness.eu\/es\/fr\/wp-json\/wp\/v2\/product\/408","targetHints":{"allow":["GET"]}}],"collection":[{"href":"https:\/\/www.dxnwellness.eu\/es\/fr\/wp-json\/wp\/v2\/product"}],"about":[{"href":"https:\/\/www.dxnwellness.eu\/es\/fr\/wp-json\/wp\/v2\/types\/product"}],"replies":[{"embeddable":true,"href":"https:\/\/www.dxnwellness.eu\/es\/fr\/wp-json\/wp\/v2\/comments?post=408"}],"wp:featuredmedia":[{"embeddable":true,"href":"https:\/\/www.dxnwellness.eu\/es\/fr\/wp-json\/wp\/v2\/media\/615"}],"wp:attachment":[{"href":"https:\/\/www.dxnwellness.eu\/es\/fr\/wp-json\/wp\/v2\/media?parent=408"}],"wp:term":[{"taxonomy":"product_brand","embeddable":true,"href":"https:\/\/www.dxnwellness.eu\/es\/fr\/wp-json\/wp\/v2\/product_brand?post=408"},{"taxonomy":"product_cat","embeddable":true,"href":"https:\/\/www.dxnwellness.eu\/es\/fr\/wp-json\/wp\/v2\/product_cat?post=408"},{"taxonomy":"product_tag","embeddable":true,"href":"https:\/\/www.dxnwellness.eu\/es\/fr\/wp-json\/wp\/v2\/product_tag?post=408"}],"curies":[{"name":"wp","href":"https:\/\/api.w.org\/{rel}","templated":true}]}}