{"id":403,"date":"2025-05-15T00:12:47","date_gmt":"2025-05-14T22:12:47","guid":{"rendered":"https:\/\/www.dxnwellness.eu\/es\/fr\/produit\/dxn-reishi-gano-rg\/"},"modified":"2025-05-25T02:57:15","modified_gmt":"2025-05-25T00:57:15","slug":"dxn-reishi-gano-rg","status":"publish","type":"product","link":"https:\/\/www.dxnwellness.eu\/es\/fr\/produit\/dxn-reishi-gano-rg\/","title":{"rendered":"DXN Reishi Gano (RG)"},"content":{"rendered":"<p>D\u00e9couvrez le pouvoir du Reishi Gano (RG) DXN, un compl\u00e9ment alimentaire haut de gamme \u00e9labor\u00e9 \u00e0 partir de champignons Ganoderma lucidum de 90 jours. V\u00e9n\u00e9r\u00e9 depuis des si\u00e8cles, cet ingr\u00e9dient naturel compl\u00e8te parfaitement votre routine quotidienne, vous aidant \u00e0 maintenir votre bien-\u00eatre g\u00e9n\u00e9ral et \u00e0 favoriser une d\u00e9toxification naturelle. Int\u00e9grez le Reishi Gano DXN \u00e0 votre routine quotidienne et d\u00e9couvrez une approche naturelle pour favoriser bien-\u00eatre et vitalit\u00e9.<\/p>\n<p>Incorporez DXN Reishi Gano \u00e0 votre routine quotidienne et d\u00e9couvrez une approche naturelle pour favoriser le bien-\u00eatre et la vitalit\u00e9.<\/p>\n","protected":false},"excerpt":{"rendered":"<p>D\u00e9couvrez le pouvoir du Reishi Gano (RG) DXN, un compl\u00e9ment alimentaire haut de gamme \u00e9labor\u00e9 \u00e0 partir de champignons Ganoderma lucidum de 90 jours. V\u00e9n\u00e9r\u00e9 depuis des si\u00e8cles, cet ingr\u00e9dient naturel compl\u00e8te parfaitement votre routine quotidienne, vous aidant \u00e0 maintenir votre bien-\u00eatre g\u00e9n\u00e9ral et \u00e0 favoriser une d\u00e9toxification naturelle. Int\u00e9grez le Reishi Gano DXN \u00e0 [&hellip;]<\/p>\n","protected":false},"featured_media":689,"comment_status":"open","ping_status":"open","template":"","meta":{"_acf_changed":false},"product_brand":[],"product_cat":[55],"product_tag":[],"class_list":{"0":"post-403","1":"product","2":"type-product","3":"status-publish","4":"has-post-thumbnail","6":"product_cat-complements-alimentaires","7":"pa_package-15-g","8":"pa_package-30-capsules","9":"pa_package-360-gelules","10":"pa_package-90-gelules","12":"first","13":"instock","14":"purchasable","15":"product-type-variable"},"acf":[],"_links":{"self":[{"href":"https:\/\/www.dxnwellness.eu\/es\/fr\/wp-json\/wp\/v2\/product\/403","targetHints":{"allow":["GET"]}}],"collection":[{"href":"https:\/\/www.dxnwellness.eu\/es\/fr\/wp-json\/wp\/v2\/product"}],"about":[{"href":"https:\/\/www.dxnwellness.eu\/es\/fr\/wp-json\/wp\/v2\/types\/product"}],"replies":[{"embeddable":true,"href":"https:\/\/www.dxnwellness.eu\/es\/fr\/wp-json\/wp\/v2\/comments?post=403"}],"wp:featuredmedia":[{"embeddable":true,"href":"https:\/\/www.dxnwellness.eu\/es\/fr\/wp-json\/wp\/v2\/media\/689"}],"wp:attachment":[{"href":"https:\/\/www.dxnwellness.eu\/es\/fr\/wp-json\/wp\/v2\/media?parent=403"}],"wp:term":[{"taxonomy":"product_brand","embeddable":true,"href":"https:\/\/www.dxnwellness.eu\/es\/fr\/wp-json\/wp\/v2\/product_brand?post=403"},{"taxonomy":"product_cat","embeddable":true,"href":"https:\/\/www.dxnwellness.eu\/es\/fr\/wp-json\/wp\/v2\/product_cat?post=403"},{"taxonomy":"product_tag","embeddable":true,"href":"https:\/\/www.dxnwellness.eu\/es\/fr\/wp-json\/wp\/v2\/product_tag?post=403"}],"curies":[{"name":"wp","href":"https:\/\/api.w.org\/{rel}","templated":true}]}}