{"id":401,"date":"2025-05-15T00:12:47","date_gmt":"2025-05-14T22:12:47","guid":{"rendered":"https:\/\/www.dxnwellness.eu\/es\/fr\/produit\/dxn-himalayan-salt\/"},"modified":"2025-05-25T02:57:13","modified_gmt":"2025-05-25T00:57:13","slug":"dxn-himalayan-salt","status":"publish","type":"product","link":"https:\/\/www.dxnwellness.eu\/es\/fr\/produit\/dxn-himalayan-salt\/","title":{"rendered":"DXN Himalayan Salt"},"content":{"rendered":"<p>Le sel de l&#8217;Himalaya DXN est un sel non raffin\u00e9 de haute qualit\u00e9, r\u00e9colt\u00e9 dans les montagnes immacul\u00e9es de l&#8217;Himalaya. Reconnu pour sa puret\u00e9 et sa richesse en min\u00e9raux, ce sel naturel est soigneusement extrait, iod\u00e9 et broy\u00e9 en petits cristaux pour pr\u00e9server sa qualit\u00e9 exceptionnelle. Sa couleur rose unique provient des min\u00e9raux qu&#8217;il contient, apportant une touche distinctive \u00e0 vos plats. Naturellement rose, naturellement riche en min\u00e9raux, naturellement savoureux !<\/p>\n<p>Naturellement riche en min\u00e9raux : Ce sel gemme iod\u00e9 comestible contient des min\u00e9raux essentiels comme le fer, le magn\u00e9sium et le calcium, contribuant \u00e0 votre bien-\u00eatre g\u00e9n\u00e9ral. Pur et non raffin\u00e9 : R\u00e9colt\u00e9 directement dans l&#8217;Himalaya, il conserve ses qualit\u00e9s naturelles. Couleur rose distinctive : Sa teinte rose naturelle embellit vos plats tout en r\u00e9v\u00e9lant sa richesse en min\u00e9raux. Id\u00e9al au quotidien : Parfait pour assaisonner toutes sortes de plats, que ce soit pour la cuisine, la p\u00e2tisserie ou la touche finale de vos repas.<\/p>\n","protected":false},"excerpt":{"rendered":"<p>Le sel de l&#8217;Himalaya DXN est un sel non raffin\u00e9 de haute qualit\u00e9, r\u00e9colt\u00e9 dans les montagnes immacul\u00e9es de l&#8217;Himalaya. Reconnu pour sa puret\u00e9 et sa richesse en min\u00e9raux, ce sel naturel est soigneusement extrait, iod\u00e9 et broy\u00e9 en petits cristaux pour pr\u00e9server sa qualit\u00e9 exceptionnelle. Sa couleur rose unique provient des min\u00e9raux qu&#8217;il contient, [&hellip;]<\/p>\n","protected":false},"featured_media":614,"comment_status":"open","ping_status":"open","template":"","meta":{"_acf_changed":false},"product_brand":[],"product_cat":[43],"product_tag":[],"class_list":{"0":"post-401","1":"product","2":"type-product","3":"status-publish","4":"has-post-thumbnail","6":"product_cat-aliments","7":"pa_package-650-g","9":"first","10":"instock","11":"purchasable","12":"product-type-simple"},"acf":[],"_links":{"self":[{"href":"https:\/\/www.dxnwellness.eu\/es\/fr\/wp-json\/wp\/v2\/product\/401","targetHints":{"allow":["GET"]}}],"collection":[{"href":"https:\/\/www.dxnwellness.eu\/es\/fr\/wp-json\/wp\/v2\/product"}],"about":[{"href":"https:\/\/www.dxnwellness.eu\/es\/fr\/wp-json\/wp\/v2\/types\/product"}],"replies":[{"embeddable":true,"href":"https:\/\/www.dxnwellness.eu\/es\/fr\/wp-json\/wp\/v2\/comments?post=401"}],"wp:featuredmedia":[{"embeddable":true,"href":"https:\/\/www.dxnwellness.eu\/es\/fr\/wp-json\/wp\/v2\/media\/614"}],"wp:attachment":[{"href":"https:\/\/www.dxnwellness.eu\/es\/fr\/wp-json\/wp\/v2\/media?parent=401"}],"wp:term":[{"taxonomy":"product_brand","embeddable":true,"href":"https:\/\/www.dxnwellness.eu\/es\/fr\/wp-json\/wp\/v2\/product_brand?post=401"},{"taxonomy":"product_cat","embeddable":true,"href":"https:\/\/www.dxnwellness.eu\/es\/fr\/wp-json\/wp\/v2\/product_cat?post=401"},{"taxonomy":"product_tag","embeddable":true,"href":"https:\/\/www.dxnwellness.eu\/es\/fr\/wp-json\/wp\/v2\/product_tag?post=401"}],"curies":[{"name":"wp","href":"https:\/\/api.w.org\/{rel}","templated":true}]}}