{"id":399,"date":"2025-05-15T00:12:47","date_gmt":"2025-05-14T22:12:47","guid":{"rendered":"https:\/\/www.dxnwellness.eu\/es\/fr\/produit\/dxn-sugar\/"},"modified":"2025-05-25T02:57:13","modified_gmt":"2025-05-25T00:57:13","slug":"dxn-sugar","status":"publish","type":"product","link":"https:\/\/www.dxnwellness.eu\/es\/fr\/produit\/dxn-sugar\/","title":{"rendered":"DXN Sugar"},"content":{"rendered":"<p>Le sucre DXN est un sucre de premi\u00e8re qualit\u00e9 issu de plantations de canne \u00e0 sucre soigneusement s\u00e9lectionn\u00e9es. Reconnu pour sa puret\u00e9 et sa douceur naturelle, il est le compl\u00e9ment id\u00e9al \u00e0 vos boissons, p\u00e2tisseries et autres produits. Avec le sucre DXN, savourez la saveur riche et authentique du sucre sans compromis sur la qualit\u00e9. Le choix pur et naturel pour une touche de douceur !<\/p>\n<p>Issu de canne \u00e0 sucre de premi\u00e8re qualit\u00e9 : soigneusement s\u00e9lectionn\u00e9 pour sa qualit\u00e9, chaque granul\u00e9 offre un go\u00fbt et une douceur exceptionnels. Pur et naturel : sans additifs artificiels, il apporte une douceur pure et saine \u00e0 vos plats et boissons pr\u00e9f\u00e9r\u00e9s. Polyvalent et pratique : id\u00e9al pour sucrer boissons chaudes et froides, desserts et p\u00e2tisseries.<\/p>\n","protected":false},"excerpt":{"rendered":"<p>Le sucre DXN est un sucre de premi\u00e8re qualit\u00e9 issu de plantations de canne \u00e0 sucre soigneusement s\u00e9lectionn\u00e9es. Reconnu pour sa puret\u00e9 et sa douceur naturelle, il est le compl\u00e9ment id\u00e9al \u00e0 vos boissons, p\u00e2tisseries et autres produits. Avec le sucre DXN, savourez la saveur riche et authentique du sucre sans compromis sur la qualit\u00e9. [&hellip;]<\/p>\n","protected":false},"featured_media":613,"comment_status":"open","ping_status":"open","template":"","meta":{"_acf_changed":false},"product_brand":[],"product_cat":[43],"product_tag":[],"class_list":{"0":"post-399","1":"product","2":"type-product","3":"status-publish","4":"has-post-thumbnail","6":"product_cat-aliments","7":"pa_package-30-x-5-g","9":"first","10":"instock","11":"purchasable","12":"product-type-simple"},"acf":[],"_links":{"self":[{"href":"https:\/\/www.dxnwellness.eu\/es\/fr\/wp-json\/wp\/v2\/product\/399","targetHints":{"allow":["GET"]}}],"collection":[{"href":"https:\/\/www.dxnwellness.eu\/es\/fr\/wp-json\/wp\/v2\/product"}],"about":[{"href":"https:\/\/www.dxnwellness.eu\/es\/fr\/wp-json\/wp\/v2\/types\/product"}],"replies":[{"embeddable":true,"href":"https:\/\/www.dxnwellness.eu\/es\/fr\/wp-json\/wp\/v2\/comments?post=399"}],"wp:featuredmedia":[{"embeddable":true,"href":"https:\/\/www.dxnwellness.eu\/es\/fr\/wp-json\/wp\/v2\/media\/613"}],"wp:attachment":[{"href":"https:\/\/www.dxnwellness.eu\/es\/fr\/wp-json\/wp\/v2\/media?parent=399"}],"wp:term":[{"taxonomy":"product_brand","embeddable":true,"href":"https:\/\/www.dxnwellness.eu\/es\/fr\/wp-json\/wp\/v2\/product_brand?post=399"},{"taxonomy":"product_cat","embeddable":true,"href":"https:\/\/www.dxnwellness.eu\/es\/fr\/wp-json\/wp\/v2\/product_cat?post=399"},{"taxonomy":"product_tag","embeddable":true,"href":"https:\/\/www.dxnwellness.eu\/es\/fr\/wp-json\/wp\/v2\/product_tag?post=399"}],"curies":[{"name":"wp","href":"https:\/\/api.w.org\/{rel}","templated":true}]}}