{"id":397,"date":"2025-05-15T00:12:47","date_gmt":"2025-05-14T22:12:47","guid":{"rendered":"https:\/\/www.dxnwellness.eu\/es\/fr\/produit\/dxn-goji-berries\/"},"modified":"2025-05-25T02:57:13","modified_gmt":"2025-05-25T00:57:13","slug":"dxn-goji-berries","status":"publish","type":"product","link":"https:\/\/www.dxnwellness.eu\/es\/fr\/produit\/dxn-goji-berries\/","title":{"rendered":"DXN Goji Berries"},"content":{"rendered":"<p>Les baies de goji DXN, fruit riche en nutriments du Lycium barbarum, sont riches en calories et en prot\u00e9ines. Surnomm\u00e9es \u00ab fruit de la jeunesse \u00bb, ces baies \u00e9clatantes sont r\u00e9put\u00e9es pour leur richesse nutritionnelle et leurs bienfaits pour la sant\u00e9. Qu&#8217;elles soient consomm\u00e9es seules ou ajout\u00e9es \u00e0 vos plats pr\u00e9f\u00e9r\u00e9s, les baies de goji DXN apportent un d\u00e9licieux coup de pouce sain \u00e0 votre alimentation.<\/p>\n<p>Riche en nutriments : Contient des antioxydants. Riche en prot\u00e9ines et en fibres, elle offre de nombreux bienfaits pour votre bien-\u00eatre g\u00e9n\u00e9ral. Riche en antioxydants : Contribue \u00e0 la protection cellulaire contre les radicaux libres, peut prot\u00e9ger vos cellules et tissus de l&#8217;oxydation et contribue \u00e0 la capacit\u00e9 antioxydante totale de l&#8217;organisme. Le \u00ab Fruit de la Jeunesse \u00bb : Connues pour favoriser la vitalit\u00e9 et la long\u00e9vit\u00e9, les baies de goji sont un compl\u00e9ment id\u00e9al \u00e0 votre alimentation pour un mode de vie jeune et dynamique.<\/p>\n","protected":false},"excerpt":{"rendered":"<p>Les baies de goji DXN, fruit riche en nutriments du Lycium barbarum, sont riches en calories et en prot\u00e9ines. Surnomm\u00e9es \u00ab fruit de la jeunesse \u00bb, ces baies \u00e9clatantes sont r\u00e9put\u00e9es pour leur richesse nutritionnelle et leurs bienfaits pour la sant\u00e9. Qu&#8217;elles soient consomm\u00e9es seules ou ajout\u00e9es \u00e0 vos plats pr\u00e9f\u00e9r\u00e9s, les baies de goji [&hellip;]<\/p>\n","protected":false},"featured_media":605,"comment_status":"open","ping_status":"open","template":"","meta":{"_acf_changed":false},"product_brand":[],"product_cat":[43],"product_tag":[],"class_list":{"0":"post-397","1":"product","2":"type-product","3":"status-publish","4":"has-post-thumbnail","6":"product_cat-aliments","7":"pa_package-350-g","9":"first","10":"instock","11":"purchasable","12":"product-type-simple"},"acf":[],"_links":{"self":[{"href":"https:\/\/www.dxnwellness.eu\/es\/fr\/wp-json\/wp\/v2\/product\/397","targetHints":{"allow":["GET"]}}],"collection":[{"href":"https:\/\/www.dxnwellness.eu\/es\/fr\/wp-json\/wp\/v2\/product"}],"about":[{"href":"https:\/\/www.dxnwellness.eu\/es\/fr\/wp-json\/wp\/v2\/types\/product"}],"replies":[{"embeddable":true,"href":"https:\/\/www.dxnwellness.eu\/es\/fr\/wp-json\/wp\/v2\/comments?post=397"}],"wp:featuredmedia":[{"embeddable":true,"href":"https:\/\/www.dxnwellness.eu\/es\/fr\/wp-json\/wp\/v2\/media\/605"}],"wp:attachment":[{"href":"https:\/\/www.dxnwellness.eu\/es\/fr\/wp-json\/wp\/v2\/media?parent=397"}],"wp:term":[{"taxonomy":"product_brand","embeddable":true,"href":"https:\/\/www.dxnwellness.eu\/es\/fr\/wp-json\/wp\/v2\/product_brand?post=397"},{"taxonomy":"product_cat","embeddable":true,"href":"https:\/\/www.dxnwellness.eu\/es\/fr\/wp-json\/wp\/v2\/product_cat?post=397"},{"taxonomy":"product_tag","embeddable":true,"href":"https:\/\/www.dxnwellness.eu\/es\/fr\/wp-json\/wp\/v2\/product_tag?post=397"}],"curies":[{"name":"wp","href":"https:\/\/api.w.org\/{rel}","templated":true}]}}