{"id":395,"date":"2025-05-15T00:12:47","date_gmt":"2025-05-14T22:12:47","guid":{"rendered":"https:\/\/www.dxnwellness.eu\/es\/fr\/produit\/dxn-jujube-fruits\/"},"modified":"2025-05-25T02:57:13","modified_gmt":"2025-05-25T00:57:13","slug":"dxn-jujube-fruits","status":"publish","type":"product","link":"https:\/\/www.dxnwellness.eu\/es\/fr\/produit\/dxn-jujube-fruits\/","title":{"rendered":"DXN Jujube Fruits"},"content":{"rendered":"<p>Les jujubes DXN, aussi appel\u00e9s dattes chinoises, sont des fruits secs nutritifs et polyvalents, riches en min\u00e9raux essentiels. Non seulement savoureux, ils offrent \u00e9galement de nombreux bienfaits pour la sant\u00e9. Les jujubes DXN se d\u00e9gustent de multiples fa\u00e7ons, ce qui en fait un en-cas ou un compl\u00e9ment id\u00e9al \u00e0 vos repas.<\/p>\n<p>Riche en fibres : Riche en fibres, le jujube est un excellent en-cas sain. Polyvalent : savourez-le en en-cas, m\u00e9langez-le \u00e0 vos c\u00e9r\u00e9ales ou ajoutez-le \u00e0 vos boissons et soupes pour un apport naturel et sain. Un en-cas savoureux et sain, riche en min\u00e9raux, id\u00e9al pour booster votre alimentation naturellement.<\/p>\n","protected":false},"excerpt":{"rendered":"<p>Les jujubes DXN, aussi appel\u00e9s dattes chinoises, sont des fruits secs nutritifs et polyvalents, riches en min\u00e9raux essentiels. Non seulement savoureux, ils offrent \u00e9galement de nombreux bienfaits pour la sant\u00e9. Les jujubes DXN se d\u00e9gustent de multiples fa\u00e7ons, ce qui en fait un en-cas ou un compl\u00e9ment id\u00e9al \u00e0 vos repas. Riche en fibres : [&hellip;]<\/p>\n","protected":false},"featured_media":604,"comment_status":"open","ping_status":"open","template":"","meta":{"_acf_changed":false},"product_brand":[],"product_cat":[43],"product_tag":[],"class_list":{"0":"post-395","1":"product","2":"type-product","3":"status-publish","4":"has-post-thumbnail","6":"product_cat-aliments","7":"pa_package-300-g","9":"first","10":"instock","11":"purchasable","12":"product-type-simple"},"acf":[],"_links":{"self":[{"href":"https:\/\/www.dxnwellness.eu\/es\/fr\/wp-json\/wp\/v2\/product\/395","targetHints":{"allow":["GET"]}}],"collection":[{"href":"https:\/\/www.dxnwellness.eu\/es\/fr\/wp-json\/wp\/v2\/product"}],"about":[{"href":"https:\/\/www.dxnwellness.eu\/es\/fr\/wp-json\/wp\/v2\/types\/product"}],"replies":[{"embeddable":true,"href":"https:\/\/www.dxnwellness.eu\/es\/fr\/wp-json\/wp\/v2\/comments?post=395"}],"wp:featuredmedia":[{"embeddable":true,"href":"https:\/\/www.dxnwellness.eu\/es\/fr\/wp-json\/wp\/v2\/media\/604"}],"wp:attachment":[{"href":"https:\/\/www.dxnwellness.eu\/es\/fr\/wp-json\/wp\/v2\/media?parent=395"}],"wp:term":[{"taxonomy":"product_brand","embeddable":true,"href":"https:\/\/www.dxnwellness.eu\/es\/fr\/wp-json\/wp\/v2\/product_brand?post=395"},{"taxonomy":"product_cat","embeddable":true,"href":"https:\/\/www.dxnwellness.eu\/es\/fr\/wp-json\/wp\/v2\/product_cat?post=395"},{"taxonomy":"product_tag","embeddable":true,"href":"https:\/\/www.dxnwellness.eu\/es\/fr\/wp-json\/wp\/v2\/product_tag?post=395"}],"curies":[{"name":"wp","href":"https:\/\/api.w.org\/{rel}","templated":true}]}}