{"id":392,"date":"2025-05-15T00:12:43","date_gmt":"2025-05-14T22:12:43","guid":{"rendered":"https:\/\/www.dxnwellness.eu\/es\/fr\/produit\/dxn-oocha-noodle\/"},"modified":"2025-05-25T02:57:15","modified_gmt":"2025-05-25T00:57:15","slug":"dxn-oocha-noodle","status":"publish","type":"product","link":"https:\/\/www.dxnwellness.eu\/es\/fr\/produit\/dxn-oocha-noodle\/","title":{"rendered":"DXN Oocha Noodle"},"content":{"rendered":"<p>Les nouilles Oocha DXN sont un choix d\u00e9licieux et unique, compos\u00e9 de nouilles de bl\u00e9 infus\u00e9es de poudre de th\u00e9 Oolong, offrant un go\u00fbt exquis. Disponibles nature ou Tom Yam, ces nouilles apportent une touche saine \u00e0 vos repas gr\u00e2ce aux bienfaits du th\u00e9 Oolong. Les nouilles Oocha DXN sont s\u00e9ch\u00e9es \u00e0 l&#8217;air libre (et non frites dans l&#8217;huile) et ne contiennent aucun colorant artificiel, ce qui en fait une option saine pour votre alimentation.<\/p>\n<p>Infusion de th\u00e9 Oolong : Un \u00e9quilibre parfait de poudre de th\u00e9 Oolong partiellement ferment\u00e9, offrant une saveur unique et les bienfaits du th\u00e9. Sain et naturel : Pr\u00e9par\u00e9 sans colorant artificiel et s\u00e9ch\u00e9 \u00e0 l&#8217;air libre, il constitue une alternative plus saine aux nouilles saut\u00e9es. Rapide et polyvalent : Facile \u00e0 pr\u00e9parer, il est parfait pour un repas rapide et se d\u00e9guste de multiples fa\u00e7ons, selon votre cr\u00e9ativit\u00e9 culinaire.<\/p>\n","protected":false},"excerpt":{"rendered":"<p>Les nouilles Oocha DXN sont un choix d\u00e9licieux et unique, compos\u00e9 de nouilles de bl\u00e9 infus\u00e9es de poudre de th\u00e9 Oolong, offrant un go\u00fbt exquis. Disponibles nature ou Tom Yam, ces nouilles apportent une touche saine \u00e0 vos repas gr\u00e2ce aux bienfaits du th\u00e9 Oolong. Les nouilles Oocha DXN sont s\u00e9ch\u00e9es \u00e0 l&#8217;air libre (et [&hellip;]<\/p>\n","protected":false},"featured_media":602,"comment_status":"open","ping_status":"open","template":"","meta":{"_acf_changed":false},"product_brand":[],"product_cat":[43],"product_tag":[],"class_list":{"0":"post-392","1":"product","2":"type-product","3":"status-publish","4":"has-post-thumbnail","6":"product_cat-aliments","7":"pa_package-4x75-g","8":"pa_package-4x85-g","10":"first","11":"instock","12":"purchasable","13":"product-type-variable"},"acf":[],"_links":{"self":[{"href":"https:\/\/www.dxnwellness.eu\/es\/fr\/wp-json\/wp\/v2\/product\/392","targetHints":{"allow":["GET"]}}],"collection":[{"href":"https:\/\/www.dxnwellness.eu\/es\/fr\/wp-json\/wp\/v2\/product"}],"about":[{"href":"https:\/\/www.dxnwellness.eu\/es\/fr\/wp-json\/wp\/v2\/types\/product"}],"replies":[{"embeddable":true,"href":"https:\/\/www.dxnwellness.eu\/es\/fr\/wp-json\/wp\/v2\/comments?post=392"}],"wp:featuredmedia":[{"embeddable":true,"href":"https:\/\/www.dxnwellness.eu\/es\/fr\/wp-json\/wp\/v2\/media\/602"}],"wp:attachment":[{"href":"https:\/\/www.dxnwellness.eu\/es\/fr\/wp-json\/wp\/v2\/media?parent=392"}],"wp:term":[{"taxonomy":"product_brand","embeddable":true,"href":"https:\/\/www.dxnwellness.eu\/es\/fr\/wp-json\/wp\/v2\/product_brand?post=392"},{"taxonomy":"product_cat","embeddable":true,"href":"https:\/\/www.dxnwellness.eu\/es\/fr\/wp-json\/wp\/v2\/product_cat?post=392"},{"taxonomy":"product_tag","embeddable":true,"href":"https:\/\/www.dxnwellness.eu\/es\/fr\/wp-json\/wp\/v2\/product_tag?post=392"}],"curies":[{"name":"wp","href":"https:\/\/api.w.org\/{rel}","templated":true}]}}