{"id":389,"date":"2025-05-15T00:12:43","date_gmt":"2025-05-14T22:12:43","guid":{"rendered":"https:\/\/www.dxnwellness.eu\/es\/fr\/produit\/dxn-spirudle\/"},"modified":"2025-05-25T02:57:15","modified_gmt":"2025-05-25T00:57:15","slug":"dxn-spirudle","status":"publish","type":"product","link":"https:\/\/www.dxnwellness.eu\/es\/fr\/produit\/dxn-spirudle\/","title":{"rendered":"DXN Spirudle"},"content":{"rendered":"<p>DXN Spirudle propose une d\u00e9licieuse et nutritive option de nouilles \u00e0 base de bl\u00e9 m\u00e9lang\u00e9 \u00e0 de la poudre de spiruline, un superaliment puissant. Disponibles en deux vari\u00e9t\u00e9s all\u00e9chantes \u2013 nature et saveur Tom Yam \u2013 ces nouilles sont faciles \u00e0 pr\u00e9parer et constituent un repas rapide et sain. Les DXN Spirudle sont s\u00e9ch\u00e9es \u00e0 l&#8217;air libre, non frites \u00e0 l&#8217;huile, et ne contiennent aucun colorant artificiel, garantissant ainsi un choix plus sain et \u00e9quilibr\u00e9. DXN Spirudle \u2013 Une option rapide, saine et d\u00e9licieuse, avec le pouvoir de la spiruline, disponible en deux saveurs all\u00e9chantes pour tous les go\u00fbts !<\/p>\n<p>\u00c0 la spiruline : Fabriqu\u00e9 \u00e0 partir de poudre de spiruline, un superaliment riche en nutriments et en min\u00e9raux. Ingr\u00e9dients naturels : Sans colorants ni conservateurs artificiels, pour une alimentation pure et saine. Rapide et pratique : Facile \u00e0 pr\u00e9parer pour un repas rapide et sain \u00e0 tout moment. S\u00e9ch\u00e9 \u00e0 l\u2019air libre : Plus sain que les nouilles saut\u00e9es, il conserve tous ses bienfaits naturels sans exc\u00e8s d\u2019huile.<\/p>\n","protected":false},"excerpt":{"rendered":"<p>DXN Spirudle propose une d\u00e9licieuse et nutritive option de nouilles \u00e0 base de bl\u00e9 m\u00e9lang\u00e9 \u00e0 de la poudre de spiruline, un superaliment puissant. Disponibles en deux vari\u00e9t\u00e9s all\u00e9chantes \u2013 nature et saveur Tom Yam \u2013 ces nouilles sont faciles \u00e0 pr\u00e9parer et constituent un repas rapide et sain. Les DXN Spirudle sont s\u00e9ch\u00e9es \u00e0 [&hellip;]<\/p>\n","protected":false},"featured_media":600,"comment_status":"open","ping_status":"open","template":"","meta":{"_acf_changed":false},"product_brand":[],"product_cat":[43],"product_tag":[],"class_list":{"0":"post-389","1":"product","2":"type-product","3":"status-publish","4":"has-post-thumbnail","6":"product_cat-aliments","7":"pa_package-4x75-g","8":"pa_package-4x85-g","10":"first","11":"instock","12":"purchasable","13":"product-type-variable"},"acf":[],"_links":{"self":[{"href":"https:\/\/www.dxnwellness.eu\/es\/fr\/wp-json\/wp\/v2\/product\/389","targetHints":{"allow":["GET"]}}],"collection":[{"href":"https:\/\/www.dxnwellness.eu\/es\/fr\/wp-json\/wp\/v2\/product"}],"about":[{"href":"https:\/\/www.dxnwellness.eu\/es\/fr\/wp-json\/wp\/v2\/types\/product"}],"replies":[{"embeddable":true,"href":"https:\/\/www.dxnwellness.eu\/es\/fr\/wp-json\/wp\/v2\/comments?post=389"}],"wp:featuredmedia":[{"embeddable":true,"href":"https:\/\/www.dxnwellness.eu\/es\/fr\/wp-json\/wp\/v2\/media\/600"}],"wp:attachment":[{"href":"https:\/\/www.dxnwellness.eu\/es\/fr\/wp-json\/wp\/v2\/media?parent=389"}],"wp:term":[{"taxonomy":"product_brand","embeddable":true,"href":"https:\/\/www.dxnwellness.eu\/es\/fr\/wp-json\/wp\/v2\/product_brand?post=389"},{"taxonomy":"product_cat","embeddable":true,"href":"https:\/\/www.dxnwellness.eu\/es\/fr\/wp-json\/wp\/v2\/product_cat?post=389"},{"taxonomy":"product_tag","embeddable":true,"href":"https:\/\/www.dxnwellness.eu\/es\/fr\/wp-json\/wp\/v2\/product_tag?post=389"}],"curies":[{"name":"wp","href":"https:\/\/api.w.org\/{rel}","templated":true}]}}