{"id":387,"date":"2025-05-15T00:12:43","date_gmt":"2025-05-14T22:12:43","guid":{"rendered":"https:\/\/www.dxnwellness.eu\/es\/fr\/produit\/dxn-apple-fermented-jam\/"},"modified":"2025-05-25T02:57:13","modified_gmt":"2025-05-25T00:57:13","slug":"dxn-apple-fermented-jam","status":"publish","type":"product","link":"https:\/\/www.dxnwellness.eu\/es\/fr\/produit\/dxn-apple-fermented-jam\/","title":{"rendered":"DXN Apple Fermented Jam"},"content":{"rendered":"<p>La confiture de pommes ferment\u00e9e DXN, D\u00e9lice sucr\u00e9-acidul\u00e9, offre une saveur aigre-douce unique qui deviendra vite un incontournable de votre cuisine. Fabriqu\u00e9e \u00e0 partir de pommes ferment\u00e9es, cette confiture est parfaite pour tartiner des p\u00e2tisseries, des cr\u00eapes ou pour la p\u00e2tisserie. Vous pouvez \u00e9galement la m\u00e9langer \u00e0 de l&#8217;eau pour une boisson rafra\u00eechissante \u00e0 la pomme. \u00c0 tartiner ou \u00e0 boire, elle offre un go\u00fbt d\u00e9licieux et favorise la digestion. Confiture de pommes ferment\u00e9e DXN \u2013 Un ajout d\u00e9licieux et polyvalent \u00e0 votre garde-manger, qui saura ravir vos papilles et votre digestion !<\/p>\n<p>Polyvalent et d\u00e9licieux : D\u00e9gustez-le en tartinade, en p\u00e2tisserie ou en boisson pour un d\u00e9licieux go\u00fbt de pomme \u00e0 chaque utilisation. Favorise la digestion : Gr\u00e2ce \u00e0 sa base de pomme ferment\u00e9e, cette p\u00e2te favorise le bien-\u00eatre digestif tout en satisfaisant vos papilles. Pratique et savoureux : Parfait pour une utilisation quotidienne rapide dans une vari\u00e9t\u00e9 de repas et d&#8217;en-cas.<\/p>\n","protected":false},"excerpt":{"rendered":"<p>La confiture de pommes ferment\u00e9e DXN, D\u00e9lice sucr\u00e9-acidul\u00e9, offre une saveur aigre-douce unique qui deviendra vite un incontournable de votre cuisine. Fabriqu\u00e9e \u00e0 partir de pommes ferment\u00e9es, cette confiture est parfaite pour tartiner des p\u00e2tisseries, des cr\u00eapes ou pour la p\u00e2tisserie. Vous pouvez \u00e9galement la m\u00e9langer \u00e0 de l&#8217;eau pour une boisson rafra\u00eechissante \u00e0 la [&hellip;]<\/p>\n","protected":false},"featured_media":599,"comment_status":"open","ping_status":"open","template":"","meta":{"_acf_changed":false},"product_brand":[],"product_cat":[43],"product_tag":[],"class_list":{"0":"post-387","1":"product","2":"type-product","3":"status-publish","4":"has-post-thumbnail","6":"product_cat-aliments","7":"pa_package-20-paquets-de-15-g","9":"first","10":"instock","11":"purchasable","12":"product-type-simple"},"acf":[],"_links":{"self":[{"href":"https:\/\/www.dxnwellness.eu\/es\/fr\/wp-json\/wp\/v2\/product\/387","targetHints":{"allow":["GET"]}}],"collection":[{"href":"https:\/\/www.dxnwellness.eu\/es\/fr\/wp-json\/wp\/v2\/product"}],"about":[{"href":"https:\/\/www.dxnwellness.eu\/es\/fr\/wp-json\/wp\/v2\/types\/product"}],"replies":[{"embeddable":true,"href":"https:\/\/www.dxnwellness.eu\/es\/fr\/wp-json\/wp\/v2\/comments?post=387"}],"wp:featuredmedia":[{"embeddable":true,"href":"https:\/\/www.dxnwellness.eu\/es\/fr\/wp-json\/wp\/v2\/media\/599"}],"wp:attachment":[{"href":"https:\/\/www.dxnwellness.eu\/es\/fr\/wp-json\/wp\/v2\/media?parent=387"}],"wp:term":[{"taxonomy":"product_brand","embeddable":true,"href":"https:\/\/www.dxnwellness.eu\/es\/fr\/wp-json\/wp\/v2\/product_brand?post=387"},{"taxonomy":"product_cat","embeddable":true,"href":"https:\/\/www.dxnwellness.eu\/es\/fr\/wp-json\/wp\/v2\/product_cat?post=387"},{"taxonomy":"product_tag","embeddable":true,"href":"https:\/\/www.dxnwellness.eu\/es\/fr\/wp-json\/wp\/v2\/product_tag?post=387"}],"curies":[{"name":"wp","href":"https:\/\/api.w.org\/{rel}","templated":true}]}}